{"id":6025,"date":"2025-01-03T20:40:08","date_gmt":"2025-01-03T19:40:08","guid":{"rendered":"https:\/\/bodegaehd.com\/tienda\/?post_type=product&#038;p=6025"},"modified":"2026-03-12T14:19:07","modified_gmt":"2026-03-12T13:19:07","slug":"crea-tu-propio-estuche-de-3-botellas","status":"publish","type":"product","link":"https:\/\/bodegaehd.com\/tienda\/producto\/crea-tu-propio-estuche-de-3-botellas\/","title":{"rendered":"Crea tu propia combinaci\u00f3n de vinos Sin alcohol &#8211; Estuche de 3 botellas"},"content":{"rendered":"<p>Te ofrecemos la opci\u00f3n de crear <strong>tu propia combinaci\u00f3n de vinos 0,0<\/strong>, seleccionando entre nuestras exclusivas variedades sin alcohol. De esta forma, podr\u00e1s disfrutar de una oferta adaptada a tus gustos y preferencias, ya sea para una ocasi\u00f3n especial o para disfrutar de un vino sin alcohol en cualquier momento.<\/p>\n","protected":false},"excerpt":{"rendered":"<p>\u00a1Descubre el placer de personalizar tu experiencia de vinos sin alcohol!<\/p>\n","protected":false},"featured_media":6034,"comment_status":"open","ping_status":"closed","template":"","meta":{"inline_featured_image":false,"site-sidebar-layout":"default","site-content-layout":"","ast-site-content-layout":"default","site-content-style":"default","site-sidebar-style":"default","ast-global-header-display":"","ast-banner-title-visibility":"","ast-main-header-display":"","ast-hfb-above-header-display":"","ast-hfb-below-header-display":"","ast-hfb-mobile-header-display":"","site-post-title":"","ast-breadcrumbs-content":"","ast-featured-img":"","footer-sml-layout":"","ast-disable-related-posts":"","theme-transparent-header-meta":"default","adv-header-id-meta":"","stick-header-meta":"default","header-above-stick-meta":"","header-main-stick-meta":"","header-below-stick-meta":"","astra-migrate-meta-layouts":"set","ast-page-background-enabled":"default","ast-page-background-meta":{"desktop":{"background-color":"var(--ast-global-color-4)","background-image":"","background-repeat":"repeat","background-position":"center center","background-size":"auto","background-attachment":"scroll","background-type":"","background-media":"","overlay-type":"","overlay-color":"","overlay-opacity":"","overlay-gradient":""},"tablet":{"background-color":"","background-image":"","background-repeat":"repeat","background-position":"center center","background-size":"auto","background-attachment":"scroll","background-type":"","background-media":"","overlay-type":"","overlay-color":"","overlay-opacity":"","overlay-gradient":""},"mobile":{"background-color":"","background-image":"","background-repeat":"repeat","background-position":"center center","background-size":"auto","background-attachment":"scroll","background-type":"","background-media":"","overlay-type":"","overlay-color":"","overlay-opacity":"","overlay-gradient":""}},"ast-content-background-meta":{"desktop":{"background-color":"var(--ast-global-color-5)","background-image":"","background-repeat":"repeat","background-position":"center center","background-size":"auto","background-attachment":"scroll","background-type":"","background-media":"","overlay-type":"","overlay-color":"","overlay-opacity":"","overlay-gradient":""},"tablet":{"background-color":"var(--ast-global-color-5)","background-image":"","background-repeat":"repeat","background-position":"center center","background-size":"auto","background-attachment":"scroll","background-type":"","background-media":"","overlay-type":"","overlay-color":"","overlay-opacity":"","overlay-gradient":""},"mobile":{"background-color":"var(--ast-global-color-5)","background-image":"","background-repeat":"repeat","background-position":"center center","background-size":"auto","background-attachment":"scroll","background-type":"","background-media":"","overlay-type":"","overlay-color":"","overlay-opacity":"","overlay-gradient":""}}},"product_brand":[],"product_cat":[23,134],"product_tag":[],"class_list":{"0":"post-6025","1":"product","2":"type-product","3":"status-publish","4":"has-post-thumbnail","6":"product_cat-vinos","7":"product_cat-vinos-00","8":"desktop-align-left","9":"tablet-align-left","10":"mobile-align-left","11":"ast-product-gallery-layout-horizontal-slider","12":"ast-product-gallery-with-no-image","13":"ast-product-single-variable","14":"ast-product-tabs-layout-horizontal","16":"first","17":"outofstock","18":"taxable","19":"shipping-taxable","20":"purchasable","21":"product-type-variable"},"yoast_head":"<!-- This site is optimized with the Yoast SEO plugin v27.2 - https:\/\/yoast.com\/product\/yoast-seo-wordpress\/ -->\n<title>Crea tu propia combinaci\u00f3n de vinos Sin alcohol - Estuche de 3 botellas - Vinos y subproductos org\u00e1nicos y ecol\u00f3gicos<\/title>\n<meta name=\"robots\" content=\"index, follow, max-snippet:-1, max-image-preview:large, max-video-preview:-1\" \/>\n<link rel=\"canonical\" href=\"https:\/\/bodegaehd.com\/tienda\/producto\/crea-tu-propio-estuche-de-3-botellas\/\" \/>\n<meta property=\"og:locale\" content=\"es_ES\" \/>\n<meta property=\"og:type\" content=\"article\" \/>\n<meta property=\"og:title\" content=\"Crea tu propia combinaci\u00f3n de vinos Sin alcohol - Estuche de 3 botellas - Vinos y subproductos org\u00e1nicos y ecol\u00f3gicos\" \/>\n<meta property=\"og:description\" content=\"\u00a1Descubre el placer de personalizar tu experiencia de vinos sin alcohol!\" \/>\n<meta property=\"og:url\" content=\"https:\/\/bodegaehd.com\/tienda\/producto\/crea-tu-propio-estuche-de-3-botellas\/\" \/>\n<meta property=\"og:site_name\" content=\"Vinos y subproductos org\u00e1nicos y ecol\u00f3gicos\" \/>\n<meta property=\"article:publisher\" content=\"https:\/\/www.facebook.com\/EHDBioOrganic\" \/>\n<meta property=\"article:modified_time\" content=\"2026-03-12T13:19:07+00:00\" \/>\n<meta property=\"og:image\" content=\"https:\/\/bodegaehd.com\/tienda\/wp-content\/uploads\/2025\/01\/NO-ADDED-SULTIFES-1024x1024.png\" \/>\n\t<meta property=\"og:image:width\" content=\"1024\" \/>\n\t<meta property=\"og:image:height\" content=\"1024\" \/>\n\t<meta property=\"og:image:type\" content=\"image\/png\" \/>\n<meta name=\"twitter:card\" content=\"summary_large_image\" \/>\n<meta name=\"twitter:site\" content=\"@EHDBioOrganic\" \/>\n<meta name=\"twitter:label1\" content=\"Tiempo de lectura\" \/>\n\t<meta name=\"twitter:data1\" content=\"1 minuto\" \/>\n<script type=\"application\/ld+json\" class=\"yoast-schema-graph\">{\"@context\":\"https:\/\/schema.org\",\"@graph\":[{\"@type\":\"WebPage\",\"@id\":\"https:\/\/bodegaehd.com\/tienda\/producto\/crea-tu-propio-estuche-de-3-botellas\/\",\"url\":\"https:\/\/bodegaehd.com\/tienda\/producto\/crea-tu-propio-estuche-de-3-botellas\/\",\"name\":\"Crea tu propia combinaci\u00f3n de vinos Sin alcohol - Estuche de 3 botellas - Vinos y subproductos org\u00e1nicos y ecol\u00f3gicos\",\"isPartOf\":{\"@id\":\"https:\/\/bodegaehd.com\/tienda\/#website\"},\"primaryImageOfPage\":{\"@id\":\"https:\/\/bodegaehd.com\/tienda\/producto\/crea-tu-propio-estuche-de-3-botellas\/#primaryimage\"},\"image\":{\"@id\":\"https:\/\/bodegaehd.com\/tienda\/producto\/crea-tu-propio-estuche-de-3-botellas\/#primaryimage\"},\"thumbnailUrl\":\"https:\/\/bodegaehd.com\/tienda\/wp-content\/uploads\/2025\/01\/NO-ADDED-SULTIFES.png\",\"datePublished\":\"2025-01-03T19:40:08+00:00\",\"dateModified\":\"2026-03-12T13:19:07+00:00\",\"breadcrumb\":{\"@id\":\"https:\/\/bodegaehd.com\/tienda\/producto\/crea-tu-propio-estuche-de-3-botellas\/#breadcrumb\"},\"inLanguage\":\"es\",\"potentialAction\":[{\"@type\":\"ReadAction\",\"target\":[\"https:\/\/bodegaehd.com\/tienda\/producto\/crea-tu-propio-estuche-de-3-botellas\/\"]}]},{\"@type\":\"ImageObject\",\"inLanguage\":\"es\",\"@id\":\"https:\/\/bodegaehd.com\/tienda\/producto\/crea-tu-propio-estuche-de-3-botellas\/#primaryimage\",\"url\":\"https:\/\/bodegaehd.com\/tienda\/wp-content\/uploads\/2025\/01\/NO-ADDED-SULTIFES.png\",\"contentUrl\":\"https:\/\/bodegaehd.com\/tienda\/wp-content\/uploads\/2025\/01\/NO-ADDED-SULTIFES.png\",\"width\":3780,\"height\":3780},{\"@type\":\"BreadcrumbList\",\"@id\":\"https:\/\/bodegaehd.com\/tienda\/producto\/crea-tu-propio-estuche-de-3-botellas\/#breadcrumb\",\"itemListElement\":[{\"@type\":\"ListItem\",\"position\":1,\"name\":\"Portada\",\"item\":\"https:\/\/bodegaehd.com\/tienda\/\"},{\"@type\":\"ListItem\",\"position\":2,\"name\":\"Shop\",\"item\":\"https:\/\/bodegaehd.com\/tienda\/en\/shop\/\"},{\"@type\":\"ListItem\",\"position\":3,\"name\":\"Crea tu propia combinaci\u00f3n de vinos Sin alcohol &#8211; Estuche de 3 botellas\"}]},{\"@type\":\"WebSite\",\"@id\":\"https:\/\/bodegaehd.com\/tienda\/#website\",\"url\":\"https:\/\/bodegaehd.com\/tienda\/\",\"name\":\"Vinos y subproductos org\u00e1nicos y ecol\u00f3gicos\",\"description\":\"Agricultura ecol\u00f3gica y sostenible\",\"publisher\":{\"@id\":\"https:\/\/bodegaehd.com\/tienda\/#organization\"},\"potentialAction\":[{\"@type\":\"SearchAction\",\"target\":{\"@type\":\"EntryPoint\",\"urlTemplate\":\"https:\/\/bodegaehd.com\/tienda\/?s={search_term_string}\"},\"query-input\":{\"@type\":\"PropertyValueSpecification\",\"valueRequired\":true,\"valueName\":\"search_term_string\"}}],\"inLanguage\":\"es\"},{\"@type\":\"Organization\",\"@id\":\"https:\/\/bodegaehd.com\/tienda\/#organization\",\"name\":\"Explotaciones Hermanos Delgado SL\",\"url\":\"https:\/\/bodegaehd.com\/tienda\/\",\"logo\":{\"@type\":\"ImageObject\",\"inLanguage\":\"es\",\"@id\":\"https:\/\/bodegaehd.com\/tienda\/#\/schema\/logo\/image\/\",\"url\":\"http:\/\/bodegaehd.com\/tienda\/wp-content\/uploads\/2020\/05\/EHD-Logo-EHD-color.png\",\"contentUrl\":\"http:\/\/bodegaehd.com\/tienda\/wp-content\/uploads\/2020\/05\/EHD-Logo-EHD-color.png\",\"width\":715,\"height\":530,\"caption\":\"Explotaciones Hermanos Delgado SL\"},\"image\":{\"@id\":\"https:\/\/bodegaehd.com\/tienda\/#\/schema\/logo\/image\/\"},\"sameAs\":[\"https:\/\/www.facebook.com\/EHDBioOrganic\",\"https:\/\/x.com\/EHDBioOrganic\"]}]}<\/script>\n<!-- \/ Yoast SEO plugin. -->","yoast_head_json":{"title":"Crea tu propia combinaci\u00f3n de vinos Sin alcohol - Estuche de 3 botellas - Vinos y subproductos org\u00e1nicos y ecol\u00f3gicos","robots":{"index":"index","follow":"follow","max-snippet":"max-snippet:-1","max-image-preview":"max-image-preview:large","max-video-preview":"max-video-preview:-1"},"canonical":"https:\/\/bodegaehd.com\/tienda\/producto\/crea-tu-propio-estuche-de-3-botellas\/","og_locale":"es_ES","og_type":"article","og_title":"Crea tu propia combinaci\u00f3n de vinos Sin alcohol - Estuche de 3 botellas - Vinos y subproductos org\u00e1nicos y ecol\u00f3gicos","og_description":"\u00a1Descubre el placer de personalizar tu experiencia de vinos sin alcohol!","og_url":"https:\/\/bodegaehd.com\/tienda\/producto\/crea-tu-propio-estuche-de-3-botellas\/","og_site_name":"Vinos y subproductos org\u00e1nicos y ecol\u00f3gicos","article_publisher":"https:\/\/www.facebook.com\/EHDBioOrganic","article_modified_time":"2026-03-12T13:19:07+00:00","og_image":[{"width":1024,"height":1024,"url":"https:\/\/bodegaehd.com\/tienda\/wp-content\/uploads\/2025\/01\/NO-ADDED-SULTIFES-1024x1024.png","type":"image\/png"}],"twitter_card":"summary_large_image","twitter_site":"@EHDBioOrganic","twitter_misc":{"Tiempo de lectura":"1 minuto"},"schema":{"@context":"https:\/\/schema.org","@graph":[{"@type":"WebPage","@id":"https:\/\/bodegaehd.com\/tienda\/producto\/crea-tu-propio-estuche-de-3-botellas\/","url":"https:\/\/bodegaehd.com\/tienda\/producto\/crea-tu-propio-estuche-de-3-botellas\/","name":"Crea tu propia combinaci\u00f3n de vinos Sin alcohol - Estuche de 3 botellas - Vinos y subproductos org\u00e1nicos y ecol\u00f3gicos","isPartOf":{"@id":"https:\/\/bodegaehd.com\/tienda\/#website"},"primaryImageOfPage":{"@id":"https:\/\/bodegaehd.com\/tienda\/producto\/crea-tu-propio-estuche-de-3-botellas\/#primaryimage"},"image":{"@id":"https:\/\/bodegaehd.com\/tienda\/producto\/crea-tu-propio-estuche-de-3-botellas\/#primaryimage"},"thumbnailUrl":"https:\/\/bodegaehd.com\/tienda\/wp-content\/uploads\/2025\/01\/NO-ADDED-SULTIFES.png","datePublished":"2025-01-03T19:40:08+00:00","dateModified":"2026-03-12T13:19:07+00:00","breadcrumb":{"@id":"https:\/\/bodegaehd.com\/tienda\/producto\/crea-tu-propio-estuche-de-3-botellas\/#breadcrumb"},"inLanguage":"es","potentialAction":[{"@type":"ReadAction","target":["https:\/\/bodegaehd.com\/tienda\/producto\/crea-tu-propio-estuche-de-3-botellas\/"]}]},{"@type":"ImageObject","inLanguage":"es","@id":"https:\/\/bodegaehd.com\/tienda\/producto\/crea-tu-propio-estuche-de-3-botellas\/#primaryimage","url":"https:\/\/bodegaehd.com\/tienda\/wp-content\/uploads\/2025\/01\/NO-ADDED-SULTIFES.png","contentUrl":"https:\/\/bodegaehd.com\/tienda\/wp-content\/uploads\/2025\/01\/NO-ADDED-SULTIFES.png","width":3780,"height":3780},{"@type":"BreadcrumbList","@id":"https:\/\/bodegaehd.com\/tienda\/producto\/crea-tu-propio-estuche-de-3-botellas\/#breadcrumb","itemListElement":[{"@type":"ListItem","position":1,"name":"Portada","item":"https:\/\/bodegaehd.com\/tienda\/"},{"@type":"ListItem","position":2,"name":"Shop","item":"https:\/\/bodegaehd.com\/tienda\/en\/shop\/"},{"@type":"ListItem","position":3,"name":"Crea tu propia combinaci\u00f3n de vinos Sin alcohol &#8211; Estuche de 3 botellas"}]},{"@type":"WebSite","@id":"https:\/\/bodegaehd.com\/tienda\/#website","url":"https:\/\/bodegaehd.com\/tienda\/","name":"Vinos y subproductos org\u00e1nicos y ecol\u00f3gicos","description":"Agricultura ecol\u00f3gica y sostenible","publisher":{"@id":"https:\/\/bodegaehd.com\/tienda\/#organization"},"potentialAction":[{"@type":"SearchAction","target":{"@type":"EntryPoint","urlTemplate":"https:\/\/bodegaehd.com\/tienda\/?s={search_term_string}"},"query-input":{"@type":"PropertyValueSpecification","valueRequired":true,"valueName":"search_term_string"}}],"inLanguage":"es"},{"@type":"Organization","@id":"https:\/\/bodegaehd.com\/tienda\/#organization","name":"Explotaciones Hermanos Delgado SL","url":"https:\/\/bodegaehd.com\/tienda\/","logo":{"@type":"ImageObject","inLanguage":"es","@id":"https:\/\/bodegaehd.com\/tienda\/#\/schema\/logo\/image\/","url":"http:\/\/bodegaehd.com\/tienda\/wp-content\/uploads\/2020\/05\/EHD-Logo-EHD-color.png","contentUrl":"http:\/\/bodegaehd.com\/tienda\/wp-content\/uploads\/2020\/05\/EHD-Logo-EHD-color.png","width":715,"height":530,"caption":"Explotaciones Hermanos Delgado SL"},"image":{"@id":"https:\/\/bodegaehd.com\/tienda\/#\/schema\/logo\/image\/"},"sameAs":["https:\/\/www.facebook.com\/EHDBioOrganic","https:\/\/x.com\/EHDBioOrganic"]}]}},"_links":{"self":[{"href":"https:\/\/bodegaehd.com\/tienda\/wp-json\/wp\/v2\/product\/6025","targetHints":{"allow":["GET"]}}],"collection":[{"href":"https:\/\/bodegaehd.com\/tienda\/wp-json\/wp\/v2\/product"}],"about":[{"href":"https:\/\/bodegaehd.com\/tienda\/wp-json\/wp\/v2\/types\/product"}],"replies":[{"embeddable":true,"href":"https:\/\/bodegaehd.com\/tienda\/wp-json\/wp\/v2\/comments?post=6025"}],"wp:featuredmedia":[{"embeddable":true,"href":"https:\/\/bodegaehd.com\/tienda\/wp-json\/wp\/v2\/media\/6034"}],"wp:attachment":[{"href":"https:\/\/bodegaehd.com\/tienda\/wp-json\/wp\/v2\/media?parent=6025"}],"wp:term":[{"taxonomy":"product_brand","embeddable":true,"href":"https:\/\/bodegaehd.com\/tienda\/wp-json\/wp\/v2\/product_brand?post=6025"},{"taxonomy":"product_cat","embeddable":true,"href":"https:\/\/bodegaehd.com\/tienda\/wp-json\/wp\/v2\/product_cat?post=6025"},{"taxonomy":"product_tag","embeddable":true,"href":"https:\/\/bodegaehd.com\/tienda\/wp-json\/wp\/v2\/product_tag?post=6025"}],"curies":[{"name":"wp","href":"https:\/\/api.w.org\/{rel}","templated":true}]}}