{"id":5997,"date":"2025-01-03T18:39:34","date_gmt":"2025-01-03T17:39:34","guid":{"rendered":"https:\/\/bodegaehd.com\/tienda\/?post_type=product&#038;p=5997"},"modified":"2026-02-26T12:27:56","modified_gmt":"2026-02-26T11:27:56","slug":"vino-tinto-00-sin-alcohol","status":"publish","type":"product","link":"https:\/\/bodegaehd.com\/tienda\/producto\/vino-tinto-00-sin-alcohol\/","title":{"rendered":"Vino Tinto 0,0% &#8211; Sin Alcohol"},"content":{"rendered":"<p>Redescubre el placer de un buen vino sin alcohol y con control de az\u00facar, con nuestro <strong>Vino Tinto 0,0 Garnacha<\/strong>. Gracias a un proceso innovador de maridaje entre el mosto y la piel de la uva, hemos logrado capturar toda la esencia de la variedad Garnacha, manteniendo su sabor aut\u00e9ntico y natural sin los efectos del alcohol y con un nivel de az\u00facar equilibrado.<\/p>\n<p>Lo mejor de todo es que <strong>Vino Tinto 0,0% <\/strong>est\u00e1 especialmente formulado para quienes buscan una opci\u00f3n saludable, con un control riguroso de los niveles de az\u00facar, lo que lo convierte en una opci\u00f3n ligera y perfecta para quienes cuidan su ingesta de calor\u00edas y az\u00facares.<\/p>\n<p><strong>Caracter\u00edsticas:<\/strong><\/p>\n<ul>\n<li><strong>Variedad de uva<\/strong>: Garnacha<\/li>\n<li><strong>Proceso de elaboraci\u00f3n<\/strong>: Maridaje natural entre el mosto y la piel de la uva, preservando todo su sabor sin alcohol y con un control de az\u00facar.<\/li>\n<li><strong>Notas de cata<\/strong>: Cereza madura, frutos rojos, especias sutiles.<\/li>\n<li><strong>Sin alcohol<\/strong>: 0,0%<\/li>\n<li><strong>Control de az\u00facar<\/strong>: Formulado para mantener niveles bajos de az\u00facar, perfecto para quienes cuidan su salud y su dieta.<\/li>\n<li><strong>Ideal para<\/strong>: Acompa\u00f1ar tapas, platos ligeros, ensaladas o disfrutar como una opci\u00f3n refrescante a cualquier hora del d\u00eda.<\/li>\n<li><strong>Perfecto para<\/strong>: Aquellos que desean un vino con menos calor\u00edas y az\u00facar, sin renunciar al sabor y la calidad.<\/li>\n<\/ul>\n<p>&nbsp;<\/p>\n","protected":false},"excerpt":{"rendered":"<p>Con nuestro\u00a0 <strong>Vino Tinto 0,0%<\/strong>, disfruta de una experiencia plena y saludable, sin renunciar a la riqueza del vino.<\/p>\n","protected":false},"featured_media":6017,"comment_status":"open","ping_status":"closed","template":"","meta":{"inline_featured_image":false,"site-sidebar-layout":"default","site-content-layout":"","ast-site-content-layout":"default","site-content-style":"default","site-sidebar-style":"default","ast-global-header-display":"","ast-banner-title-visibility":"","ast-main-header-display":"","ast-hfb-above-header-display":"","ast-hfb-below-header-display":"","ast-hfb-mobile-header-display":"","site-post-title":"","ast-breadcrumbs-content":"","ast-featured-img":"","footer-sml-layout":"","ast-disable-related-posts":"","theme-transparent-header-meta":"default","adv-header-id-meta":"","stick-header-meta":"default","header-above-stick-meta":"","header-main-stick-meta":"","header-below-stick-meta":"","astra-migrate-meta-layouts":"set","ast-page-background-enabled":"default","ast-page-background-meta":{"desktop":{"background-color":"var(--ast-global-color-4)","background-image":"","background-repeat":"repeat","background-position":"center center","background-size":"auto","background-attachment":"scroll","background-type":"","background-media":"","overlay-type":"","overlay-color":"","overlay-opacity":"","overlay-gradient":""},"tablet":{"background-color":"","background-image":"","background-repeat":"repeat","background-position":"center center","background-size":"auto","background-attachment":"scroll","background-type":"","background-media":"","overlay-type":"","overlay-color":"","overlay-opacity":"","overlay-gradient":""},"mobile":{"background-color":"","background-image":"","background-repeat":"repeat","background-position":"center center","background-size":"auto","background-attachment":"scroll","background-type":"","background-media":"","overlay-type":"","overlay-color":"","overlay-opacity":"","overlay-gradient":""}},"ast-content-background-meta":{"desktop":{"background-color":"var(--ast-global-color-5)","background-image":"","background-repeat":"repeat","background-position":"center center","background-size":"auto","background-attachment":"scroll","background-type":"","background-media":"","overlay-type":"","overlay-color":"","overlay-opacity":"","overlay-gradient":""},"tablet":{"background-color":"var(--ast-global-color-5)","background-image":"","background-repeat":"repeat","background-position":"center center","background-size":"auto","background-attachment":"scroll","background-type":"","background-media":"","overlay-type":"","overlay-color":"","overlay-opacity":"","overlay-gradient":""},"mobile":{"background-color":"var(--ast-global-color-5)","background-image":"","background-repeat":"repeat","background-position":"center center","background-size":"auto","background-attachment":"scroll","background-type":"","background-media":"","overlay-type":"","overlay-color":"","overlay-opacity":"","overlay-gradient":""}}},"product_brand":[],"product_cat":[23,134],"product_tag":[],"class_list":{"0":"post-5997","1":"product","2":"type-product","3":"status-publish","4":"has-post-thumbnail","6":"product_cat-vinos","7":"product_cat-vinos-00","8":"desktop-align-left","9":"tablet-align-left","10":"mobile-align-left","11":"ast-product-gallery-layout-horizontal-slider","12":"ast-product-single-variable","13":"ast-product-tabs-layout-horizontal","15":"first","16":"outofstock","17":"taxable","18":"shipping-taxable","19":"purchasable","20":"product-type-variable"},"yoast_head":"<!-- This site is optimized with the Yoast SEO plugin v27.2 - https:\/\/yoast.com\/product\/yoast-seo-wordpress\/ -->\n<title>Vino Tinto 0,0% - Sin Alcohol - Vinos y subproductos org\u00e1nicos y ecol\u00f3gicos<\/title>\n<meta name=\"robots\" content=\"index, follow, max-snippet:-1, max-image-preview:large, max-video-preview:-1\" \/>\n<link rel=\"canonical\" href=\"https:\/\/bodegaehd.com\/tienda\/producto\/vino-tinto-00-sin-alcohol\/\" \/>\n<meta property=\"og:locale\" content=\"es_ES\" \/>\n<meta property=\"og:type\" content=\"article\" \/>\n<meta property=\"og:title\" content=\"Vino Tinto 0,0% - Sin Alcohol - Vinos y subproductos org\u00e1nicos y ecol\u00f3gicos\" \/>\n<meta property=\"og:description\" content=\"Con nuestro\u00a0 Vino Tinto 0,0%, disfruta de una experiencia plena y saludable, sin renunciar a la riqueza del vino.\" \/>\n<meta property=\"og:url\" content=\"https:\/\/bodegaehd.com\/tienda\/producto\/vino-tinto-00-sin-alcohol\/\" \/>\n<meta property=\"og:site_name\" content=\"Vinos y subproductos org\u00e1nicos y ecol\u00f3gicos\" \/>\n<meta property=\"article:publisher\" content=\"https:\/\/www.facebook.com\/EHDBioOrganic\" \/>\n<meta property=\"article:modified_time\" content=\"2026-02-26T11:27:56+00:00\" \/>\n<meta property=\"og:image\" content=\"https:\/\/bodegaehd.com\/tienda\/wp-content\/uploads\/2025\/01\/121-1-1024x1024.png\" \/>\n\t<meta property=\"og:image:width\" content=\"1024\" \/>\n\t<meta property=\"og:image:height\" content=\"1024\" \/>\n\t<meta property=\"og:image:type\" content=\"image\/png\" \/>\n<meta name=\"twitter:card\" content=\"summary_large_image\" \/>\n<meta name=\"twitter:site\" content=\"@EHDBioOrganic\" \/>\n<meta name=\"twitter:label1\" content=\"Tiempo de lectura\" \/>\n\t<meta name=\"twitter:data1\" content=\"2 minutos\" \/>\n<script type=\"application\/ld+json\" class=\"yoast-schema-graph\">{\"@context\":\"https:\/\/schema.org\",\"@graph\":[{\"@type\":\"WebPage\",\"@id\":\"https:\/\/bodegaehd.com\/tienda\/producto\/vino-tinto-00-sin-alcohol\/\",\"url\":\"https:\/\/bodegaehd.com\/tienda\/producto\/vino-tinto-00-sin-alcohol\/\",\"name\":\"Vino Tinto 0,0% - Sin Alcohol - Vinos y subproductos org\u00e1nicos y ecol\u00f3gicos\",\"isPartOf\":{\"@id\":\"https:\/\/bodegaehd.com\/tienda\/#website\"},\"primaryImageOfPage\":{\"@id\":\"https:\/\/bodegaehd.com\/tienda\/producto\/vino-tinto-00-sin-alcohol\/#primaryimage\"},\"image\":{\"@id\":\"https:\/\/bodegaehd.com\/tienda\/producto\/vino-tinto-00-sin-alcohol\/#primaryimage\"},\"thumbnailUrl\":\"https:\/\/bodegaehd.com\/tienda\/wp-content\/uploads\/2025\/01\/121-1.png\",\"datePublished\":\"2025-01-03T17:39:34+00:00\",\"dateModified\":\"2026-02-26T11:27:56+00:00\",\"breadcrumb\":{\"@id\":\"https:\/\/bodegaehd.com\/tienda\/producto\/vino-tinto-00-sin-alcohol\/#breadcrumb\"},\"inLanguage\":\"es\",\"potentialAction\":[{\"@type\":\"ReadAction\",\"target\":[\"https:\/\/bodegaehd.com\/tienda\/producto\/vino-tinto-00-sin-alcohol\/\"]}]},{\"@type\":\"ImageObject\",\"inLanguage\":\"es\",\"@id\":\"https:\/\/bodegaehd.com\/tienda\/producto\/vino-tinto-00-sin-alcohol\/#primaryimage\",\"url\":\"https:\/\/bodegaehd.com\/tienda\/wp-content\/uploads\/2025\/01\/121-1.png\",\"contentUrl\":\"https:\/\/bodegaehd.com\/tienda\/wp-content\/uploads\/2025\/01\/121-1.png\",\"width\":3780,\"height\":3780},{\"@type\":\"BreadcrumbList\",\"@id\":\"https:\/\/bodegaehd.com\/tienda\/producto\/vino-tinto-00-sin-alcohol\/#breadcrumb\",\"itemListElement\":[{\"@type\":\"ListItem\",\"position\":1,\"name\":\"Portada\",\"item\":\"https:\/\/bodegaehd.com\/tienda\/\"},{\"@type\":\"ListItem\",\"position\":2,\"name\":\"Shop\",\"item\":\"https:\/\/bodegaehd.com\/tienda\/en\/shop\/\"},{\"@type\":\"ListItem\",\"position\":3,\"name\":\"Vino Tinto 0,0% &#8211; Sin Alcohol\"}]},{\"@type\":\"WebSite\",\"@id\":\"https:\/\/bodegaehd.com\/tienda\/#website\",\"url\":\"https:\/\/bodegaehd.com\/tienda\/\",\"name\":\"Vinos y subproductos org\u00e1nicos y ecol\u00f3gicos\",\"description\":\"Agricultura ecol\u00f3gica y sostenible\",\"publisher\":{\"@id\":\"https:\/\/bodegaehd.com\/tienda\/#organization\"},\"potentialAction\":[{\"@type\":\"SearchAction\",\"target\":{\"@type\":\"EntryPoint\",\"urlTemplate\":\"https:\/\/bodegaehd.com\/tienda\/?s={search_term_string}\"},\"query-input\":{\"@type\":\"PropertyValueSpecification\",\"valueRequired\":true,\"valueName\":\"search_term_string\"}}],\"inLanguage\":\"es\"},{\"@type\":\"Organization\",\"@id\":\"https:\/\/bodegaehd.com\/tienda\/#organization\",\"name\":\"Explotaciones Hermanos Delgado SL\",\"url\":\"https:\/\/bodegaehd.com\/tienda\/\",\"logo\":{\"@type\":\"ImageObject\",\"inLanguage\":\"es\",\"@id\":\"https:\/\/bodegaehd.com\/tienda\/#\/schema\/logo\/image\/\",\"url\":\"http:\/\/bodegaehd.com\/tienda\/wp-content\/uploads\/2020\/05\/EHD-Logo-EHD-color.png\",\"contentUrl\":\"http:\/\/bodegaehd.com\/tienda\/wp-content\/uploads\/2020\/05\/EHD-Logo-EHD-color.png\",\"width\":715,\"height\":530,\"caption\":\"Explotaciones Hermanos Delgado SL\"},\"image\":{\"@id\":\"https:\/\/bodegaehd.com\/tienda\/#\/schema\/logo\/image\/\"},\"sameAs\":[\"https:\/\/www.facebook.com\/EHDBioOrganic\",\"https:\/\/x.com\/EHDBioOrganic\"]}]}<\/script>\n<!-- \/ Yoast SEO plugin. -->","yoast_head_json":{"title":"Vino Tinto 0,0% - Sin Alcohol - Vinos y subproductos org\u00e1nicos y ecol\u00f3gicos","robots":{"index":"index","follow":"follow","max-snippet":"max-snippet:-1","max-image-preview":"max-image-preview:large","max-video-preview":"max-video-preview:-1"},"canonical":"https:\/\/bodegaehd.com\/tienda\/producto\/vino-tinto-00-sin-alcohol\/","og_locale":"es_ES","og_type":"article","og_title":"Vino Tinto 0,0% - Sin Alcohol - Vinos y subproductos org\u00e1nicos y ecol\u00f3gicos","og_description":"Con nuestro\u00a0 Vino Tinto 0,0%, disfruta de una experiencia plena y saludable, sin renunciar a la riqueza del vino.","og_url":"https:\/\/bodegaehd.com\/tienda\/producto\/vino-tinto-00-sin-alcohol\/","og_site_name":"Vinos y subproductos org\u00e1nicos y ecol\u00f3gicos","article_publisher":"https:\/\/www.facebook.com\/EHDBioOrganic","article_modified_time":"2026-02-26T11:27:56+00:00","og_image":[{"width":1024,"height":1024,"url":"https:\/\/bodegaehd.com\/tienda\/wp-content\/uploads\/2025\/01\/121-1-1024x1024.png","type":"image\/png"}],"twitter_card":"summary_large_image","twitter_site":"@EHDBioOrganic","twitter_misc":{"Tiempo de lectura":"2 minutos"},"schema":{"@context":"https:\/\/schema.org","@graph":[{"@type":"WebPage","@id":"https:\/\/bodegaehd.com\/tienda\/producto\/vino-tinto-00-sin-alcohol\/","url":"https:\/\/bodegaehd.com\/tienda\/producto\/vino-tinto-00-sin-alcohol\/","name":"Vino Tinto 0,0% - Sin Alcohol - Vinos y subproductos org\u00e1nicos y ecol\u00f3gicos","isPartOf":{"@id":"https:\/\/bodegaehd.com\/tienda\/#website"},"primaryImageOfPage":{"@id":"https:\/\/bodegaehd.com\/tienda\/producto\/vino-tinto-00-sin-alcohol\/#primaryimage"},"image":{"@id":"https:\/\/bodegaehd.com\/tienda\/producto\/vino-tinto-00-sin-alcohol\/#primaryimage"},"thumbnailUrl":"https:\/\/bodegaehd.com\/tienda\/wp-content\/uploads\/2025\/01\/121-1.png","datePublished":"2025-01-03T17:39:34+00:00","dateModified":"2026-02-26T11:27:56+00:00","breadcrumb":{"@id":"https:\/\/bodegaehd.com\/tienda\/producto\/vino-tinto-00-sin-alcohol\/#breadcrumb"},"inLanguage":"es","potentialAction":[{"@type":"ReadAction","target":["https:\/\/bodegaehd.com\/tienda\/producto\/vino-tinto-00-sin-alcohol\/"]}]},{"@type":"ImageObject","inLanguage":"es","@id":"https:\/\/bodegaehd.com\/tienda\/producto\/vino-tinto-00-sin-alcohol\/#primaryimage","url":"https:\/\/bodegaehd.com\/tienda\/wp-content\/uploads\/2025\/01\/121-1.png","contentUrl":"https:\/\/bodegaehd.com\/tienda\/wp-content\/uploads\/2025\/01\/121-1.png","width":3780,"height":3780},{"@type":"BreadcrumbList","@id":"https:\/\/bodegaehd.com\/tienda\/producto\/vino-tinto-00-sin-alcohol\/#breadcrumb","itemListElement":[{"@type":"ListItem","position":1,"name":"Portada","item":"https:\/\/bodegaehd.com\/tienda\/"},{"@type":"ListItem","position":2,"name":"Shop","item":"https:\/\/bodegaehd.com\/tienda\/en\/shop\/"},{"@type":"ListItem","position":3,"name":"Vino Tinto 0,0% &#8211; Sin Alcohol"}]},{"@type":"WebSite","@id":"https:\/\/bodegaehd.com\/tienda\/#website","url":"https:\/\/bodegaehd.com\/tienda\/","name":"Vinos y subproductos org\u00e1nicos y ecol\u00f3gicos","description":"Agricultura ecol\u00f3gica y sostenible","publisher":{"@id":"https:\/\/bodegaehd.com\/tienda\/#organization"},"potentialAction":[{"@type":"SearchAction","target":{"@type":"EntryPoint","urlTemplate":"https:\/\/bodegaehd.com\/tienda\/?s={search_term_string}"},"query-input":{"@type":"PropertyValueSpecification","valueRequired":true,"valueName":"search_term_string"}}],"inLanguage":"es"},{"@type":"Organization","@id":"https:\/\/bodegaehd.com\/tienda\/#organization","name":"Explotaciones Hermanos Delgado SL","url":"https:\/\/bodegaehd.com\/tienda\/","logo":{"@type":"ImageObject","inLanguage":"es","@id":"https:\/\/bodegaehd.com\/tienda\/#\/schema\/logo\/image\/","url":"http:\/\/bodegaehd.com\/tienda\/wp-content\/uploads\/2020\/05\/EHD-Logo-EHD-color.png","contentUrl":"http:\/\/bodegaehd.com\/tienda\/wp-content\/uploads\/2020\/05\/EHD-Logo-EHD-color.png","width":715,"height":530,"caption":"Explotaciones Hermanos Delgado SL"},"image":{"@id":"https:\/\/bodegaehd.com\/tienda\/#\/schema\/logo\/image\/"},"sameAs":["https:\/\/www.facebook.com\/EHDBioOrganic","https:\/\/x.com\/EHDBioOrganic"]}]}},"_links":{"self":[{"href":"https:\/\/bodegaehd.com\/tienda\/wp-json\/wp\/v2\/product\/5997","targetHints":{"allow":["GET"]}}],"collection":[{"href":"https:\/\/bodegaehd.com\/tienda\/wp-json\/wp\/v2\/product"}],"about":[{"href":"https:\/\/bodegaehd.com\/tienda\/wp-json\/wp\/v2\/types\/product"}],"replies":[{"embeddable":true,"href":"https:\/\/bodegaehd.com\/tienda\/wp-json\/wp\/v2\/comments?post=5997"}],"wp:featuredmedia":[{"embeddable":true,"href":"https:\/\/bodegaehd.com\/tienda\/wp-json\/wp\/v2\/media\/6017"}],"wp:attachment":[{"href":"https:\/\/bodegaehd.com\/tienda\/wp-json\/wp\/v2\/media?parent=5997"}],"wp:term":[{"taxonomy":"product_brand","embeddable":true,"href":"https:\/\/bodegaehd.com\/tienda\/wp-json\/wp\/v2\/product_brand?post=5997"},{"taxonomy":"product_cat","embeddable":true,"href":"https:\/\/bodegaehd.com\/tienda\/wp-json\/wp\/v2\/product_cat?post=5997"},{"taxonomy":"product_tag","embeddable":true,"href":"https:\/\/bodegaehd.com\/tienda\/wp-json\/wp\/v2\/product_tag?post=5997"}],"curies":[{"name":"wp","href":"https:\/\/api.w.org\/{rel}","templated":true}]}}