{"id":4983,"date":"2020-09-13T12:16:35","date_gmt":"2020-09-13T11:16:35","guid":{"rendered":"http:\/\/bodegaehd.com\/tienda\/?post_type=product&#038;p=4983"},"modified":"2025-01-04T11:26:57","modified_gmt":"2025-01-04T10:26:57","slug":"vega-lucia-extra-seco-rosado","status":"publish","type":"product","link":"https:\/\/bodegaehd.com\/tienda\/producto\/vega-lucia-extra-seco-rosado\/","title":{"rendered":"Vega Luc\u00eda Rosado Extra Seco"},"content":{"rendered":"<p><strong>Vega Luc\u00eda Extra Seco Rosado Garnacha<\/strong> es un espumoso elegante y refrescante que captura toda la esencia de la uva <strong>Garnacha<\/strong>, una variedad emblem\u00e1tica que aporta car\u00e1cter y frescura a este vino rosado. Con su perfil extra seco, este espumoso es ideal para aquellos que buscan una bebida vibrante, afrutada y ligera, pero con una elegancia inconfundible.<\/p>\n<p>Elaborado con uvas Garnacha seleccionadas, el <strong>Vega Luc\u00eda Extra Seco Rosado<\/strong> ofrece una <strong>burbuja fina y persistente<\/strong> que se entrelaza con aromas delicados de <strong>frutos rojos frescos<\/strong>, como <strong>fresas<\/strong> y <strong>frambuesas<\/strong>, acompa\u00f1ados de un toque sutil de <strong>c\u00edtricos<\/strong>. En boca, es fresco, seco y muy equilibrado, con una acidez vibrante que resalta la frescura natural de la uva, haciendo de este espumoso una opci\u00f3n ideal para acompa\u00f1ar aperitivos, mariscos, pescados o platos ligeros.<\/p>\n<h3>COMPOSICI\u00d3N VARIETAL<\/h3>\n<p>100% Garnacha procedente de agricultura ecol\u00f3gica.<\/p>\n<h3>ELABORACI\u00d3N Y CRIANZA<\/h3>\n<p>Recolecci\u00f3n de uvas al inicio de la vendimia\u00a0 con el fin de obtener el equilibrio perfecto entre la<br \/>\naz\u00facar y la acidez de la uva.<br \/>\nPosteriormente se realiza una fermentaci\u00f3n controlada entre 17 &#8211; 18\u00baC en dep\u00f3sitos\u00a0 de acero inoxidable.<\/p>\n<h3><strong>Caracter\u00edsticas:\u00a0<\/strong><\/h3>\n<ul>\n<li><strong>Notas de cata<\/strong>: Fresas, frambuesas, c\u00edtricos frescos, con toques florales delicados.<\/li>\n<\/ul>\n<h3><span style=\"font-size: 1.5em; font-weight: bold;\">MARIDAJE<\/span><\/h3>\n<p>Ideal para combinar con arroces y postres.\u00a0 Facilitando la digesti\u00f3n de las comidas.<\/p>\n<h3>TEMPERATURA Y SERVICIO<\/h3>\n<p>Temperatura de consumo: 6 &#8211; 8\u00ba C<\/p>\n","protected":false},"excerpt":{"rendered":"<p>Vino Rosado Espumoso ecol\u00f3gico<\/p>\n<p>Variedad: Garnacha<\/p>\n<p>Vol. Alcohol: 12%<\/p>\n<p>&nbsp;<\/p>\n","protected":false},"featured_media":6071,"comment_status":"open","ping_status":"closed","template":"","meta":{"inline_featured_image":false,"site-sidebar-layout":"default","site-content-layout":"","ast-site-content-layout":"default","site-content-style":"default","site-sidebar-style":"default","ast-global-header-display":"","ast-banner-title-visibility":"","ast-main-header-display":"","ast-hfb-above-header-display":"","ast-hfb-below-header-display":"","ast-hfb-mobile-header-display":"","site-post-title":"","ast-breadcrumbs-content":"","ast-featured-img":"","footer-sml-layout":"","ast-disable-related-posts":"","theme-transparent-header-meta":"default","adv-header-id-meta":"","stick-header-meta":"default","header-above-stick-meta":"","header-main-stick-meta":"","header-below-stick-meta":"","astra-migrate-meta-layouts":"set","ast-page-background-enabled":"default","ast-page-background-meta":{"desktop":{"background-color":"var(--ast-global-color-4)","background-image":"","background-repeat":"repeat","background-position":"center center","background-size":"auto","background-attachment":"scroll","background-type":"","background-media":"","overlay-type":"","overlay-color":"","overlay-opacity":"","overlay-gradient":""},"tablet":{"background-color":"","background-image":"","background-repeat":"repeat","background-position":"center center","background-size":"auto","background-attachment":"scroll","background-type":"","background-media":"","overlay-type":"","overlay-color":"","overlay-opacity":"","overlay-gradient":""},"mobile":{"background-color":"","background-image":"","background-repeat":"repeat","background-position":"center center","background-size":"auto","background-attachment":"scroll","background-type":"","background-media":"","overlay-type":"","overlay-color":"","overlay-opacity":"","overlay-gradient":""}},"ast-content-background-meta":{"desktop":{"background-color":"var(--ast-global-color-5)","background-image":"","background-repeat":"repeat","background-position":"center center","background-size":"auto","background-attachment":"scroll","background-type":"","background-media":"","overlay-type":"","overlay-color":"","overlay-opacity":"","overlay-gradient":""},"tablet":{"background-color":"var(--ast-global-color-5)","background-image":"","background-repeat":"repeat","background-position":"center center","background-size":"auto","background-attachment":"scroll","background-type":"","background-media":"","overlay-type":"","overlay-color":"","overlay-opacity":"","overlay-gradient":""},"mobile":{"background-color":"var(--ast-global-color-5)","background-image":"","background-repeat":"repeat","background-position":"center center","background-size":"auto","background-attachment":"scroll","background-type":"","background-media":"","overlay-type":"","overlay-color":"","overlay-opacity":"","overlay-gradient":""}}},"product_brand":[],"product_cat":[36,23],"product_tag":[48,46],"class_list":{"0":"post-4983","1":"product","2":"type-product","3":"status-publish","4":"has-post-thumbnail","6":"product_cat-espumosos","7":"product_cat-vinos","8":"product_tag-espumoso","9":"product_tag-rosado","10":"desktop-align-left","11":"tablet-align-left","12":"mobile-align-left","13":"ast-product-gallery-layout-horizontal-slider","14":"ast-product-gallery-with-no-image","15":"ast-product-single-variable","16":"ast-product-tabs-layout-horizontal","18":"first","19":"instock","20":"taxable","21":"shipping-taxable","22":"purchasable","23":"product-type-variable"},"yoast_head":"<!-- This site is optimized with the Yoast SEO plugin v27.2 - https:\/\/yoast.com\/product\/yoast-seo-wordpress\/ -->\n<title>Vega Luc\u00eda Rosado Extra Seco - Vinos y subproductos org\u00e1nicos y ecol\u00f3gicos<\/title>\n<meta name=\"robots\" content=\"index, follow, max-snippet:-1, max-image-preview:large, max-video-preview:-1\" \/>\n<link rel=\"canonical\" href=\"https:\/\/bodegaehd.com\/tienda\/producto\/vega-lucia-extra-seco-rosado\/\" \/>\n<meta property=\"og:locale\" content=\"es_ES\" \/>\n<meta property=\"og:type\" content=\"article\" \/>\n<meta property=\"og:title\" content=\"Vega Luc\u00eda Rosado Extra Seco - Vinos y subproductos org\u00e1nicos y ecol\u00f3gicos\" \/>\n<meta property=\"og:description\" content=\"Vino Rosado Espumoso ecol\u00f3gico  Variedad: Garnacha  Vol. Alcohol: 12%  &nbsp;\" \/>\n<meta property=\"og:url\" content=\"https:\/\/bodegaehd.com\/tienda\/producto\/vega-lucia-extra-seco-rosado\/\" \/>\n<meta property=\"og:site_name\" content=\"Vinos y subproductos org\u00e1nicos y ecol\u00f3gicos\" \/>\n<meta property=\"article:publisher\" content=\"https:\/\/www.facebook.com\/EHDBioOrganic\" \/>\n<meta property=\"article:modified_time\" content=\"2025-01-04T10:26:57+00:00\" \/>\n<meta property=\"og:image\" content=\"https:\/\/bodegaehd.com\/tienda\/wp-content\/uploads\/2025\/01\/6-1-scaled.jpg\" \/>\n\t<meta property=\"og:image:width\" content=\"2560\" \/>\n\t<meta property=\"og:image:height\" content=\"2560\" \/>\n\t<meta property=\"og:image:type\" content=\"image\/jpeg\" \/>\n<meta name=\"twitter:card\" content=\"summary_large_image\" \/>\n<meta name=\"twitter:site\" content=\"@EHDBioOrganic\" \/>\n<meta name=\"twitter:label1\" content=\"Tiempo de lectura\" \/>\n\t<meta name=\"twitter:data1\" content=\"2 minutos\" \/>\n<script type=\"application\/ld+json\" class=\"yoast-schema-graph\">{\"@context\":\"https:\/\/schema.org\",\"@graph\":[{\"@type\":\"WebPage\",\"@id\":\"https:\/\/bodegaehd.com\/tienda\/producto\/vega-lucia-extra-seco-rosado\/\",\"url\":\"https:\/\/bodegaehd.com\/tienda\/producto\/vega-lucia-extra-seco-rosado\/\",\"name\":\"Vega Luc\u00eda Rosado Extra Seco - Vinos y subproductos org\u00e1nicos y ecol\u00f3gicos\",\"isPartOf\":{\"@id\":\"https:\/\/bodegaehd.com\/tienda\/#website\"},\"primaryImageOfPage\":{\"@id\":\"https:\/\/bodegaehd.com\/tienda\/producto\/vega-lucia-extra-seco-rosado\/#primaryimage\"},\"image\":{\"@id\":\"https:\/\/bodegaehd.com\/tienda\/producto\/vega-lucia-extra-seco-rosado\/#primaryimage\"},\"thumbnailUrl\":\"https:\/\/bodegaehd.com\/tienda\/wp-content\/uploads\/2025\/01\/6-1-scaled.jpg\",\"datePublished\":\"2020-09-13T11:16:35+00:00\",\"dateModified\":\"2025-01-04T10:26:57+00:00\",\"breadcrumb\":{\"@id\":\"https:\/\/bodegaehd.com\/tienda\/producto\/vega-lucia-extra-seco-rosado\/#breadcrumb\"},\"inLanguage\":\"es\",\"potentialAction\":[{\"@type\":\"ReadAction\",\"target\":[\"https:\/\/bodegaehd.com\/tienda\/producto\/vega-lucia-extra-seco-rosado\/\"]}]},{\"@type\":\"ImageObject\",\"inLanguage\":\"es\",\"@id\":\"https:\/\/bodegaehd.com\/tienda\/producto\/vega-lucia-extra-seco-rosado\/#primaryimage\",\"url\":\"https:\/\/bodegaehd.com\/tienda\/wp-content\/uploads\/2025\/01\/6-1-scaled.jpg\",\"contentUrl\":\"https:\/\/bodegaehd.com\/tienda\/wp-content\/uploads\/2025\/01\/6-1-scaled.jpg\",\"width\":2560,\"height\":2560},{\"@type\":\"BreadcrumbList\",\"@id\":\"https:\/\/bodegaehd.com\/tienda\/producto\/vega-lucia-extra-seco-rosado\/#breadcrumb\",\"itemListElement\":[{\"@type\":\"ListItem\",\"position\":1,\"name\":\"Portada\",\"item\":\"https:\/\/bodegaehd.com\/tienda\/\"},{\"@type\":\"ListItem\",\"position\":2,\"name\":\"Shop\",\"item\":\"https:\/\/bodegaehd.com\/tienda\/en\/shop\/\"},{\"@type\":\"ListItem\",\"position\":3,\"name\":\"Vega Luc\u00eda Rosado Extra Seco\"}]},{\"@type\":\"WebSite\",\"@id\":\"https:\/\/bodegaehd.com\/tienda\/#website\",\"url\":\"https:\/\/bodegaehd.com\/tienda\/\",\"name\":\"Vinos y subproductos org\u00e1nicos y ecol\u00f3gicos\",\"description\":\"Agricultura ecol\u00f3gica y sostenible\",\"publisher\":{\"@id\":\"https:\/\/bodegaehd.com\/tienda\/#organization\"},\"potentialAction\":[{\"@type\":\"SearchAction\",\"target\":{\"@type\":\"EntryPoint\",\"urlTemplate\":\"https:\/\/bodegaehd.com\/tienda\/?s={search_term_string}\"},\"query-input\":{\"@type\":\"PropertyValueSpecification\",\"valueRequired\":true,\"valueName\":\"search_term_string\"}}],\"inLanguage\":\"es\"},{\"@type\":\"Organization\",\"@id\":\"https:\/\/bodegaehd.com\/tienda\/#organization\",\"name\":\"Explotaciones Hermanos Delgado SL\",\"url\":\"https:\/\/bodegaehd.com\/tienda\/\",\"logo\":{\"@type\":\"ImageObject\",\"inLanguage\":\"es\",\"@id\":\"https:\/\/bodegaehd.com\/tienda\/#\/schema\/logo\/image\/\",\"url\":\"http:\/\/bodegaehd.com\/tienda\/wp-content\/uploads\/2020\/05\/EHD-Logo-EHD-color.png\",\"contentUrl\":\"http:\/\/bodegaehd.com\/tienda\/wp-content\/uploads\/2020\/05\/EHD-Logo-EHD-color.png\",\"width\":715,\"height\":530,\"caption\":\"Explotaciones Hermanos Delgado SL\"},\"image\":{\"@id\":\"https:\/\/bodegaehd.com\/tienda\/#\/schema\/logo\/image\/\"},\"sameAs\":[\"https:\/\/www.facebook.com\/EHDBioOrganic\",\"https:\/\/x.com\/EHDBioOrganic\"]}]}<\/script>\n<!-- \/ Yoast SEO plugin. -->","yoast_head_json":{"title":"Vega Luc\u00eda Rosado Extra Seco - Vinos y subproductos org\u00e1nicos y ecol\u00f3gicos","robots":{"index":"index","follow":"follow","max-snippet":"max-snippet:-1","max-image-preview":"max-image-preview:large","max-video-preview":"max-video-preview:-1"},"canonical":"https:\/\/bodegaehd.com\/tienda\/producto\/vega-lucia-extra-seco-rosado\/","og_locale":"es_ES","og_type":"article","og_title":"Vega Luc\u00eda Rosado Extra Seco - Vinos y subproductos org\u00e1nicos y ecol\u00f3gicos","og_description":"Vino Rosado Espumoso ecol\u00f3gico  Variedad: Garnacha  Vol. Alcohol: 12%  &nbsp;","og_url":"https:\/\/bodegaehd.com\/tienda\/producto\/vega-lucia-extra-seco-rosado\/","og_site_name":"Vinos y subproductos org\u00e1nicos y ecol\u00f3gicos","article_publisher":"https:\/\/www.facebook.com\/EHDBioOrganic","article_modified_time":"2025-01-04T10:26:57+00:00","og_image":[{"width":2560,"height":2560,"url":"https:\/\/bodegaehd.com\/tienda\/wp-content\/uploads\/2025\/01\/6-1-scaled.jpg","type":"image\/jpeg"}],"twitter_card":"summary_large_image","twitter_site":"@EHDBioOrganic","twitter_misc":{"Tiempo de lectura":"2 minutos"},"schema":{"@context":"https:\/\/schema.org","@graph":[{"@type":"WebPage","@id":"https:\/\/bodegaehd.com\/tienda\/producto\/vega-lucia-extra-seco-rosado\/","url":"https:\/\/bodegaehd.com\/tienda\/producto\/vega-lucia-extra-seco-rosado\/","name":"Vega Luc\u00eda Rosado Extra Seco - Vinos y subproductos org\u00e1nicos y ecol\u00f3gicos","isPartOf":{"@id":"https:\/\/bodegaehd.com\/tienda\/#website"},"primaryImageOfPage":{"@id":"https:\/\/bodegaehd.com\/tienda\/producto\/vega-lucia-extra-seco-rosado\/#primaryimage"},"image":{"@id":"https:\/\/bodegaehd.com\/tienda\/producto\/vega-lucia-extra-seco-rosado\/#primaryimage"},"thumbnailUrl":"https:\/\/bodegaehd.com\/tienda\/wp-content\/uploads\/2025\/01\/6-1-scaled.jpg","datePublished":"2020-09-13T11:16:35+00:00","dateModified":"2025-01-04T10:26:57+00:00","breadcrumb":{"@id":"https:\/\/bodegaehd.com\/tienda\/producto\/vega-lucia-extra-seco-rosado\/#breadcrumb"},"inLanguage":"es","potentialAction":[{"@type":"ReadAction","target":["https:\/\/bodegaehd.com\/tienda\/producto\/vega-lucia-extra-seco-rosado\/"]}]},{"@type":"ImageObject","inLanguage":"es","@id":"https:\/\/bodegaehd.com\/tienda\/producto\/vega-lucia-extra-seco-rosado\/#primaryimage","url":"https:\/\/bodegaehd.com\/tienda\/wp-content\/uploads\/2025\/01\/6-1-scaled.jpg","contentUrl":"https:\/\/bodegaehd.com\/tienda\/wp-content\/uploads\/2025\/01\/6-1-scaled.jpg","width":2560,"height":2560},{"@type":"BreadcrumbList","@id":"https:\/\/bodegaehd.com\/tienda\/producto\/vega-lucia-extra-seco-rosado\/#breadcrumb","itemListElement":[{"@type":"ListItem","position":1,"name":"Portada","item":"https:\/\/bodegaehd.com\/tienda\/"},{"@type":"ListItem","position":2,"name":"Shop","item":"https:\/\/bodegaehd.com\/tienda\/en\/shop\/"},{"@type":"ListItem","position":3,"name":"Vega Luc\u00eda Rosado Extra Seco"}]},{"@type":"WebSite","@id":"https:\/\/bodegaehd.com\/tienda\/#website","url":"https:\/\/bodegaehd.com\/tienda\/","name":"Vinos y subproductos org\u00e1nicos y ecol\u00f3gicos","description":"Agricultura ecol\u00f3gica y sostenible","publisher":{"@id":"https:\/\/bodegaehd.com\/tienda\/#organization"},"potentialAction":[{"@type":"SearchAction","target":{"@type":"EntryPoint","urlTemplate":"https:\/\/bodegaehd.com\/tienda\/?s={search_term_string}"},"query-input":{"@type":"PropertyValueSpecification","valueRequired":true,"valueName":"search_term_string"}}],"inLanguage":"es"},{"@type":"Organization","@id":"https:\/\/bodegaehd.com\/tienda\/#organization","name":"Explotaciones Hermanos Delgado SL","url":"https:\/\/bodegaehd.com\/tienda\/","logo":{"@type":"ImageObject","inLanguage":"es","@id":"https:\/\/bodegaehd.com\/tienda\/#\/schema\/logo\/image\/","url":"http:\/\/bodegaehd.com\/tienda\/wp-content\/uploads\/2020\/05\/EHD-Logo-EHD-color.png","contentUrl":"http:\/\/bodegaehd.com\/tienda\/wp-content\/uploads\/2020\/05\/EHD-Logo-EHD-color.png","width":715,"height":530,"caption":"Explotaciones Hermanos Delgado SL"},"image":{"@id":"https:\/\/bodegaehd.com\/tienda\/#\/schema\/logo\/image\/"},"sameAs":["https:\/\/www.facebook.com\/EHDBioOrganic","https:\/\/x.com\/EHDBioOrganic"]}]}},"_links":{"self":[{"href":"https:\/\/bodegaehd.com\/tienda\/wp-json\/wp\/v2\/product\/4983","targetHints":{"allow":["GET"]}}],"collection":[{"href":"https:\/\/bodegaehd.com\/tienda\/wp-json\/wp\/v2\/product"}],"about":[{"href":"https:\/\/bodegaehd.com\/tienda\/wp-json\/wp\/v2\/types\/product"}],"replies":[{"embeddable":true,"href":"https:\/\/bodegaehd.com\/tienda\/wp-json\/wp\/v2\/comments?post=4983"}],"wp:featuredmedia":[{"embeddable":true,"href":"https:\/\/bodegaehd.com\/tienda\/wp-json\/wp\/v2\/media\/6071"}],"wp:attachment":[{"href":"https:\/\/bodegaehd.com\/tienda\/wp-json\/wp\/v2\/media?parent=4983"}],"wp:term":[{"taxonomy":"product_brand","embeddable":true,"href":"https:\/\/bodegaehd.com\/tienda\/wp-json\/wp\/v2\/product_brand?post=4983"},{"taxonomy":"product_cat","embeddable":true,"href":"https:\/\/bodegaehd.com\/tienda\/wp-json\/wp\/v2\/product_cat?post=4983"},{"taxonomy":"product_tag","embeddable":true,"href":"https:\/\/bodegaehd.com\/tienda\/wp-json\/wp\/v2\/product_tag?post=4983"}],"curies":[{"name":"wp","href":"https:\/\/api.w.org\/{rel}","templated":true}]}}