{"id":3088,"date":"2020-05-10T16:34:16","date_gmt":"2020-05-10T15:34:16","guid":{"rendered":"http:\/\/bodegaehd.com\/tienda\/?post_type=product&#038;p=3088"},"modified":"2023-09-20T10:42:58","modified_gmt":"2023-09-20T09:42:58","slug":"vega-lucia-syrah-bag-in-box-3-litros-tinto","status":"publish","type":"product","link":"https:\/\/bodegaehd.com\/tienda\/producto\/vega-lucia-syrah-bag-in-box-3-litros-tinto\/","title":{"rendered":"Vega Luc\u00eda Syrah (Bag in Box) 3 Litros &#8211; tinto"},"content":{"rendered":"<p>(Capacidad: 3 L)<\/p>\n<p>12,5% vol.alc.<\/p>\n<h3>COMPOSICI\u00d3N VARIETAL<\/h3>\n<p>Tempranillo y Garnacha<\/p>\n<h3>ELABORACI\u00d3N<\/h3>\n<p>Las uvas seleccionadas para la elaboraci\u00f3n\u00a0 de este vino son vendimiadas durante la noche o primeras horas del d\u00eda, evitando temperaturas superiores a 25\u00baC.<br \/>\nUna vez recogidas son sometidas a un proceso de maduraci\u00f3n natural, con el fin obtener un mayor grado baum\u00e9 \/ brix.<br \/>\nSeguidamente pasan a tanques vinificadores\u00a0 donde fermentan entre 12 y 15 d\u00edas a una temperatura controlada de 22-24\u00baC dependiendo de la variedad.<br \/>\nTras finalizar este proceso el vino es filtrado y ya est\u00e1 listo para ser embotellado.<\/p>\n<p>&nbsp;<\/p>\n","protected":false},"excerpt":{"rendered":"<p>Vino tinto\u00a0 de la variedad Garnacha.<\/p>\n<p>Tinto joven<\/p>\n<p>Variedad: Garnacha<\/p>\n<p>Vol. Alcohol: 12,5%<\/p>\n<p>Capacidad: 3 L<\/p>\n","protected":false},"featured_media":3089,"comment_status":"open","ping_status":"closed","template":"","meta":{"inline_featured_image":false,"site-sidebar-layout":"default","site-content-layout":"","ast-site-content-layout":"default","site-content-style":"default","site-sidebar-style":"default","ast-global-header-display":"","ast-banner-title-visibility":"","ast-main-header-display":"","ast-hfb-above-header-display":"","ast-hfb-below-header-display":"","ast-hfb-mobile-header-display":"","site-post-title":"","ast-breadcrumbs-content":"","ast-featured-img":"","footer-sml-layout":"","ast-disable-related-posts":"","theme-transparent-header-meta":"","adv-header-id-meta":"","stick-header-meta":"","header-above-stick-meta":"","header-main-stick-meta":"","header-below-stick-meta":"","astra-migrate-meta-layouts":"default","ast-page-background-enabled":"default","ast-page-background-meta":{"desktop":{"background-color":"var(--ast-global-color-4)","background-image":"","background-repeat":"repeat","background-position":"center center","background-size":"auto","background-attachment":"scroll","background-type":"","background-media":"","overlay-type":"","overlay-color":"","overlay-opacity":"","overlay-gradient":""},"tablet":{"background-color":"","background-image":"","background-repeat":"repeat","background-position":"center center","background-size":"auto","background-attachment":"scroll","background-type":"","background-media":"","overlay-type":"","overlay-color":"","overlay-opacity":"","overlay-gradient":""},"mobile":{"background-color":"","background-image":"","background-repeat":"repeat","background-position":"center center","background-size":"auto","background-attachment":"scroll","background-type":"","background-media":"","overlay-type":"","overlay-color":"","overlay-opacity":"","overlay-gradient":""}},"ast-content-background-meta":{"desktop":{"background-color":"var(--ast-global-color-5)","background-image":"","background-repeat":"repeat","background-position":"center center","background-size":"auto","background-attachment":"scroll","background-type":"","background-media":"","overlay-type":"","overlay-color":"","overlay-opacity":"","overlay-gradient":""},"tablet":{"background-color":"var(--ast-global-color-5)","background-image":"","background-repeat":"repeat","background-position":"center center","background-size":"auto","background-attachment":"scroll","background-type":"","background-media":"","overlay-type":"","overlay-color":"","overlay-opacity":"","overlay-gradient":""},"mobile":{"background-color":"var(--ast-global-color-5)","background-image":"","background-repeat":"repeat","background-position":"center center","background-size":"auto","background-attachment":"scroll","background-type":"","background-media":"","overlay-type":"","overlay-color":"","overlay-opacity":"","overlay-gradient":""}}},"product_brand":[],"product_cat":[35],"product_tag":[65,60,49,45],"class_list":{"0":"post-3088","1":"product","2":"type-product","3":"status-publish","4":"has-post-thumbnail","6":"product_cat-bag-in-box","7":"product_tag-3l","8":"product_tag-joven","9":"product_tag-seco","10":"product_tag-tinto","11":"desktop-align-left","12":"tablet-align-left","13":"mobile-align-left","14":"ast-product-gallery-layout-horizontal-slider","15":"ast-product-gallery-with-no-image","16":"ast-product-tabs-layout-horizontal","18":"first","19":"outofstock","20":"taxable","21":"shipping-taxable","22":"purchasable","23":"product-type-simple"},"yoast_head":"<!-- This site is optimized with the Yoast SEO plugin v27.2 - https:\/\/yoast.com\/product\/yoast-seo-wordpress\/ -->\n<title>Vega Luc\u00eda Syrah (Bag in Box) 3 Litros - tinto - Vinos y subproductos org\u00e1nicos y ecol\u00f3gicos<\/title>\n<meta name=\"robots\" content=\"index, follow, max-snippet:-1, max-image-preview:large, max-video-preview:-1\" \/>\n<link rel=\"canonical\" href=\"https:\/\/bodegaehd.com\/tienda\/producto\/vega-lucia-syrah-bag-in-box-3-litros-tinto\/\" \/>\n<meta property=\"og:locale\" content=\"es_ES\" \/>\n<meta property=\"og:type\" content=\"article\" \/>\n<meta property=\"og:title\" content=\"Vega Luc\u00eda Syrah (Bag in Box) 3 Litros - tinto - Vinos y subproductos org\u00e1nicos y ecol\u00f3gicos\" \/>\n<meta property=\"og:description\" content=\"Vino tinto\u00a0 de la variedad Garnacha.  Tinto joven  Variedad: Garnacha  Vol. Alcohol: 12,5%  Capacidad: 3 L\" \/>\n<meta property=\"og:url\" content=\"https:\/\/bodegaehd.com\/tienda\/producto\/vega-lucia-syrah-bag-in-box-3-litros-tinto\/\" \/>\n<meta property=\"og:site_name\" content=\"Vinos y subproductos org\u00e1nicos y ecol\u00f3gicos\" \/>\n<meta property=\"article:publisher\" content=\"https:\/\/www.facebook.com\/EHDBioOrganic\" \/>\n<meta property=\"article:modified_time\" content=\"2023-09-20T09:42:58+00:00\" \/>\n<meta property=\"og:image\" content=\"https:\/\/bodegaehd.com\/tienda\/wp-content\/uploads\/2020\/05\/VEGA-LUCI\u0301A-BIB-SYRAH-3-LITROS.jpg\" \/>\n\t<meta property=\"og:image:width\" content=\"1043\" \/>\n\t<meta property=\"og:image:height\" content=\"1043\" \/>\n\t<meta property=\"og:image:type\" content=\"image\/jpeg\" \/>\n<meta name=\"twitter:card\" content=\"summary_large_image\" \/>\n<meta name=\"twitter:site\" content=\"@EHDBioOrganic\" \/>\n<script type=\"application\/ld+json\" class=\"yoast-schema-graph\">{\"@context\":\"https:\/\/schema.org\",\"@graph\":[{\"@type\":\"WebPage\",\"@id\":\"https:\/\/bodegaehd.com\/tienda\/producto\/vega-lucia-syrah-bag-in-box-3-litros-tinto\/\",\"url\":\"https:\/\/bodegaehd.com\/tienda\/producto\/vega-lucia-syrah-bag-in-box-3-litros-tinto\/\",\"name\":\"Vega Luc\u00eda Syrah (Bag in Box) 3 Litros - tinto - Vinos y subproductos org\u00e1nicos y ecol\u00f3gicos\",\"isPartOf\":{\"@id\":\"https:\/\/bodegaehd.com\/tienda\/#website\"},\"primaryImageOfPage\":{\"@id\":\"https:\/\/bodegaehd.com\/tienda\/producto\/vega-lucia-syrah-bag-in-box-3-litros-tinto\/#primaryimage\"},\"image\":{\"@id\":\"https:\/\/bodegaehd.com\/tienda\/producto\/vega-lucia-syrah-bag-in-box-3-litros-tinto\/#primaryimage\"},\"thumbnailUrl\":\"https:\/\/bodegaehd.com\/tienda\/wp-content\/uploads\/2020\/05\/VEGA-LUCI\u0301A-BIB-SYRAH-3-LITROS.jpg\",\"datePublished\":\"2020-05-10T15:34:16+00:00\",\"dateModified\":\"2023-09-20T09:42:58+00:00\",\"breadcrumb\":{\"@id\":\"https:\/\/bodegaehd.com\/tienda\/producto\/vega-lucia-syrah-bag-in-box-3-litros-tinto\/#breadcrumb\"},\"inLanguage\":\"es\",\"potentialAction\":[{\"@type\":\"ReadAction\",\"target\":[\"https:\/\/bodegaehd.com\/tienda\/producto\/vega-lucia-syrah-bag-in-box-3-litros-tinto\/\"]}]},{\"@type\":\"ImageObject\",\"inLanguage\":\"es\",\"@id\":\"https:\/\/bodegaehd.com\/tienda\/producto\/vega-lucia-syrah-bag-in-box-3-litros-tinto\/#primaryimage\",\"url\":\"https:\/\/bodegaehd.com\/tienda\/wp-content\/uploads\/2020\/05\/VEGA-LUCI\u0301A-BIB-SYRAH-3-LITROS.jpg\",\"contentUrl\":\"https:\/\/bodegaehd.com\/tienda\/wp-content\/uploads\/2020\/05\/VEGA-LUCI\u0301A-BIB-SYRAH-3-LITROS.jpg\",\"width\":1043,\"height\":1043,\"caption\":\"EHD Vinos ecologicos y agricultura ecol\u00f3gica\"},{\"@type\":\"BreadcrumbList\",\"@id\":\"https:\/\/bodegaehd.com\/tienda\/producto\/vega-lucia-syrah-bag-in-box-3-litros-tinto\/#breadcrumb\",\"itemListElement\":[{\"@type\":\"ListItem\",\"position\":1,\"name\":\"Portada\",\"item\":\"https:\/\/bodegaehd.com\/tienda\/\"},{\"@type\":\"ListItem\",\"position\":2,\"name\":\"Shop\",\"item\":\"https:\/\/bodegaehd.com\/tienda\/en\/shop\/\"},{\"@type\":\"ListItem\",\"position\":3,\"name\":\"Vega Luc\u00eda Syrah (Bag in Box) 3 Litros &#8211; tinto\"}]},{\"@type\":\"WebSite\",\"@id\":\"https:\/\/bodegaehd.com\/tienda\/#website\",\"url\":\"https:\/\/bodegaehd.com\/tienda\/\",\"name\":\"Vinos y subproductos org\u00e1nicos y ecol\u00f3gicos\",\"description\":\"Agricultura ecol\u00f3gica y sostenible\",\"publisher\":{\"@id\":\"https:\/\/bodegaehd.com\/tienda\/#organization\"},\"potentialAction\":[{\"@type\":\"SearchAction\",\"target\":{\"@type\":\"EntryPoint\",\"urlTemplate\":\"https:\/\/bodegaehd.com\/tienda\/?s={search_term_string}\"},\"query-input\":{\"@type\":\"PropertyValueSpecification\",\"valueRequired\":true,\"valueName\":\"search_term_string\"}}],\"inLanguage\":\"es\"},{\"@type\":\"Organization\",\"@id\":\"https:\/\/bodegaehd.com\/tienda\/#organization\",\"name\":\"Explotaciones Hermanos Delgado SL\",\"url\":\"https:\/\/bodegaehd.com\/tienda\/\",\"logo\":{\"@type\":\"ImageObject\",\"inLanguage\":\"es\",\"@id\":\"https:\/\/bodegaehd.com\/tienda\/#\/schema\/logo\/image\/\",\"url\":\"http:\/\/bodegaehd.com\/tienda\/wp-content\/uploads\/2020\/05\/EHD-Logo-EHD-color.png\",\"contentUrl\":\"http:\/\/bodegaehd.com\/tienda\/wp-content\/uploads\/2020\/05\/EHD-Logo-EHD-color.png\",\"width\":715,\"height\":530,\"caption\":\"Explotaciones Hermanos Delgado SL\"},\"image\":{\"@id\":\"https:\/\/bodegaehd.com\/tienda\/#\/schema\/logo\/image\/\"},\"sameAs\":[\"https:\/\/www.facebook.com\/EHDBioOrganic\",\"https:\/\/x.com\/EHDBioOrganic\"]}]}<\/script>\n<!-- \/ Yoast SEO plugin. -->","yoast_head_json":{"title":"Vega Luc\u00eda Syrah (Bag in Box) 3 Litros - tinto - Vinos y subproductos org\u00e1nicos y ecol\u00f3gicos","robots":{"index":"index","follow":"follow","max-snippet":"max-snippet:-1","max-image-preview":"max-image-preview:large","max-video-preview":"max-video-preview:-1"},"canonical":"https:\/\/bodegaehd.com\/tienda\/producto\/vega-lucia-syrah-bag-in-box-3-litros-tinto\/","og_locale":"es_ES","og_type":"article","og_title":"Vega Luc\u00eda Syrah (Bag in Box) 3 Litros - tinto - Vinos y subproductos org\u00e1nicos y ecol\u00f3gicos","og_description":"Vino tinto\u00a0 de la variedad Garnacha.  Tinto joven  Variedad: Garnacha  Vol. Alcohol: 12,5%  Capacidad: 3 L","og_url":"https:\/\/bodegaehd.com\/tienda\/producto\/vega-lucia-syrah-bag-in-box-3-litros-tinto\/","og_site_name":"Vinos y subproductos org\u00e1nicos y ecol\u00f3gicos","article_publisher":"https:\/\/www.facebook.com\/EHDBioOrganic","article_modified_time":"2023-09-20T09:42:58+00:00","og_image":[{"width":1043,"height":1043,"url":"https:\/\/bodegaehd.com\/tienda\/wp-content\/uploads\/2020\/05\/VEGA-LUCI\u0301A-BIB-SYRAH-3-LITROS.jpg","type":"image\/jpeg"}],"twitter_card":"summary_large_image","twitter_site":"@EHDBioOrganic","schema":{"@context":"https:\/\/schema.org","@graph":[{"@type":"WebPage","@id":"https:\/\/bodegaehd.com\/tienda\/producto\/vega-lucia-syrah-bag-in-box-3-litros-tinto\/","url":"https:\/\/bodegaehd.com\/tienda\/producto\/vega-lucia-syrah-bag-in-box-3-litros-tinto\/","name":"Vega Luc\u00eda Syrah (Bag in Box) 3 Litros - tinto - Vinos y subproductos org\u00e1nicos y ecol\u00f3gicos","isPartOf":{"@id":"https:\/\/bodegaehd.com\/tienda\/#website"},"primaryImageOfPage":{"@id":"https:\/\/bodegaehd.com\/tienda\/producto\/vega-lucia-syrah-bag-in-box-3-litros-tinto\/#primaryimage"},"image":{"@id":"https:\/\/bodegaehd.com\/tienda\/producto\/vega-lucia-syrah-bag-in-box-3-litros-tinto\/#primaryimage"},"thumbnailUrl":"https:\/\/bodegaehd.com\/tienda\/wp-content\/uploads\/2020\/05\/VEGA-LUCI\u0301A-BIB-SYRAH-3-LITROS.jpg","datePublished":"2020-05-10T15:34:16+00:00","dateModified":"2023-09-20T09:42:58+00:00","breadcrumb":{"@id":"https:\/\/bodegaehd.com\/tienda\/producto\/vega-lucia-syrah-bag-in-box-3-litros-tinto\/#breadcrumb"},"inLanguage":"es","potentialAction":[{"@type":"ReadAction","target":["https:\/\/bodegaehd.com\/tienda\/producto\/vega-lucia-syrah-bag-in-box-3-litros-tinto\/"]}]},{"@type":"ImageObject","inLanguage":"es","@id":"https:\/\/bodegaehd.com\/tienda\/producto\/vega-lucia-syrah-bag-in-box-3-litros-tinto\/#primaryimage","url":"https:\/\/bodegaehd.com\/tienda\/wp-content\/uploads\/2020\/05\/VEGA-LUCI\u0301A-BIB-SYRAH-3-LITROS.jpg","contentUrl":"https:\/\/bodegaehd.com\/tienda\/wp-content\/uploads\/2020\/05\/VEGA-LUCI\u0301A-BIB-SYRAH-3-LITROS.jpg","width":1043,"height":1043,"caption":"EHD Vinos ecologicos y agricultura ecol\u00f3gica"},{"@type":"BreadcrumbList","@id":"https:\/\/bodegaehd.com\/tienda\/producto\/vega-lucia-syrah-bag-in-box-3-litros-tinto\/#breadcrumb","itemListElement":[{"@type":"ListItem","position":1,"name":"Portada","item":"https:\/\/bodegaehd.com\/tienda\/"},{"@type":"ListItem","position":2,"name":"Shop","item":"https:\/\/bodegaehd.com\/tienda\/en\/shop\/"},{"@type":"ListItem","position":3,"name":"Vega Luc\u00eda Syrah (Bag in Box) 3 Litros &#8211; tinto"}]},{"@type":"WebSite","@id":"https:\/\/bodegaehd.com\/tienda\/#website","url":"https:\/\/bodegaehd.com\/tienda\/","name":"Vinos y subproductos org\u00e1nicos y ecol\u00f3gicos","description":"Agricultura ecol\u00f3gica y sostenible","publisher":{"@id":"https:\/\/bodegaehd.com\/tienda\/#organization"},"potentialAction":[{"@type":"SearchAction","target":{"@type":"EntryPoint","urlTemplate":"https:\/\/bodegaehd.com\/tienda\/?s={search_term_string}"},"query-input":{"@type":"PropertyValueSpecification","valueRequired":true,"valueName":"search_term_string"}}],"inLanguage":"es"},{"@type":"Organization","@id":"https:\/\/bodegaehd.com\/tienda\/#organization","name":"Explotaciones Hermanos Delgado SL","url":"https:\/\/bodegaehd.com\/tienda\/","logo":{"@type":"ImageObject","inLanguage":"es","@id":"https:\/\/bodegaehd.com\/tienda\/#\/schema\/logo\/image\/","url":"http:\/\/bodegaehd.com\/tienda\/wp-content\/uploads\/2020\/05\/EHD-Logo-EHD-color.png","contentUrl":"http:\/\/bodegaehd.com\/tienda\/wp-content\/uploads\/2020\/05\/EHD-Logo-EHD-color.png","width":715,"height":530,"caption":"Explotaciones Hermanos Delgado SL"},"image":{"@id":"https:\/\/bodegaehd.com\/tienda\/#\/schema\/logo\/image\/"},"sameAs":["https:\/\/www.facebook.com\/EHDBioOrganic","https:\/\/x.com\/EHDBioOrganic"]}]}},"_links":{"self":[{"href":"https:\/\/bodegaehd.com\/tienda\/wp-json\/wp\/v2\/product\/3088","targetHints":{"allow":["GET"]}}],"collection":[{"href":"https:\/\/bodegaehd.com\/tienda\/wp-json\/wp\/v2\/product"}],"about":[{"href":"https:\/\/bodegaehd.com\/tienda\/wp-json\/wp\/v2\/types\/product"}],"replies":[{"embeddable":true,"href":"https:\/\/bodegaehd.com\/tienda\/wp-json\/wp\/v2\/comments?post=3088"}],"wp:featuredmedia":[{"embeddable":true,"href":"https:\/\/bodegaehd.com\/tienda\/wp-json\/wp\/v2\/media\/3089"}],"wp:attachment":[{"href":"https:\/\/bodegaehd.com\/tienda\/wp-json\/wp\/v2\/media?parent=3088"}],"wp:term":[{"taxonomy":"product_brand","embeddable":true,"href":"https:\/\/bodegaehd.com\/tienda\/wp-json\/wp\/v2\/product_brand?post=3088"},{"taxonomy":"product_cat","embeddable":true,"href":"https:\/\/bodegaehd.com\/tienda\/wp-json\/wp\/v2\/product_cat?post=3088"},{"taxonomy":"product_tag","embeddable":true,"href":"https:\/\/bodegaehd.com\/tienda\/wp-json\/wp\/v2\/product_tag?post=3088"}],"curies":[{"name":"wp","href":"https:\/\/api.w.org\/{rel}","templated":true}]}}