{"id":1848,"date":"2020-04-12T12:38:45","date_gmt":"2020-04-12T11:38:45","guid":{"rendered":"http:\/\/bodegaehd.com\/tienda\/?post_type=product&#038;p=1848"},"modified":"2021-02-12T20:26:20","modified_gmt":"2021-02-12T19:26:20","slug":"biomac-complex-1kg","status":"publish","type":"product","link":"https:\/\/bodegaehd.com\/tienda\/producto\/biomac-complex-1kg\/","title":{"rendered":"BIOMAC Complex &#8211; 1Kg (pedido m\u00ednimo 6 unid.)"},"content":{"rendered":"<p>Es un abono de quelato de hierro de f\u00e1cil asimilaci\u00f3n, azufre y amino\u00e1cidos, que elimina de forma r\u00e1pida la clorosis f\u00e9rrica gracias a la f\u00e1cil asimilaci\u00f3n por el hierro y su capacidad para movilizarlo, transportarlo y ponerlo a disposici\u00f3n de la planta.<\/p>\n<p>Contribuye a la r\u00e1pida regeneraci\u00f3n de tejidos celulares, fortaleciendo as\u00ed los mecanismos de defensa y tolerancia al estr\u00e9s de las plantas.<\/p>\n<p>&nbsp;<\/p>\n<p>VID, OLIVO, FRUTALES, ALMENDRO, PISTACHO:<\/p>\n<p>&#8211; Aumenta la resistencia frente a hongos de madera: yesca, eutipiosis&#8230;, verticillium, armilaria&#8230;<\/p>\n<p>&#8211; Crea un medio desfavorable para el desarrollo de nematodos.<\/p>\n<p>PALMERA:<\/p>\n<p>&#8211; Impide el desarrollo del picudo rojo.<\/p>\n<p>HORT\u00cdCOLAS Y ORNAMENTALES:<\/p>\n<p>&#8211; Elimina la clorosis.<\/p>\n<p>VIVEROS:<\/p>\n<p>&#8211; Favorece el enraizamiento.<\/p>\n<p>&#8211; Limpia la ra\u00edz de hongos.<\/p>\n<p>-Crea un medio desfavorable para el desarrollo de los nem\u00e1todos.<\/p>\n<p>TODOS LOS CULTIVOS:<\/p>\n<p>&#8211; Elimina la clorosis f\u00e9rrica.<\/p>\n<p>&#8211; Desbloquea el suelo.<\/p>\n<p>&#8211; Favorece la asimilaci\u00f3n de nutrientes.<\/p>\n<p>&#8211; Corrige el pH del suelo.<\/p>\n<p>&#8211; Retrasa la ca\u00edda de la hoja.<\/p>\n<p>&#8211; Limpia los sistemas de riego de la acumulaci\u00f3n de cal.<\/p>\n<p>&#8211; Mejora la resistencia frente a plagas y enfermedades.<\/p>\n","protected":false},"excerpt":{"rendered":"<p>Abono CE a base de Hierro Quelado.<\/p>\n","protected":false},"featured_media":2022,"comment_status":"open","ping_status":"closed","template":"","meta":{"inline_featured_image":false,"site-sidebar-layout":"default","site-content-layout":"","ast-site-content-layout":"default","site-content-style":"default","site-sidebar-style":"default","ast-global-header-display":"","ast-banner-title-visibility":"","ast-main-header-display":"","ast-hfb-above-header-display":"","ast-hfb-below-header-display":"","ast-hfb-mobile-header-display":"","site-post-title":"","ast-breadcrumbs-content":"","ast-featured-img":"","footer-sml-layout":"","ast-disable-related-posts":"","theme-transparent-header-meta":"","adv-header-id-meta":"","stick-header-meta":"","header-above-stick-meta":"","header-main-stick-meta":"","header-below-stick-meta":"","astra-migrate-meta-layouts":"default","ast-page-background-enabled":"default","ast-page-background-meta":{"desktop":{"background-color":"var(--ast-global-color-4)","background-image":"","background-repeat":"repeat","background-position":"center center","background-size":"auto","background-attachment":"scroll","background-type":"","background-media":"","overlay-type":"","overlay-color":"","overlay-opacity":"","overlay-gradient":""},"tablet":{"background-color":"","background-image":"","background-repeat":"repeat","background-position":"center center","background-size":"auto","background-attachment":"scroll","background-type":"","background-media":"","overlay-type":"","overlay-color":"","overlay-opacity":"","overlay-gradient":""},"mobile":{"background-color":"","background-image":"","background-repeat":"repeat","background-position":"center center","background-size":"auto","background-attachment":"scroll","background-type":"","background-media":"","overlay-type":"","overlay-color":"","overlay-opacity":"","overlay-gradient":""}},"ast-content-background-meta":{"desktop":{"background-color":"var(--ast-global-color-5)","background-image":"","background-repeat":"repeat","background-position":"center center","background-size":"auto","background-attachment":"scroll","background-type":"","background-media":"","overlay-type":"","overlay-color":"","overlay-opacity":"","overlay-gradient":""},"tablet":{"background-color":"var(--ast-global-color-5)","background-image":"","background-repeat":"repeat","background-position":"center center","background-size":"auto","background-attachment":"scroll","background-type":"","background-media":"","overlay-type":"","overlay-color":"","overlay-opacity":"","overlay-gradient":""},"mobile":{"background-color":"var(--ast-global-color-5)","background-image":"","background-repeat":"repeat","background-position":"center center","background-size":"auto","background-attachment":"scroll","background-type":"","background-media":"","overlay-type":"","overlay-color":"","overlay-opacity":"","overlay-gradient":""}}},"product_brand":[],"product_cat":[25],"product_tag":[73],"class_list":{"0":"post-1848","1":"product","2":"type-product","3":"status-publish","4":"has-post-thumbnail","6":"product_cat-biomac","7":"product_tag-1kg","8":"desktop-align-left","9":"tablet-align-left","10":"mobile-align-left","11":"ast-product-gallery-layout-horizontal-slider","12":"ast-product-gallery-with-no-image","13":"ast-product-tabs-layout-horizontal","15":"first","16":"instock","17":"taxable","18":"shipping-taxable","19":"purchasable","20":"product-type-simple"},"yoast_head":"<!-- This site is optimized with the Yoast SEO plugin v27.5 - https:\/\/yoast.com\/product\/yoast-seo-wordpress\/ -->\n<title>BIOMAC Complex - 1Kg (pedido m\u00ednimo 6 unid.) - Vinos y subproductos org\u00e1nicos y ecol\u00f3gicos<\/title>\n<meta name=\"robots\" content=\"index, follow, max-snippet:-1, max-image-preview:large, max-video-preview:-1\" \/>\n<link rel=\"canonical\" href=\"https:\/\/bodegaehd.com\/tienda\/producto\/biomac-complex-1kg\/\" \/>\n<meta property=\"og:locale\" content=\"es_ES\" \/>\n<meta property=\"og:type\" content=\"article\" \/>\n<meta property=\"og:title\" content=\"BIOMAC Complex - 1Kg (pedido m\u00ednimo 6 unid.) - Vinos y subproductos org\u00e1nicos y ecol\u00f3gicos\" \/>\n<meta property=\"og:description\" content=\"Abono CE a base de Hierro Quelado.\" \/>\n<meta property=\"og:url\" content=\"https:\/\/bodegaehd.com\/tienda\/producto\/biomac-complex-1kg\/\" \/>\n<meta property=\"og:site_name\" content=\"Vinos y subproductos org\u00e1nicos y ecol\u00f3gicos\" \/>\n<meta property=\"article:publisher\" content=\"https:\/\/www.facebook.com\/EHDBioOrganic\" \/>\n<meta property=\"article:modified_time\" content=\"2021-02-12T19:26:20+00:00\" \/>\n<meta property=\"og:image\" content=\"https:\/\/bodegaehd.com\/tienda\/wp-content\/uploads\/2020\/04\/BIOMAC-Complex-1L.png\" \/>\n\t<meta property=\"og:image:width\" content=\"800\" \/>\n\t<meta property=\"og:image:height\" content=\"801\" \/>\n\t<meta property=\"og:image:type\" content=\"image\/png\" \/>\n<meta name=\"twitter:card\" content=\"summary_large_image\" \/>\n<meta name=\"twitter:site\" content=\"@EHDBioOrganic\" \/>\n<meta name=\"twitter:label1\" content=\"Tiempo de lectura\" \/>\n\t<meta name=\"twitter:data1\" content=\"1 minuto\" \/>\n<script type=\"application\/ld+json\" class=\"yoast-schema-graph\">{\"@context\":\"https:\\\/\\\/schema.org\",\"@graph\":[{\"@type\":\"WebPage\",\"@id\":\"https:\\\/\\\/bodegaehd.com\\\/tienda\\\/producto\\\/biomac-complex-1kg\\\/\",\"url\":\"https:\\\/\\\/bodegaehd.com\\\/tienda\\\/producto\\\/biomac-complex-1kg\\\/\",\"name\":\"BIOMAC Complex - 1Kg (pedido m\u00ednimo 6 unid.) - Vinos y subproductos org\u00e1nicos y ecol\u00f3gicos\",\"isPartOf\":{\"@id\":\"https:\\\/\\\/bodegaehd.com\\\/tienda\\\/#website\"},\"primaryImageOfPage\":{\"@id\":\"https:\\\/\\\/bodegaehd.com\\\/tienda\\\/producto\\\/biomac-complex-1kg\\\/#primaryimage\"},\"image\":{\"@id\":\"https:\\\/\\\/bodegaehd.com\\\/tienda\\\/producto\\\/biomac-complex-1kg\\\/#primaryimage\"},\"thumbnailUrl\":\"https:\\\/\\\/bodegaehd.com\\\/tienda\\\/wp-content\\\/uploads\\\/2020\\\/04\\\/BIOMAC-Complex-1L.png\",\"datePublished\":\"2020-04-12T11:38:45+00:00\",\"dateModified\":\"2021-02-12T19:26:20+00:00\",\"breadcrumb\":{\"@id\":\"https:\\\/\\\/bodegaehd.com\\\/tienda\\\/producto\\\/biomac-complex-1kg\\\/#breadcrumb\"},\"inLanguage\":\"es\",\"potentialAction\":[{\"@type\":\"ReadAction\",\"target\":[\"https:\\\/\\\/bodegaehd.com\\\/tienda\\\/producto\\\/biomac-complex-1kg\\\/\"]}]},{\"@type\":\"ImageObject\",\"inLanguage\":\"es\",\"@id\":\"https:\\\/\\\/bodegaehd.com\\\/tienda\\\/producto\\\/biomac-complex-1kg\\\/#primaryimage\",\"url\":\"https:\\\/\\\/bodegaehd.com\\\/tienda\\\/wp-content\\\/uploads\\\/2020\\\/04\\\/BIOMAC-Complex-1L.png\",\"contentUrl\":\"https:\\\/\\\/bodegaehd.com\\\/tienda\\\/wp-content\\\/uploads\\\/2020\\\/04\\\/BIOMAC-Complex-1L.png\",\"width\":800,\"height\":801},{\"@type\":\"BreadcrumbList\",\"@id\":\"https:\\\/\\\/bodegaehd.com\\\/tienda\\\/producto\\\/biomac-complex-1kg\\\/#breadcrumb\",\"itemListElement\":[{\"@type\":\"ListItem\",\"position\":1,\"name\":\"Portada\",\"item\":\"https:\\\/\\\/bodegaehd.com\\\/tienda\\\/\"},{\"@type\":\"ListItem\",\"position\":2,\"name\":\"Shop\",\"item\":\"https:\\\/\\\/bodegaehd.com\\\/tienda\\\/en\\\/shop\\\/\"},{\"@type\":\"ListItem\",\"position\":3,\"name\":\"BIOMAC Complex &#8211; 1Kg (pedido m\u00ednimo 6 unid.)\"}]},{\"@type\":\"WebSite\",\"@id\":\"https:\\\/\\\/bodegaehd.com\\\/tienda\\\/#website\",\"url\":\"https:\\\/\\\/bodegaehd.com\\\/tienda\\\/\",\"name\":\"Vinos y subproductos org\u00e1nicos y ecol\u00f3gicos\",\"description\":\"Agricultura ecol\u00f3gica y sostenible\",\"publisher\":{\"@id\":\"https:\\\/\\\/bodegaehd.com\\\/tienda\\\/#organization\"},\"potentialAction\":[{\"@type\":\"SearchAction\",\"target\":{\"@type\":\"EntryPoint\",\"urlTemplate\":\"https:\\\/\\\/bodegaehd.com\\\/tienda\\\/?s={search_term_string}\"},\"query-input\":{\"@type\":\"PropertyValueSpecification\",\"valueRequired\":true,\"valueName\":\"search_term_string\"}}],\"inLanguage\":\"es\"},{\"@type\":\"Organization\",\"@id\":\"https:\\\/\\\/bodegaehd.com\\\/tienda\\\/#organization\",\"name\":\"Explotaciones Hermanos Delgado SL\",\"url\":\"https:\\\/\\\/bodegaehd.com\\\/tienda\\\/\",\"logo\":{\"@type\":\"ImageObject\",\"inLanguage\":\"es\",\"@id\":\"https:\\\/\\\/bodegaehd.com\\\/tienda\\\/#\\\/schema\\\/logo\\\/image\\\/\",\"url\":\"http:\\\/\\\/bodegaehd.com\\\/tienda\\\/wp-content\\\/uploads\\\/2020\\\/05\\\/EHD-Logo-EHD-color.png\",\"contentUrl\":\"http:\\\/\\\/bodegaehd.com\\\/tienda\\\/wp-content\\\/uploads\\\/2020\\\/05\\\/EHD-Logo-EHD-color.png\",\"width\":715,\"height\":530,\"caption\":\"Explotaciones Hermanos Delgado SL\"},\"image\":{\"@id\":\"https:\\\/\\\/bodegaehd.com\\\/tienda\\\/#\\\/schema\\\/logo\\\/image\\\/\"},\"sameAs\":[\"https:\\\/\\\/www.facebook.com\\\/EHDBioOrganic\",\"https:\\\/\\\/x.com\\\/EHDBioOrganic\"]}]}<\/script>\n<!-- \/ Yoast SEO plugin. -->","yoast_head_json":{"title":"BIOMAC Complex - 1Kg (pedido m\u00ednimo 6 unid.) - Vinos y subproductos org\u00e1nicos y ecol\u00f3gicos","robots":{"index":"index","follow":"follow","max-snippet":"max-snippet:-1","max-image-preview":"max-image-preview:large","max-video-preview":"max-video-preview:-1"},"canonical":"https:\/\/bodegaehd.com\/tienda\/producto\/biomac-complex-1kg\/","og_locale":"es_ES","og_type":"article","og_title":"BIOMAC Complex - 1Kg (pedido m\u00ednimo 6 unid.) - Vinos y subproductos org\u00e1nicos y ecol\u00f3gicos","og_description":"Abono CE a base de Hierro Quelado.","og_url":"https:\/\/bodegaehd.com\/tienda\/producto\/biomac-complex-1kg\/","og_site_name":"Vinos y subproductos org\u00e1nicos y ecol\u00f3gicos","article_publisher":"https:\/\/www.facebook.com\/EHDBioOrganic","article_modified_time":"2021-02-12T19:26:20+00:00","og_image":[{"width":800,"height":801,"url":"https:\/\/bodegaehd.com\/tienda\/wp-content\/uploads\/2020\/04\/BIOMAC-Complex-1L.png","type":"image\/png"}],"twitter_card":"summary_large_image","twitter_site":"@EHDBioOrganic","twitter_misc":{"Tiempo de lectura":"1 minuto"},"schema":{"@context":"https:\/\/schema.org","@graph":[{"@type":"WebPage","@id":"https:\/\/bodegaehd.com\/tienda\/producto\/biomac-complex-1kg\/","url":"https:\/\/bodegaehd.com\/tienda\/producto\/biomac-complex-1kg\/","name":"BIOMAC Complex - 1Kg (pedido m\u00ednimo 6 unid.) - Vinos y subproductos org\u00e1nicos y ecol\u00f3gicos","isPartOf":{"@id":"https:\/\/bodegaehd.com\/tienda\/#website"},"primaryImageOfPage":{"@id":"https:\/\/bodegaehd.com\/tienda\/producto\/biomac-complex-1kg\/#primaryimage"},"image":{"@id":"https:\/\/bodegaehd.com\/tienda\/producto\/biomac-complex-1kg\/#primaryimage"},"thumbnailUrl":"https:\/\/bodegaehd.com\/tienda\/wp-content\/uploads\/2020\/04\/BIOMAC-Complex-1L.png","datePublished":"2020-04-12T11:38:45+00:00","dateModified":"2021-02-12T19:26:20+00:00","breadcrumb":{"@id":"https:\/\/bodegaehd.com\/tienda\/producto\/biomac-complex-1kg\/#breadcrumb"},"inLanguage":"es","potentialAction":[{"@type":"ReadAction","target":["https:\/\/bodegaehd.com\/tienda\/producto\/biomac-complex-1kg\/"]}]},{"@type":"ImageObject","inLanguage":"es","@id":"https:\/\/bodegaehd.com\/tienda\/producto\/biomac-complex-1kg\/#primaryimage","url":"https:\/\/bodegaehd.com\/tienda\/wp-content\/uploads\/2020\/04\/BIOMAC-Complex-1L.png","contentUrl":"https:\/\/bodegaehd.com\/tienda\/wp-content\/uploads\/2020\/04\/BIOMAC-Complex-1L.png","width":800,"height":801},{"@type":"BreadcrumbList","@id":"https:\/\/bodegaehd.com\/tienda\/producto\/biomac-complex-1kg\/#breadcrumb","itemListElement":[{"@type":"ListItem","position":1,"name":"Portada","item":"https:\/\/bodegaehd.com\/tienda\/"},{"@type":"ListItem","position":2,"name":"Shop","item":"https:\/\/bodegaehd.com\/tienda\/en\/shop\/"},{"@type":"ListItem","position":3,"name":"BIOMAC Complex &#8211; 1Kg (pedido m\u00ednimo 6 unid.)"}]},{"@type":"WebSite","@id":"https:\/\/bodegaehd.com\/tienda\/#website","url":"https:\/\/bodegaehd.com\/tienda\/","name":"Vinos y subproductos org\u00e1nicos y ecol\u00f3gicos","description":"Agricultura ecol\u00f3gica y sostenible","publisher":{"@id":"https:\/\/bodegaehd.com\/tienda\/#organization"},"potentialAction":[{"@type":"SearchAction","target":{"@type":"EntryPoint","urlTemplate":"https:\/\/bodegaehd.com\/tienda\/?s={search_term_string}"},"query-input":{"@type":"PropertyValueSpecification","valueRequired":true,"valueName":"search_term_string"}}],"inLanguage":"es"},{"@type":"Organization","@id":"https:\/\/bodegaehd.com\/tienda\/#organization","name":"Explotaciones Hermanos Delgado SL","url":"https:\/\/bodegaehd.com\/tienda\/","logo":{"@type":"ImageObject","inLanguage":"es","@id":"https:\/\/bodegaehd.com\/tienda\/#\/schema\/logo\/image\/","url":"http:\/\/bodegaehd.com\/tienda\/wp-content\/uploads\/2020\/05\/EHD-Logo-EHD-color.png","contentUrl":"http:\/\/bodegaehd.com\/tienda\/wp-content\/uploads\/2020\/05\/EHD-Logo-EHD-color.png","width":715,"height":530,"caption":"Explotaciones Hermanos Delgado SL"},"image":{"@id":"https:\/\/bodegaehd.com\/tienda\/#\/schema\/logo\/image\/"},"sameAs":["https:\/\/www.facebook.com\/EHDBioOrganic","https:\/\/x.com\/EHDBioOrganic"]}]}},"_links":{"self":[{"href":"https:\/\/bodegaehd.com\/tienda\/wp-json\/wp\/v2\/product\/1848","targetHints":{"allow":["GET"]}}],"collection":[{"href":"https:\/\/bodegaehd.com\/tienda\/wp-json\/wp\/v2\/product"}],"about":[{"href":"https:\/\/bodegaehd.com\/tienda\/wp-json\/wp\/v2\/types\/product"}],"replies":[{"embeddable":true,"href":"https:\/\/bodegaehd.com\/tienda\/wp-json\/wp\/v2\/comments?post=1848"}],"wp:featuredmedia":[{"embeddable":true,"href":"https:\/\/bodegaehd.com\/tienda\/wp-json\/wp\/v2\/media\/2022"}],"wp:attachment":[{"href":"https:\/\/bodegaehd.com\/tienda\/wp-json\/wp\/v2\/media?parent=1848"}],"wp:term":[{"taxonomy":"product_brand","embeddable":true,"href":"https:\/\/bodegaehd.com\/tienda\/wp-json\/wp\/v2\/product_brand?post=1848"},{"taxonomy":"product_cat","embeddable":true,"href":"https:\/\/bodegaehd.com\/tienda\/wp-json\/wp\/v2\/product_cat?post=1848"},{"taxonomy":"product_tag","embeddable":true,"href":"https:\/\/bodegaehd.com\/tienda\/wp-json\/wp\/v2\/product_tag?post=1848"}],"curies":[{"name":"wp","href":"https:\/\/api.w.org\/{rel}","templated":true}]}}