{"id":1844,"date":"2020-04-12T12:16:56","date_gmt":"2020-04-12T11:16:56","guid":{"rendered":"http:\/\/bodegaehd.com\/tienda\/?post_type=product&#038;p=1844"},"modified":"2021-02-12T20:27:32","modified_gmt":"2021-02-12T19:27:32","slug":"biomac-aminoacidos-5kg","status":"publish","type":"product","link":"https:\/\/bodegaehd.com\/tienda\/producto\/biomac-aminoacidos-5kg\/","title":{"rendered":"BIOMAC Amino\u00e1cidos &#8211; 5Kg (pedido m\u00ednimo 4 unid.)"},"content":{"rendered":"<p>Colabora en la nutrici\u00f3n de las plantas por su contenido en hierro, nitr\u00f3geno, potasio y materia org\u00e1nica; estimulando el desarrollo vegetal.<\/p>\n<p>&#8211; Presenta su m\u00e1xima eficacia en los momentos cr\u00edticos: floraci\u00f3n, cuajado y crecimiento de los cultivos.<\/p>\n<p>&#8211; Previene la clorosis f\u00e9rrica.<\/p>\n<p><strong>BENEFICIOS:<\/strong><\/p>\n<p>&#8211; Regula el transporte de los productos resultantes de la fotos\u00edntesis.<\/p>\n<p>&#8211; Potencia la resistencia a la sequ\u00eda.<\/p>\n<p>&#8211; Mejora la resistencia a enfermedades criptog\u00e1micas y plagas.<\/p>\n<p>&#8211; Aumenta la resistencia mec\u00e1nica de los tallos.<\/p>\n<p>&#8211; Participa en el llenado y maduraci\u00f3n de los frutos.<\/p>\n<p>&#8211; Facilita la adherencia a la hoja de aplicaciones foliares.<\/p>\n<p>&#8211; Previene la clorosis.<\/p>\n<p><strong>CONTENIDO:<\/strong><\/p>\n<p>Abono especial: amino\u00e1cidos.<\/p>\n<p>&#8211; Amino\u00e1cidos totales: 6,6%<\/p>\n<p>&#8211; Amino\u00e1cidos libres: 6%<\/p>\n<p>&#8211; Nitr\u00f3geno org\u00e1nico: 1%<\/p>\n<p>&#8211; \u00d3xido de Potasio (K2O) soluble en agua: 4%<\/p>\n<p>&#8211; Enriquecido con quelatos de hierro\u00a0 EDDHSA y materias primas de origen org\u00e1nico.<\/p>\n","protected":false},"excerpt":{"rendered":"<p>Es un producto natural obtenido por hidr\u00f3lisis enzim\u00e1tica de vegetales, de f\u00e1cil asimilaci\u00f3n para toda clase de cultivos.<\/p>\n","protected":false},"featured_media":2021,"comment_status":"open","ping_status":"closed","template":"","meta":{"inline_featured_image":false,"site-sidebar-layout":"default","site-content-layout":"","ast-site-content-layout":"default","site-content-style":"default","site-sidebar-style":"default","ast-global-header-display":"","ast-banner-title-visibility":"","ast-main-header-display":"","ast-hfb-above-header-display":"","ast-hfb-below-header-display":"","ast-hfb-mobile-header-display":"","site-post-title":"","ast-breadcrumbs-content":"","ast-featured-img":"","footer-sml-layout":"","ast-disable-related-posts":"","theme-transparent-header-meta":"","adv-header-id-meta":"","stick-header-meta":"","header-above-stick-meta":"","header-main-stick-meta":"","header-below-stick-meta":"","astra-migrate-meta-layouts":"default","ast-page-background-enabled":"default","ast-page-background-meta":{"desktop":{"background-color":"var(--ast-global-color-4)","background-image":"","background-repeat":"repeat","background-position":"center center","background-size":"auto","background-attachment":"scroll","background-type":"","background-media":"","overlay-type":"","overlay-color":"","overlay-opacity":"","overlay-gradient":""},"tablet":{"background-color":"","background-image":"","background-repeat":"repeat","background-position":"center center","background-size":"auto","background-attachment":"scroll","background-type":"","background-media":"","overlay-type":"","overlay-color":"","overlay-opacity":"","overlay-gradient":""},"mobile":{"background-color":"","background-image":"","background-repeat":"repeat","background-position":"center center","background-size":"auto","background-attachment":"scroll","background-type":"","background-media":"","overlay-type":"","overlay-color":"","overlay-opacity":"","overlay-gradient":""}},"ast-content-background-meta":{"desktop":{"background-color":"var(--ast-global-color-5)","background-image":"","background-repeat":"repeat","background-position":"center center","background-size":"auto","background-attachment":"scroll","background-type":"","background-media":"","overlay-type":"","overlay-color":"","overlay-opacity":"","overlay-gradient":""},"tablet":{"background-color":"var(--ast-global-color-5)","background-image":"","background-repeat":"repeat","background-position":"center center","background-size":"auto","background-attachment":"scroll","background-type":"","background-media":"","overlay-type":"","overlay-color":"","overlay-opacity":"","overlay-gradient":""},"mobile":{"background-color":"var(--ast-global-color-5)","background-image":"","background-repeat":"repeat","background-position":"center center","background-size":"auto","background-attachment":"scroll","background-type":"","background-media":"","overlay-type":"","overlay-color":"","overlay-opacity":"","overlay-gradient":""}}},"product_brand":[],"product_cat":[25],"product_tag":[72],"class_list":{"0":"post-1844","1":"product","2":"type-product","3":"status-publish","4":"has-post-thumbnail","6":"product_cat-biomac","7":"product_tag-5kg","8":"desktop-align-left","9":"tablet-align-left","10":"mobile-align-left","11":"ast-product-gallery-layout-horizontal-slider","12":"ast-product-gallery-with-no-image","13":"ast-product-tabs-layout-horizontal","15":"first","16":"instock","17":"taxable","18":"shipping-taxable","19":"purchasable","20":"product-type-simple"},"yoast_head":"<!-- This site is optimized with the Yoast SEO plugin v27.5 - https:\/\/yoast.com\/product\/yoast-seo-wordpress\/ -->\n<title>BIOMAC Amino\u00e1cidos - 5Kg (pedido m\u00ednimo 4 unid.) - Vinos y subproductos org\u00e1nicos y ecol\u00f3gicos<\/title>\n<meta name=\"robots\" content=\"index, follow, max-snippet:-1, max-image-preview:large, max-video-preview:-1\" \/>\n<link rel=\"canonical\" href=\"https:\/\/bodegaehd.com\/tienda\/producto\/biomac-aminoacidos-5kg\/\" \/>\n<meta property=\"og:locale\" content=\"es_ES\" \/>\n<meta property=\"og:type\" content=\"article\" \/>\n<meta property=\"og:title\" content=\"BIOMAC Amino\u00e1cidos - 5Kg (pedido m\u00ednimo 4 unid.) - Vinos y subproductos org\u00e1nicos y ecol\u00f3gicos\" \/>\n<meta property=\"og:description\" content=\"Es un producto natural obtenido por hidr\u00f3lisis enzim\u00e1tica de vegetales, de f\u00e1cil asimilaci\u00f3n para toda clase de cultivos.\" \/>\n<meta property=\"og:url\" content=\"https:\/\/bodegaehd.com\/tienda\/producto\/biomac-aminoacidos-5kg\/\" \/>\n<meta property=\"og:site_name\" content=\"Vinos y subproductos org\u00e1nicos y ecol\u00f3gicos\" \/>\n<meta property=\"article:publisher\" content=\"https:\/\/www.facebook.com\/EHDBioOrganic\" \/>\n<meta property=\"article:modified_time\" content=\"2021-02-12T19:27:32+00:00\" \/>\n<meta property=\"og:image\" content=\"https:\/\/bodegaehd.com\/tienda\/wp-content\/uploads\/2020\/04\/BIOMAC-Aminoacidos-5L.png\" \/>\n\t<meta property=\"og:image:width\" content=\"800\" \/>\n\t<meta property=\"og:image:height\" content=\"800\" \/>\n\t<meta property=\"og:image:type\" content=\"image\/png\" \/>\n<meta name=\"twitter:card\" content=\"summary_large_image\" \/>\n<meta name=\"twitter:site\" content=\"@EHDBioOrganic\" \/>\n<meta name=\"twitter:label1\" content=\"Tiempo de lectura\" \/>\n\t<meta name=\"twitter:data1\" content=\"1 minuto\" \/>\n<script type=\"application\/ld+json\" class=\"yoast-schema-graph\">{\"@context\":\"https:\\\/\\\/schema.org\",\"@graph\":[{\"@type\":\"WebPage\",\"@id\":\"https:\\\/\\\/bodegaehd.com\\\/tienda\\\/producto\\\/biomac-aminoacidos-5kg\\\/\",\"url\":\"https:\\\/\\\/bodegaehd.com\\\/tienda\\\/producto\\\/biomac-aminoacidos-5kg\\\/\",\"name\":\"BIOMAC Amino\u00e1cidos - 5Kg (pedido m\u00ednimo 4 unid.) - Vinos y subproductos org\u00e1nicos y ecol\u00f3gicos\",\"isPartOf\":{\"@id\":\"https:\\\/\\\/bodegaehd.com\\\/tienda\\\/#website\"},\"primaryImageOfPage\":{\"@id\":\"https:\\\/\\\/bodegaehd.com\\\/tienda\\\/producto\\\/biomac-aminoacidos-5kg\\\/#primaryimage\"},\"image\":{\"@id\":\"https:\\\/\\\/bodegaehd.com\\\/tienda\\\/producto\\\/biomac-aminoacidos-5kg\\\/#primaryimage\"},\"thumbnailUrl\":\"https:\\\/\\\/bodegaehd.com\\\/tienda\\\/wp-content\\\/uploads\\\/2020\\\/04\\\/BIOMAC-Aminoacidos-5L.png\",\"datePublished\":\"2020-04-12T11:16:56+00:00\",\"dateModified\":\"2021-02-12T19:27:32+00:00\",\"breadcrumb\":{\"@id\":\"https:\\\/\\\/bodegaehd.com\\\/tienda\\\/producto\\\/biomac-aminoacidos-5kg\\\/#breadcrumb\"},\"inLanguage\":\"es\",\"potentialAction\":[{\"@type\":\"ReadAction\",\"target\":[\"https:\\\/\\\/bodegaehd.com\\\/tienda\\\/producto\\\/biomac-aminoacidos-5kg\\\/\"]}]},{\"@type\":\"ImageObject\",\"inLanguage\":\"es\",\"@id\":\"https:\\\/\\\/bodegaehd.com\\\/tienda\\\/producto\\\/biomac-aminoacidos-5kg\\\/#primaryimage\",\"url\":\"https:\\\/\\\/bodegaehd.com\\\/tienda\\\/wp-content\\\/uploads\\\/2020\\\/04\\\/BIOMAC-Aminoacidos-5L.png\",\"contentUrl\":\"https:\\\/\\\/bodegaehd.com\\\/tienda\\\/wp-content\\\/uploads\\\/2020\\\/04\\\/BIOMAC-Aminoacidos-5L.png\",\"width\":800,\"height\":800},{\"@type\":\"BreadcrumbList\",\"@id\":\"https:\\\/\\\/bodegaehd.com\\\/tienda\\\/producto\\\/biomac-aminoacidos-5kg\\\/#breadcrumb\",\"itemListElement\":[{\"@type\":\"ListItem\",\"position\":1,\"name\":\"Portada\",\"item\":\"https:\\\/\\\/bodegaehd.com\\\/tienda\\\/\"},{\"@type\":\"ListItem\",\"position\":2,\"name\":\"Shop\",\"item\":\"https:\\\/\\\/bodegaehd.com\\\/tienda\\\/en\\\/shop\\\/\"},{\"@type\":\"ListItem\",\"position\":3,\"name\":\"BIOMAC Amino\u00e1cidos &#8211; 5Kg (pedido m\u00ednimo 4 unid.)\"}]},{\"@type\":\"WebSite\",\"@id\":\"https:\\\/\\\/bodegaehd.com\\\/tienda\\\/#website\",\"url\":\"https:\\\/\\\/bodegaehd.com\\\/tienda\\\/\",\"name\":\"Vinos y subproductos org\u00e1nicos y ecol\u00f3gicos\",\"description\":\"Agricultura ecol\u00f3gica y sostenible\",\"publisher\":{\"@id\":\"https:\\\/\\\/bodegaehd.com\\\/tienda\\\/#organization\"},\"potentialAction\":[{\"@type\":\"SearchAction\",\"target\":{\"@type\":\"EntryPoint\",\"urlTemplate\":\"https:\\\/\\\/bodegaehd.com\\\/tienda\\\/?s={search_term_string}\"},\"query-input\":{\"@type\":\"PropertyValueSpecification\",\"valueRequired\":true,\"valueName\":\"search_term_string\"}}],\"inLanguage\":\"es\"},{\"@type\":\"Organization\",\"@id\":\"https:\\\/\\\/bodegaehd.com\\\/tienda\\\/#organization\",\"name\":\"Explotaciones Hermanos Delgado SL\",\"url\":\"https:\\\/\\\/bodegaehd.com\\\/tienda\\\/\",\"logo\":{\"@type\":\"ImageObject\",\"inLanguage\":\"es\",\"@id\":\"https:\\\/\\\/bodegaehd.com\\\/tienda\\\/#\\\/schema\\\/logo\\\/image\\\/\",\"url\":\"http:\\\/\\\/bodegaehd.com\\\/tienda\\\/wp-content\\\/uploads\\\/2020\\\/05\\\/EHD-Logo-EHD-color.png\",\"contentUrl\":\"http:\\\/\\\/bodegaehd.com\\\/tienda\\\/wp-content\\\/uploads\\\/2020\\\/05\\\/EHD-Logo-EHD-color.png\",\"width\":715,\"height\":530,\"caption\":\"Explotaciones Hermanos Delgado SL\"},\"image\":{\"@id\":\"https:\\\/\\\/bodegaehd.com\\\/tienda\\\/#\\\/schema\\\/logo\\\/image\\\/\"},\"sameAs\":[\"https:\\\/\\\/www.facebook.com\\\/EHDBioOrganic\",\"https:\\\/\\\/x.com\\\/EHDBioOrganic\"]}]}<\/script>\n<!-- \/ Yoast SEO plugin. -->","yoast_head_json":{"title":"BIOMAC Amino\u00e1cidos - 5Kg (pedido m\u00ednimo 4 unid.) - Vinos y subproductos org\u00e1nicos y ecol\u00f3gicos","robots":{"index":"index","follow":"follow","max-snippet":"max-snippet:-1","max-image-preview":"max-image-preview:large","max-video-preview":"max-video-preview:-1"},"canonical":"https:\/\/bodegaehd.com\/tienda\/producto\/biomac-aminoacidos-5kg\/","og_locale":"es_ES","og_type":"article","og_title":"BIOMAC Amino\u00e1cidos - 5Kg (pedido m\u00ednimo 4 unid.) - Vinos y subproductos org\u00e1nicos y ecol\u00f3gicos","og_description":"Es un producto natural obtenido por hidr\u00f3lisis enzim\u00e1tica de vegetales, de f\u00e1cil asimilaci\u00f3n para toda clase de cultivos.","og_url":"https:\/\/bodegaehd.com\/tienda\/producto\/biomac-aminoacidos-5kg\/","og_site_name":"Vinos y subproductos org\u00e1nicos y ecol\u00f3gicos","article_publisher":"https:\/\/www.facebook.com\/EHDBioOrganic","article_modified_time":"2021-02-12T19:27:32+00:00","og_image":[{"width":800,"height":800,"url":"https:\/\/bodegaehd.com\/tienda\/wp-content\/uploads\/2020\/04\/BIOMAC-Aminoacidos-5L.png","type":"image\/png"}],"twitter_card":"summary_large_image","twitter_site":"@EHDBioOrganic","twitter_misc":{"Tiempo de lectura":"1 minuto"},"schema":{"@context":"https:\/\/schema.org","@graph":[{"@type":"WebPage","@id":"https:\/\/bodegaehd.com\/tienda\/producto\/biomac-aminoacidos-5kg\/","url":"https:\/\/bodegaehd.com\/tienda\/producto\/biomac-aminoacidos-5kg\/","name":"BIOMAC Amino\u00e1cidos - 5Kg (pedido m\u00ednimo 4 unid.) - Vinos y subproductos org\u00e1nicos y ecol\u00f3gicos","isPartOf":{"@id":"https:\/\/bodegaehd.com\/tienda\/#website"},"primaryImageOfPage":{"@id":"https:\/\/bodegaehd.com\/tienda\/producto\/biomac-aminoacidos-5kg\/#primaryimage"},"image":{"@id":"https:\/\/bodegaehd.com\/tienda\/producto\/biomac-aminoacidos-5kg\/#primaryimage"},"thumbnailUrl":"https:\/\/bodegaehd.com\/tienda\/wp-content\/uploads\/2020\/04\/BIOMAC-Aminoacidos-5L.png","datePublished":"2020-04-12T11:16:56+00:00","dateModified":"2021-02-12T19:27:32+00:00","breadcrumb":{"@id":"https:\/\/bodegaehd.com\/tienda\/producto\/biomac-aminoacidos-5kg\/#breadcrumb"},"inLanguage":"es","potentialAction":[{"@type":"ReadAction","target":["https:\/\/bodegaehd.com\/tienda\/producto\/biomac-aminoacidos-5kg\/"]}]},{"@type":"ImageObject","inLanguage":"es","@id":"https:\/\/bodegaehd.com\/tienda\/producto\/biomac-aminoacidos-5kg\/#primaryimage","url":"https:\/\/bodegaehd.com\/tienda\/wp-content\/uploads\/2020\/04\/BIOMAC-Aminoacidos-5L.png","contentUrl":"https:\/\/bodegaehd.com\/tienda\/wp-content\/uploads\/2020\/04\/BIOMAC-Aminoacidos-5L.png","width":800,"height":800},{"@type":"BreadcrumbList","@id":"https:\/\/bodegaehd.com\/tienda\/producto\/biomac-aminoacidos-5kg\/#breadcrumb","itemListElement":[{"@type":"ListItem","position":1,"name":"Portada","item":"https:\/\/bodegaehd.com\/tienda\/"},{"@type":"ListItem","position":2,"name":"Shop","item":"https:\/\/bodegaehd.com\/tienda\/en\/shop\/"},{"@type":"ListItem","position":3,"name":"BIOMAC Amino\u00e1cidos &#8211; 5Kg (pedido m\u00ednimo 4 unid.)"}]},{"@type":"WebSite","@id":"https:\/\/bodegaehd.com\/tienda\/#website","url":"https:\/\/bodegaehd.com\/tienda\/","name":"Vinos y subproductos org\u00e1nicos y ecol\u00f3gicos","description":"Agricultura ecol\u00f3gica y sostenible","publisher":{"@id":"https:\/\/bodegaehd.com\/tienda\/#organization"},"potentialAction":[{"@type":"SearchAction","target":{"@type":"EntryPoint","urlTemplate":"https:\/\/bodegaehd.com\/tienda\/?s={search_term_string}"},"query-input":{"@type":"PropertyValueSpecification","valueRequired":true,"valueName":"search_term_string"}}],"inLanguage":"es"},{"@type":"Organization","@id":"https:\/\/bodegaehd.com\/tienda\/#organization","name":"Explotaciones Hermanos Delgado SL","url":"https:\/\/bodegaehd.com\/tienda\/","logo":{"@type":"ImageObject","inLanguage":"es","@id":"https:\/\/bodegaehd.com\/tienda\/#\/schema\/logo\/image\/","url":"http:\/\/bodegaehd.com\/tienda\/wp-content\/uploads\/2020\/05\/EHD-Logo-EHD-color.png","contentUrl":"http:\/\/bodegaehd.com\/tienda\/wp-content\/uploads\/2020\/05\/EHD-Logo-EHD-color.png","width":715,"height":530,"caption":"Explotaciones Hermanos Delgado SL"},"image":{"@id":"https:\/\/bodegaehd.com\/tienda\/#\/schema\/logo\/image\/"},"sameAs":["https:\/\/www.facebook.com\/EHDBioOrganic","https:\/\/x.com\/EHDBioOrganic"]}]}},"_links":{"self":[{"href":"https:\/\/bodegaehd.com\/tienda\/wp-json\/wp\/v2\/product\/1844","targetHints":{"allow":["GET"]}}],"collection":[{"href":"https:\/\/bodegaehd.com\/tienda\/wp-json\/wp\/v2\/product"}],"about":[{"href":"https:\/\/bodegaehd.com\/tienda\/wp-json\/wp\/v2\/types\/product"}],"replies":[{"embeddable":true,"href":"https:\/\/bodegaehd.com\/tienda\/wp-json\/wp\/v2\/comments?post=1844"}],"wp:featuredmedia":[{"embeddable":true,"href":"https:\/\/bodegaehd.com\/tienda\/wp-json\/wp\/v2\/media\/2021"}],"wp:attachment":[{"href":"https:\/\/bodegaehd.com\/tienda\/wp-json\/wp\/v2\/media?parent=1844"}],"wp:term":[{"taxonomy":"product_brand","embeddable":true,"href":"https:\/\/bodegaehd.com\/tienda\/wp-json\/wp\/v2\/product_brand?post=1844"},{"taxonomy":"product_cat","embeddable":true,"href":"https:\/\/bodegaehd.com\/tienda\/wp-json\/wp\/v2\/product_cat?post=1844"},{"taxonomy":"product_tag","embeddable":true,"href":"https:\/\/bodegaehd.com\/tienda\/wp-json\/wp\/v2\/product_tag?post=1844"}],"curies":[{"name":"wp","href":"https:\/\/api.w.org\/{rel}","templated":true}]}}