{"id":1580,"date":"2020-04-08T12:10:04","date_gmt":"2020-04-08T11:10:04","guid":{"rendered":"http:\/\/bodegaehd.com\/tienda\/?post_type=product&#038;p=1580"},"modified":"2022-04-07T08:41:20","modified_gmt":"2022-04-07T07:41:20","slug":"vina-macatela-bag-in-box-5litros-blanco","status":"publish","type":"product","link":"https:\/\/bodegaehd.com\/tienda\/producto\/vina-macatela-bag-in-box-5litros-blanco\/","title":{"rendered":"Vi\u00f1a Macatela (Bag in Box) 5Litros &#8211; blanco"},"content":{"rendered":"<p>(Capacidad: 5 L)<\/p>\n<h3>COMPOSICI\u00d3N VARIETAL<\/h3>\n<p>100% Air\u00e9n.<\/p>\n<h3>ELABORACI\u00d3N<\/h3>\n<p>Las uvas han sido vendimiadas en horas nocturnas y de madrugada con el fin de evitar una fermentaci\u00f3n temprana. Posteriormente se realiza una fermentaci\u00f3n controlada en dep\u00f3sitos de acero inoxidable entre 17 \u2013 18\u00baC.<\/p>\n","protected":false},"excerpt":{"rendered":"<p>Vino blanco joven elaborado con nuestras mejores uvas Air\u00e9n.<\/p>\n<p>11% vol. alc.<\/p>\n<p>5 litros de capacidad<\/p>\n","protected":false},"featured_media":3094,"comment_status":"open","ping_status":"closed","template":"","meta":{"inline_featured_image":false,"site-sidebar-layout":"default","site-content-layout":"","ast-site-content-layout":"default","site-content-style":"default","site-sidebar-style":"default","ast-global-header-display":"","ast-banner-title-visibility":"","ast-main-header-display":"","ast-hfb-above-header-display":"","ast-hfb-below-header-display":"","ast-hfb-mobile-header-display":"","site-post-title":"","ast-breadcrumbs-content":"","ast-featured-img":"","footer-sml-layout":"","ast-disable-related-posts":"","theme-transparent-header-meta":"","adv-header-id-meta":"","stick-header-meta":"","header-above-stick-meta":"","header-main-stick-meta":"","header-below-stick-meta":"","astra-migrate-meta-layouts":"default","ast-page-background-enabled":"default","ast-page-background-meta":{"desktop":{"background-color":"var(--ast-global-color-4)","background-image":"","background-repeat":"repeat","background-position":"center center","background-size":"auto","background-attachment":"scroll","background-type":"","background-media":"","overlay-type":"","overlay-color":"","overlay-opacity":"","overlay-gradient":""},"tablet":{"background-color":"","background-image":"","background-repeat":"repeat","background-position":"center center","background-size":"auto","background-attachment":"scroll","background-type":"","background-media":"","overlay-type":"","overlay-color":"","overlay-opacity":"","overlay-gradient":""},"mobile":{"background-color":"","background-image":"","background-repeat":"repeat","background-position":"center center","background-size":"auto","background-attachment":"scroll","background-type":"","background-media":"","overlay-type":"","overlay-color":"","overlay-opacity":"","overlay-gradient":""}},"ast-content-background-meta":{"desktop":{"background-color":"var(--ast-global-color-5)","background-image":"","background-repeat":"repeat","background-position":"center center","background-size":"auto","background-attachment":"scroll","background-type":"","background-media":"","overlay-type":"","overlay-color":"","overlay-opacity":"","overlay-gradient":""},"tablet":{"background-color":"var(--ast-global-color-5)","background-image":"","background-repeat":"repeat","background-position":"center center","background-size":"auto","background-attachment":"scroll","background-type":"","background-media":"","overlay-type":"","overlay-color":"","overlay-opacity":"","overlay-gradient":""},"mobile":{"background-color":"var(--ast-global-color-5)","background-image":"","background-repeat":"repeat","background-position":"center center","background-size":"auto","background-attachment":"scroll","background-type":"","background-media":"","overlay-type":"","overlay-color":"","overlay-opacity":"","overlay-gradient":""}}},"product_brand":[],"product_cat":[35],"product_tag":[66,44,60,49],"class_list":{"0":"post-1580","1":"product","2":"type-product","3":"status-publish","4":"has-post-thumbnail","6":"product_cat-bag-in-box","7":"product_tag-5l","8":"product_tag-blanco","9":"product_tag-joven","10":"product_tag-seco","11":"desktop-align-left","12":"tablet-align-left","13":"mobile-align-left","14":"ast-product-gallery-layout-horizontal-slider","15":"ast-product-gallery-with-no-image","16":"ast-product-tabs-layout-horizontal","18":"first","19":"outofstock","20":"taxable","21":"shipping-taxable","22":"purchasable","23":"product-type-simple"},"yoast_head":"<!-- This site is optimized with the Yoast SEO plugin v27.5 - https:\/\/yoast.com\/product\/yoast-seo-wordpress\/ -->\n<title>Vi\u00f1a Macatela (Bag in Box) 5Litros - blanco - Vinos y subproductos org\u00e1nicos y ecol\u00f3gicos<\/title>\n<meta name=\"robots\" content=\"index, follow, max-snippet:-1, max-image-preview:large, max-video-preview:-1\" \/>\n<link rel=\"canonical\" href=\"https:\/\/bodegaehd.com\/tienda\/producto\/vina-macatela-bag-in-box-5litros-blanco\/\" \/>\n<meta property=\"og:locale\" content=\"es_ES\" \/>\n<meta property=\"og:type\" content=\"article\" \/>\n<meta property=\"og:title\" content=\"Vi\u00f1a Macatela (Bag in Box) 5Litros - blanco - Vinos y subproductos org\u00e1nicos y ecol\u00f3gicos\" \/>\n<meta property=\"og:description\" content=\"Vino blanco joven elaborado con nuestras mejores uvas Air\u00e9n.  11% vol. alc.  5 litros de capacidad\" \/>\n<meta property=\"og:url\" content=\"https:\/\/bodegaehd.com\/tienda\/producto\/vina-macatela-bag-in-box-5litros-blanco\/\" \/>\n<meta property=\"og:site_name\" content=\"Vinos y subproductos org\u00e1nicos y ecol\u00f3gicos\" \/>\n<meta property=\"article:publisher\" content=\"https:\/\/www.facebook.com\/EHDBioOrganic\" \/>\n<meta property=\"article:modified_time\" content=\"2022-04-07T07:41:20+00:00\" \/>\n<meta property=\"og:image\" content=\"https:\/\/bodegaehd.com\/tienda\/wp-content\/uploads\/2020\/04\/VIN\u0303A-MACATELA-BIB-AIRE\u0301N-5-LITROS.jpg\" \/>\n\t<meta property=\"og:image:width\" content=\"2088\" \/>\n\t<meta property=\"og:image:height\" content=\"2088\" \/>\n\t<meta property=\"og:image:type\" content=\"image\/jpeg\" \/>\n<meta name=\"twitter:card\" content=\"summary_large_image\" \/>\n<meta name=\"twitter:site\" content=\"@EHDBioOrganic\" \/>\n<script type=\"application\/ld+json\" class=\"yoast-schema-graph\">{\"@context\":\"https:\\\/\\\/schema.org\",\"@graph\":[{\"@type\":\"WebPage\",\"@id\":\"https:\\\/\\\/bodegaehd.com\\\/tienda\\\/producto\\\/vina-macatela-bag-in-box-5litros-blanco\\\/\",\"url\":\"https:\\\/\\\/bodegaehd.com\\\/tienda\\\/producto\\\/vina-macatela-bag-in-box-5litros-blanco\\\/\",\"name\":\"Vi\u00f1a Macatela (Bag in Box) 5Litros - blanco - Vinos y subproductos org\u00e1nicos y ecol\u00f3gicos\",\"isPartOf\":{\"@id\":\"https:\\\/\\\/bodegaehd.com\\\/tienda\\\/#website\"},\"primaryImageOfPage\":{\"@id\":\"https:\\\/\\\/bodegaehd.com\\\/tienda\\\/producto\\\/vina-macatela-bag-in-box-5litros-blanco\\\/#primaryimage\"},\"image\":{\"@id\":\"https:\\\/\\\/bodegaehd.com\\\/tienda\\\/producto\\\/vina-macatela-bag-in-box-5litros-blanco\\\/#primaryimage\"},\"thumbnailUrl\":\"https:\\\/\\\/bodegaehd.com\\\/tienda\\\/wp-content\\\/uploads\\\/2020\\\/04\\\/VIN\u0303A-MACATELA-BIB-AIRE\u0301N-5-LITROS.jpg\",\"datePublished\":\"2020-04-08T11:10:04+00:00\",\"dateModified\":\"2022-04-07T07:41:20+00:00\",\"breadcrumb\":{\"@id\":\"https:\\\/\\\/bodegaehd.com\\\/tienda\\\/producto\\\/vina-macatela-bag-in-box-5litros-blanco\\\/#breadcrumb\"},\"inLanguage\":\"es\",\"potentialAction\":[{\"@type\":\"ReadAction\",\"target\":[\"https:\\\/\\\/bodegaehd.com\\\/tienda\\\/producto\\\/vina-macatela-bag-in-box-5litros-blanco\\\/\"]}]},{\"@type\":\"ImageObject\",\"inLanguage\":\"es\",\"@id\":\"https:\\\/\\\/bodegaehd.com\\\/tienda\\\/producto\\\/vina-macatela-bag-in-box-5litros-blanco\\\/#primaryimage\",\"url\":\"https:\\\/\\\/bodegaehd.com\\\/tienda\\\/wp-content\\\/uploads\\\/2020\\\/04\\\/VIN\u0303A-MACATELA-BIB-AIRE\u0301N-5-LITROS.jpg\",\"contentUrl\":\"https:\\\/\\\/bodegaehd.com\\\/tienda\\\/wp-content\\\/uploads\\\/2020\\\/04\\\/VIN\u0303A-MACATELA-BIB-AIRE\u0301N-5-LITROS.jpg\",\"width\":2088,\"height\":2088,\"caption\":\"EHD Vinos ecologicos y agricultura ecol\u00f3gica\"},{\"@type\":\"BreadcrumbList\",\"@id\":\"https:\\\/\\\/bodegaehd.com\\\/tienda\\\/producto\\\/vina-macatela-bag-in-box-5litros-blanco\\\/#breadcrumb\",\"itemListElement\":[{\"@type\":\"ListItem\",\"position\":1,\"name\":\"Portada\",\"item\":\"https:\\\/\\\/bodegaehd.com\\\/tienda\\\/\"},{\"@type\":\"ListItem\",\"position\":2,\"name\":\"Shop\",\"item\":\"https:\\\/\\\/bodegaehd.com\\\/tienda\\\/en\\\/shop\\\/\"},{\"@type\":\"ListItem\",\"position\":3,\"name\":\"Vi\u00f1a Macatela (Bag in Box) 5Litros &#8211; blanco\"}]},{\"@type\":\"WebSite\",\"@id\":\"https:\\\/\\\/bodegaehd.com\\\/tienda\\\/#website\",\"url\":\"https:\\\/\\\/bodegaehd.com\\\/tienda\\\/\",\"name\":\"Vinos y subproductos org\u00e1nicos y ecol\u00f3gicos\",\"description\":\"Agricultura ecol\u00f3gica y sostenible\",\"publisher\":{\"@id\":\"https:\\\/\\\/bodegaehd.com\\\/tienda\\\/#organization\"},\"potentialAction\":[{\"@type\":\"SearchAction\",\"target\":{\"@type\":\"EntryPoint\",\"urlTemplate\":\"https:\\\/\\\/bodegaehd.com\\\/tienda\\\/?s={search_term_string}\"},\"query-input\":{\"@type\":\"PropertyValueSpecification\",\"valueRequired\":true,\"valueName\":\"search_term_string\"}}],\"inLanguage\":\"es\"},{\"@type\":\"Organization\",\"@id\":\"https:\\\/\\\/bodegaehd.com\\\/tienda\\\/#organization\",\"name\":\"Explotaciones Hermanos Delgado SL\",\"url\":\"https:\\\/\\\/bodegaehd.com\\\/tienda\\\/\",\"logo\":{\"@type\":\"ImageObject\",\"inLanguage\":\"es\",\"@id\":\"https:\\\/\\\/bodegaehd.com\\\/tienda\\\/#\\\/schema\\\/logo\\\/image\\\/\",\"url\":\"http:\\\/\\\/bodegaehd.com\\\/tienda\\\/wp-content\\\/uploads\\\/2020\\\/05\\\/EHD-Logo-EHD-color.png\",\"contentUrl\":\"http:\\\/\\\/bodegaehd.com\\\/tienda\\\/wp-content\\\/uploads\\\/2020\\\/05\\\/EHD-Logo-EHD-color.png\",\"width\":715,\"height\":530,\"caption\":\"Explotaciones Hermanos Delgado SL\"},\"image\":{\"@id\":\"https:\\\/\\\/bodegaehd.com\\\/tienda\\\/#\\\/schema\\\/logo\\\/image\\\/\"},\"sameAs\":[\"https:\\\/\\\/www.facebook.com\\\/EHDBioOrganic\",\"https:\\\/\\\/x.com\\\/EHDBioOrganic\"]}]}<\/script>\n<!-- \/ Yoast SEO plugin. -->","yoast_head_json":{"title":"Vi\u00f1a Macatela (Bag in Box) 5Litros - blanco - Vinos y subproductos org\u00e1nicos y ecol\u00f3gicos","robots":{"index":"index","follow":"follow","max-snippet":"max-snippet:-1","max-image-preview":"max-image-preview:large","max-video-preview":"max-video-preview:-1"},"canonical":"https:\/\/bodegaehd.com\/tienda\/producto\/vina-macatela-bag-in-box-5litros-blanco\/","og_locale":"es_ES","og_type":"article","og_title":"Vi\u00f1a Macatela (Bag in Box) 5Litros - blanco - Vinos y subproductos org\u00e1nicos y ecol\u00f3gicos","og_description":"Vino blanco joven elaborado con nuestras mejores uvas Air\u00e9n.  11% vol. alc.  5 litros de capacidad","og_url":"https:\/\/bodegaehd.com\/tienda\/producto\/vina-macatela-bag-in-box-5litros-blanco\/","og_site_name":"Vinos y subproductos org\u00e1nicos y ecol\u00f3gicos","article_publisher":"https:\/\/www.facebook.com\/EHDBioOrganic","article_modified_time":"2022-04-07T07:41:20+00:00","og_image":[{"width":2088,"height":2088,"url":"https:\/\/bodegaehd.com\/tienda\/wp-content\/uploads\/2020\/04\/VIN\u0303A-MACATELA-BIB-AIRE\u0301N-5-LITROS.jpg","type":"image\/jpeg"}],"twitter_card":"summary_large_image","twitter_site":"@EHDBioOrganic","schema":{"@context":"https:\/\/schema.org","@graph":[{"@type":"WebPage","@id":"https:\/\/bodegaehd.com\/tienda\/producto\/vina-macatela-bag-in-box-5litros-blanco\/","url":"https:\/\/bodegaehd.com\/tienda\/producto\/vina-macatela-bag-in-box-5litros-blanco\/","name":"Vi\u00f1a Macatela (Bag in Box) 5Litros - blanco - Vinos y subproductos org\u00e1nicos y ecol\u00f3gicos","isPartOf":{"@id":"https:\/\/bodegaehd.com\/tienda\/#website"},"primaryImageOfPage":{"@id":"https:\/\/bodegaehd.com\/tienda\/producto\/vina-macatela-bag-in-box-5litros-blanco\/#primaryimage"},"image":{"@id":"https:\/\/bodegaehd.com\/tienda\/producto\/vina-macatela-bag-in-box-5litros-blanco\/#primaryimage"},"thumbnailUrl":"https:\/\/bodegaehd.com\/tienda\/wp-content\/uploads\/2020\/04\/VIN\u0303A-MACATELA-BIB-AIRE\u0301N-5-LITROS.jpg","datePublished":"2020-04-08T11:10:04+00:00","dateModified":"2022-04-07T07:41:20+00:00","breadcrumb":{"@id":"https:\/\/bodegaehd.com\/tienda\/producto\/vina-macatela-bag-in-box-5litros-blanco\/#breadcrumb"},"inLanguage":"es","potentialAction":[{"@type":"ReadAction","target":["https:\/\/bodegaehd.com\/tienda\/producto\/vina-macatela-bag-in-box-5litros-blanco\/"]}]},{"@type":"ImageObject","inLanguage":"es","@id":"https:\/\/bodegaehd.com\/tienda\/producto\/vina-macatela-bag-in-box-5litros-blanco\/#primaryimage","url":"https:\/\/bodegaehd.com\/tienda\/wp-content\/uploads\/2020\/04\/VIN\u0303A-MACATELA-BIB-AIRE\u0301N-5-LITROS.jpg","contentUrl":"https:\/\/bodegaehd.com\/tienda\/wp-content\/uploads\/2020\/04\/VIN\u0303A-MACATELA-BIB-AIRE\u0301N-5-LITROS.jpg","width":2088,"height":2088,"caption":"EHD Vinos ecologicos y agricultura ecol\u00f3gica"},{"@type":"BreadcrumbList","@id":"https:\/\/bodegaehd.com\/tienda\/producto\/vina-macatela-bag-in-box-5litros-blanco\/#breadcrumb","itemListElement":[{"@type":"ListItem","position":1,"name":"Portada","item":"https:\/\/bodegaehd.com\/tienda\/"},{"@type":"ListItem","position":2,"name":"Shop","item":"https:\/\/bodegaehd.com\/tienda\/en\/shop\/"},{"@type":"ListItem","position":3,"name":"Vi\u00f1a Macatela (Bag in Box) 5Litros &#8211; blanco"}]},{"@type":"WebSite","@id":"https:\/\/bodegaehd.com\/tienda\/#website","url":"https:\/\/bodegaehd.com\/tienda\/","name":"Vinos y subproductos org\u00e1nicos y ecol\u00f3gicos","description":"Agricultura ecol\u00f3gica y sostenible","publisher":{"@id":"https:\/\/bodegaehd.com\/tienda\/#organization"},"potentialAction":[{"@type":"SearchAction","target":{"@type":"EntryPoint","urlTemplate":"https:\/\/bodegaehd.com\/tienda\/?s={search_term_string}"},"query-input":{"@type":"PropertyValueSpecification","valueRequired":true,"valueName":"search_term_string"}}],"inLanguage":"es"},{"@type":"Organization","@id":"https:\/\/bodegaehd.com\/tienda\/#organization","name":"Explotaciones Hermanos Delgado SL","url":"https:\/\/bodegaehd.com\/tienda\/","logo":{"@type":"ImageObject","inLanguage":"es","@id":"https:\/\/bodegaehd.com\/tienda\/#\/schema\/logo\/image\/","url":"http:\/\/bodegaehd.com\/tienda\/wp-content\/uploads\/2020\/05\/EHD-Logo-EHD-color.png","contentUrl":"http:\/\/bodegaehd.com\/tienda\/wp-content\/uploads\/2020\/05\/EHD-Logo-EHD-color.png","width":715,"height":530,"caption":"Explotaciones Hermanos Delgado SL"},"image":{"@id":"https:\/\/bodegaehd.com\/tienda\/#\/schema\/logo\/image\/"},"sameAs":["https:\/\/www.facebook.com\/EHDBioOrganic","https:\/\/x.com\/EHDBioOrganic"]}]}},"_links":{"self":[{"href":"https:\/\/bodegaehd.com\/tienda\/wp-json\/wp\/v2\/product\/1580","targetHints":{"allow":["GET"]}}],"collection":[{"href":"https:\/\/bodegaehd.com\/tienda\/wp-json\/wp\/v2\/product"}],"about":[{"href":"https:\/\/bodegaehd.com\/tienda\/wp-json\/wp\/v2\/types\/product"}],"replies":[{"embeddable":true,"href":"https:\/\/bodegaehd.com\/tienda\/wp-json\/wp\/v2\/comments?post=1580"}],"wp:featuredmedia":[{"embeddable":true,"href":"https:\/\/bodegaehd.com\/tienda\/wp-json\/wp\/v2\/media\/3094"}],"wp:attachment":[{"href":"https:\/\/bodegaehd.com\/tienda\/wp-json\/wp\/v2\/media?parent=1580"}],"wp:term":[{"taxonomy":"product_brand","embeddable":true,"href":"https:\/\/bodegaehd.com\/tienda\/wp-json\/wp\/v2\/product_brand?post=1580"},{"taxonomy":"product_cat","embeddable":true,"href":"https:\/\/bodegaehd.com\/tienda\/wp-json\/wp\/v2\/product_cat?post=1580"},{"taxonomy":"product_tag","embeddable":true,"href":"https:\/\/bodegaehd.com\/tienda\/wp-json\/wp\/v2\/product_tag?post=1580"}],"curies":[{"name":"wp","href":"https:\/\/api.w.org\/{rel}","templated":true}]}}