{"id":179,"date":"2020-02-24T19:16:17","date_gmt":"2020-02-24T18:16:17","guid":{"rendered":"http:\/\/bodegaehd.com\/tienda\/?page_id=179"},"modified":"2024-11-22T11:04:12","modified_gmt":"2024-11-22T10:04:12","slug":"aviso-legal-y-politica-de-privacidad","status":"publish","type":"page","link":"https:\/\/bodegaehd.com\/tienda\/aviso-legal-y-politica-de-privacidad\/","title":{"rendered":"Aviso legal y politica de privacidad"},"content":{"rendered":"\n<h2 class=\"wp-block-heading\">AVISO LEGAL<\/h2>\n\n\n\n<h4 class=\"wp-block-heading\">Titular<\/h4>\n\n\n\n<p>EXPLOTACIONES HERMANOS DELGADO S.L. (en adelante, EHD, titular del sitio Web) CIF: B13233192 es titular del dominio www.bodegaehd.com. Tiene su domicilio en la calle C\/ Villarrobledo, 37. Cod. Postal 13630 de la localidad de Socu\u00e9llamos.&nbsp;Tel\u00e9fono: 926 699 107<\/p>\n\n\n\n<h4 class=\"wp-block-heading\">Objeto<\/h4>\n\n\n\n<p>Estas son las condiciones generales y en su caso particulares que regulan el acceso y uso del sitio Web .El presente sitio Web esta dise\u00f1ado para dar a conocer y poner a disposici\u00f3n del p\u00fablico (en adelante el usuario) que acceda al dominio www.bodegaehd.com &nbsp;(en adelante sitio Web) informaci\u00f3n, datos, productos y servicios (en adelante contenidos).<\/p>\n\n\n\n<h4 class=\"wp-block-heading\">Acceso<\/h4>\n\n\n\n<p>La persona que accede a este sitio Web adquiere la condici\u00f3n de Usuario del mismo. Esto implica el conocimiento y la aceptaci\u00f3n de las condiciones generales y en su caso, condiciones particulares que regulan su acceso y uso. Recomendamos el acceso peri\u00f3dico a las condiciones de utilizaci\u00f3n para conocer los cambios, modificaciones y actualizaciones que puedan producirse.<\/p>\n\n\n\n<p>El sitio Web comprende textos, gr\u00e1ficos, im\u00e1genes, v\u00eddeos, sonidos, dibujos, fotograf\u00edas y software incluidos en el mismo, ya sean susceptibles o no de propiedad intelectual.<\/p>\n\n\n\n<p>El acceso al sitio Web es gratuito, sin previa autorizaci\u00f3n, suscripci\u00f3n o registro, salvo para los contenidos y servicios espec\u00edficos en los que la suscripci\u00f3n o el registro del Usuario sea necesario y as\u00ed se determine en las condiciones generales o particulares.El servicio prestado es por tiempo indefinido. El sitio Web se compromete a mantener la calidad y la exactitud de los contenidos y uso en la medida de sus posibilidades. No obstante esto no implica obligaci\u00f3n alguna sobre la calidad, exactitud de los contenidos y velocidad del acceso por parte del titular del sitio Web. El titular se reserva el derecho a modificar o actualizar las condiciones de acceso o suspender el acceso al sitio Web, o parte del sitio Web sin previo aviso.Los Usuarios que accedan se comprometen en todo momento a no acceder al sitio Web y a los contenidos de forma contraria a la establecida y\/o con fines il\u00edcitos, lesivos de derechos y libertades de terceros, o que puedan da\u00f1ar, deteriorar, saturar o ralentizar el sitio Web, en perjuicio del titular del sitio Web o de terceros usuarios.<\/p>\n\n\n\n<h4 class=\"wp-block-heading\">Propiedad intelectual<\/h4>\n\n\n\n<p>El titular del sitio Web es titular de los derechos de propiedad industrial e intelectual, as\u00ed como de los contenidos que alberga. A t\u00edtulo meramente enunciativo, se entender\u00e1n incluidas las informaciones, mensajes, gr\u00e1ficos, archivos de sonido e imagen, fotograf\u00edas, grabaciones, programas de ordenador, bases de datos, tecnolog\u00eda know-how, marcas, signos distintivos, logos y en general cualquier clase de creaci\u00f3n o material accesible que sea de su propiedad, as\u00ed como del propio sitio Web.<\/p>\n\n\n\n<p>En el sitio Web tambi\u00e9n pueden ser accesibles contenidos, servicios e informaci\u00f3n, propiedad de terceros, cuyos derechos se encuentran igualmente protegidos por la legislaci\u00f3n vigente en materia de propiedad industrial e intelectual.<\/p>\n\n\n\n<h4 class=\"wp-block-heading\">Contenidos<\/h4>\n\n\n\n<p>El acceso a los contenidos por parte del Usuario ser\u00e1 bajo su total responsabilidad no pudiendo repercutir al titular cualquier consecuencia negativa derivada directa o indirectamente del acceso, ya sean de \u00e1mbito f\u00edsico, l\u00f3gico, moral o personal.Los contenidos tienen como finalidad informar y dar a conocer las actividades, productos y servicios prestados y son de car\u00e1cter orientat\u00edvo.<\/p>\n\n\n\n<p>El titular del sitio Web podr\u00e1 modificar los contenidos, as\u00ed como suprimir y cambiar \u00e9stos dentro del sitio Web, como la forma en que se accede, con el fin de mejorar la calidad de los mismos o corregir errores e intentando en todo momento minimizar las consecuencias negativas que estos cambios puedan provocar a los Usuarios.<\/p>\n\n\n\n<p>Cualquier uso del sitio Web o de sus contenidos deber\u00e1 tener un car\u00e1cter exclusivamente particular. Est\u00e1 reservado al titular del sitio Web cualquier otro uso que suponga la copia, reproducci\u00f3n, distribuci\u00f3n, transformaci\u00f3n, comunicaci\u00f3n p\u00fablica o cualquier otra acci\u00f3n similar de todo o parte de los contenidos del sitio Web, as\u00ed como del mismo, por lo que ning\u00fan Usuario podr\u00e1 llevar a cabo estas acciones para otros fines sin la autorizaci\u00f3n previa y por escrito del titular del sitio Web.<\/p>\n\n\n\n<p>No esta permitido el uso de los contenidos para promocionar, contratar o divulgar publicidad o informaci\u00f3n propia o de terceras personas sin la autorizaci\u00f3n del titular del sitio Web ni remitir publicidad o informaci\u00f3n vali\u00e9ndose para ello de los servicios o informaci\u00f3n que se ponen a disposici\u00f3n de los Usuarios, independientemente de si la utilizaci\u00f3n es gratuita o no.<\/p>\n\n\n\n<p>Los enlaces o hiper-enlaces que incorporen terceros en sus p\u00e1ginas Web, dirigidos a este sitio Web, ser\u00e1n para la apertura del sitio Web completo y desde la p\u00e1gina de inicio (home), no pudiendo manifestar, directa o indirectamente, indicaciones falsas, inexactas o confusas, ni incurrir en acciones desleales o il\u00edcitas en contra del titular del sitio Web.<\/p>\n\n\n\n<p>El titular del sitio Web ejerce mecanismos de control sobre la calidad de los enlaces (links) que se incorporen al sitio Web, no obstante no puede responsabilizarse de la fiabilidad y rapidez de los mismos, no garantiza la utilidad de estos enlaces, ni de los contenidos o servicios a los que pueda acceder el Usuario por medio de estos enlaces, ni del buen funcionamiento de sitios Web de terceros.<\/p>\n\n\n\n<h4 class=\"wp-block-heading\">Jurisdicci\u00f3n<\/h4>\n\n\n\n<p>Para cualquier controversia que pudiera surgir por la utilizaci\u00f3n del sitio Web o de los contenidos sujetos a estas condiciones, las partes se someten con renuncia expresa a cualquier otro fuero, a los Juzgados y Tribunales de Ciudad Real (Espa\u00f1a).<\/p>\n\n\n\n<h2 class=\"wp-block-heading\">POL\u00cdTICA DE PRIVACIDAD&nbsp;<\/h2>\n\n\n\n<p>Los datos de car\u00e1cter personal que usted nos conf\u00eda son muy importantes para nosotros, por este motivo deseamos informarles acerca de c\u00f3mo trata esta empresa sus datos personales.<\/p>\n\n\n\n<p>Los datos personales que nos proporciona de los que usted es titular, persona autorizada o representante legal son incorporados a nuestra base de datos de gesti\u00f3n informatizada o archivo en formato papel, legalizadas y registradas ante la Agencia Espa\u00f1ola de Protecci\u00f3n de Datos. En el momento de registrar estos datos, esta empresa se hace responsable de los mismos y en consecuencia aplicamos todos los medios a nuestro alcance para tratarlos con la m\u00e1xima confidencialidad, evitar su p\u00e9rdida, mal uso, alteraci\u00f3n o acceso no autorizado.<\/p>\n\n\n\n<h4 class=\"wp-block-heading\">Finalidad de la recogida de datos<\/h4>\n\n\n\n<p>Las finalidades a las que destinamos sus datos aparte de la normativa legal que afecta a nuestra actividad, son las labores administrativas, contables, fiscales y de gesti\u00f3n comercial entre otras, para el efectivo cumplimiento y prestaci\u00f3n de los productos y servicios solicitados. Tambi\u00e9n efectuamos controles de calidad sobre los mismos con el fin de ofrecerles en todo momento el mejor trato profesional. As\u00ed mismo para enviarles informaci\u00f3n sobre productos y servicios que esta empresa pueda ofrecerles y sean de su inter\u00e9s.<\/p>\n\n\n\n<p>En el caso de Curriculums recibidos, informar que el tratamiento de los mismos tiene como finalidad proceder a la selecci\u00f3n de candidatos para cubrir puestos de trabajo en esta empresa. La consecuencia de la obtenci\u00f3n de los datos personales comunicados ser\u00e1 la participaci\u00f3n en los procesos de selecci\u00f3n que la misma realice para cubrir puestos de trabajo de la propia compa\u00f1\u00eda o en futuros procesos de selecci\u00f3n de puestos que se ajusten al perfil profesional del candidato, salvo que se manifieste su deseo de que sus datos no sean conservados para esta \u00faltima finalidad en cayo caso la empresa proceder\u00e1 a cancelarlos de acuerdo con su solicitud.<\/p>\n\n\n\n<p>El cliente\/usuario autoriza el tratamiento de sus datos personales exclusivamente para los fines&nbsp;anteriormente expuestos.<\/p>\n\n\n\n<h4 class=\"wp-block-heading\">Cesi\u00f3n de datos<\/h4>\n\n\n\n<p>Esta empresa no vende, cede ni transmite de modo alguno informaci\u00f3n o datos de car\u00e1cter personal de sus clientes a terceros, salvo las comunicaciones contempladas por ley para la prestaci\u00f3n de los servicios solicitados.<\/p>\n\n\n\n<h4 class=\"wp-block-heading\">Exactitud y veracidad de los datos<\/h4>\n\n\n\n<p>Con la finalidad de poder ofrecer el mejor servicio, esta empresa necesita que los datos proporcionados se ajusten a la realidad, est\u00e9n actualizados y si se especifican como imprescindibles (por ejemplo mediante un asterisco en los formularios de alta, de clientes, contacto o solicitud de suscripci\u00f3n a newsletters), sean cumplimentados. De otra forma, esta empresa no podr\u00e1 dar el servicio o la informaci\u00f3n solicitada. En el caso de menores de edad, ser\u00e1 necesaria la autorizaci\u00f3n previa de los padres o representantes legales para poder realizar el tratamiento de los datos personales facilitados.<\/p>\n\n\n\n<h4 class=\"wp-block-heading\">Ejercicio de los derechos de acceso, rectificaci\u00f3n, correcci\u00f3n y oposici\u00f3n (ARCO)<\/h4>\n\n\n\n<p>Deseamos informarle que siempre que lo desee puede acceder a la informaci\u00f3n que le concierne, puede oponerse a su tratamiento para fines publicitarios, rectificarla y si fuera su deseo cancelarla, todo esto en los t\u00e9rminos que establece la legislaci\u00f3n vigente en materia de protecci\u00f3n de datos de car\u00e1cter personal. Si desea ejercer sus derechos env\u00edenos una carta o e-mail, adjuntando fotocopia de su DNI a la direcci\u00f3n de contacto que figura en el sitio web. En caso de ejercerse por correo electr\u00f3nico, el mensaje debe estar firmado digitalmente y deber\u00e1 adjuntar alg\u00fan documento identificativo oficial escaneado.<\/p>\n","protected":false},"excerpt":{"rendered":"<p>AVISO LEGAL Titular EXPLOTACIONES HERMANOS DELGADO S.L. (en adelante, EHD, titular del sitio Web) CIF: B13233192 es titular del dominio [&hellip;]<\/p>\n","protected":false},"author":1,"featured_media":0,"parent":0,"menu_order":0,"comment_status":"closed","ping_status":"closed","template":"","meta":{"inline_featured_image":false,"site-sidebar-layout":"default","site-content-layout":"","ast-site-content-layout":"default","site-content-style":"default","site-sidebar-style":"default","ast-global-header-display":"","ast-banner-title-visibility":"","ast-main-header-display":"","ast-hfb-above-header-display":"","ast-hfb-below-header-display":"","ast-hfb-mobile-header-display":"","site-post-title":"","ast-breadcrumbs-content":"","ast-featured-img":"","footer-sml-layout":"","ast-disable-related-posts":"","theme-transparent-header-meta":"","adv-header-id-meta":"","stick-header-meta":"","header-above-stick-meta":"","header-main-stick-meta":"","header-below-stick-meta":"","astra-migrate-meta-layouts":"default","ast-page-background-enabled":"default","ast-page-background-meta":{"desktop":{"background-color":"var(--ast-global-color-4)","background-image":"","background-repeat":"repeat","background-position":"center center","background-size":"auto","background-attachment":"scroll","background-type":"","background-media":"","overlay-type":"","overlay-color":"","overlay-opacity":"","overlay-gradient":""},"tablet":{"background-color":"","background-image":"","background-repeat":"repeat","background-position":"center center","background-size":"auto","background-attachment":"scroll","background-type":"","background-media":"","overlay-type":"","overlay-color":"","overlay-opacity":"","overlay-gradient":""},"mobile":{"background-color":"","background-image":"","background-repeat":"repeat","background-position":"center center","background-size":"auto","background-attachment":"scroll","background-type":"","background-media":"","overlay-type":"","overlay-color":"","overlay-opacity":"","overlay-gradient":""}},"ast-content-background-meta":{"desktop":{"background-color":"var(--ast-global-color-5)","background-image":"","background-repeat":"repeat","background-position":"center center","background-size":"auto","background-attachment":"scroll","background-type":"","background-media":"","overlay-type":"","overlay-color":"","overlay-opacity":"","overlay-gradient":""},"tablet":{"background-color":"var(--ast-global-color-5)","background-image":"","background-repeat":"repeat","background-position":"center center","background-size":"auto","background-attachment":"scroll","background-type":"","background-media":"","overlay-type":"","overlay-color":"","overlay-opacity":"","overlay-gradient":""},"mobile":{"background-color":"var(--ast-global-color-5)","background-image":"","background-repeat":"repeat","background-position":"center center","background-size":"auto","background-attachment":"scroll","background-type":"","background-media":"","overlay-type":"","overlay-color":"","overlay-opacity":"","overlay-gradient":""}},"footnotes":""},"class_list":["post-179","page","type-page","status-publish","hentry"],"yoast_head":"<!-- This site is optimized with the Yoast SEO plugin v27.5 - https:\/\/yoast.com\/product\/yoast-seo-wordpress\/ -->\n<title>Aviso legal y politica de privacidad - Vinos y subproductos org\u00e1nicos y ecol\u00f3gicos<\/title>\n<meta name=\"robots\" content=\"index, follow, max-snippet:-1, max-image-preview:large, max-video-preview:-1\" \/>\n<link rel=\"canonical\" href=\"https:\/\/bodegaehd.com\/tienda\/aviso-legal-y-politica-de-privacidad\/\" \/>\n<meta property=\"og:locale\" content=\"es_ES\" \/>\n<meta property=\"og:type\" content=\"article\" \/>\n<meta property=\"og:title\" content=\"Aviso legal y politica de privacidad - Vinos y subproductos org\u00e1nicos y ecol\u00f3gicos\" \/>\n<meta property=\"og:description\" content=\"AVISO LEGAL Titular EXPLOTACIONES HERMANOS DELGADO S.L. (en adelante, EHD, titular del sitio Web) CIF: B13233192 es titular del dominio [&hellip;]\" \/>\n<meta property=\"og:url\" content=\"https:\/\/bodegaehd.com\/tienda\/aviso-legal-y-politica-de-privacidad\/\" \/>\n<meta property=\"og:site_name\" content=\"Vinos y subproductos org\u00e1nicos y ecol\u00f3gicos\" \/>\n<meta property=\"article:publisher\" content=\"https:\/\/www.facebook.com\/EHDBioOrganic\" \/>\n<meta property=\"article:modified_time\" content=\"2024-11-22T10:04:12+00:00\" \/>\n<meta name=\"twitter:card\" content=\"summary_large_image\" \/>\n<meta name=\"twitter:site\" content=\"@EHDBioOrganic\" \/>\n<meta name=\"twitter:label1\" content=\"Tiempo de lectura\" \/>\n\t<meta name=\"twitter:data1\" content=\"7 minutos\" \/>\n<script type=\"application\/ld+json\" class=\"yoast-schema-graph\">{\"@context\":\"https:\\\/\\\/schema.org\",\"@graph\":[{\"@type\":\"WebPage\",\"@id\":\"https:\\\/\\\/bodegaehd.com\\\/tienda\\\/aviso-legal-y-politica-de-privacidad\\\/\",\"url\":\"https:\\\/\\\/bodegaehd.com\\\/tienda\\\/aviso-legal-y-politica-de-privacidad\\\/\",\"name\":\"Aviso legal y politica de privacidad - Vinos y subproductos org\u00e1nicos y ecol\u00f3gicos\",\"isPartOf\":{\"@id\":\"https:\\\/\\\/bodegaehd.com\\\/tienda\\\/#website\"},\"datePublished\":\"2020-02-24T18:16:17+00:00\",\"dateModified\":\"2024-11-22T10:04:12+00:00\",\"breadcrumb\":{\"@id\":\"https:\\\/\\\/bodegaehd.com\\\/tienda\\\/aviso-legal-y-politica-de-privacidad\\\/#breadcrumb\"},\"inLanguage\":\"es\",\"potentialAction\":[{\"@type\":\"ReadAction\",\"target\":[\"https:\\\/\\\/bodegaehd.com\\\/tienda\\\/aviso-legal-y-politica-de-privacidad\\\/\"]}]},{\"@type\":\"BreadcrumbList\",\"@id\":\"https:\\\/\\\/bodegaehd.com\\\/tienda\\\/aviso-legal-y-politica-de-privacidad\\\/#breadcrumb\",\"itemListElement\":[{\"@type\":\"ListItem\",\"position\":1,\"name\":\"Portada\",\"item\":\"https:\\\/\\\/bodegaehd.com\\\/tienda\\\/\"},{\"@type\":\"ListItem\",\"position\":2,\"name\":\"Aviso legal y politica de privacidad\"}]},{\"@type\":\"WebSite\",\"@id\":\"https:\\\/\\\/bodegaehd.com\\\/tienda\\\/#website\",\"url\":\"https:\\\/\\\/bodegaehd.com\\\/tienda\\\/\",\"name\":\"Vinos y subproductos org\u00e1nicos y ecol\u00f3gicos\",\"description\":\"Agricultura ecol\u00f3gica y sostenible\",\"publisher\":{\"@id\":\"https:\\\/\\\/bodegaehd.com\\\/tienda\\\/#organization\"},\"potentialAction\":[{\"@type\":\"SearchAction\",\"target\":{\"@type\":\"EntryPoint\",\"urlTemplate\":\"https:\\\/\\\/bodegaehd.com\\\/tienda\\\/?s={search_term_string}\"},\"query-input\":{\"@type\":\"PropertyValueSpecification\",\"valueRequired\":true,\"valueName\":\"search_term_string\"}}],\"inLanguage\":\"es\"},{\"@type\":\"Organization\",\"@id\":\"https:\\\/\\\/bodegaehd.com\\\/tienda\\\/#organization\",\"name\":\"Explotaciones Hermanos Delgado SL\",\"url\":\"https:\\\/\\\/bodegaehd.com\\\/tienda\\\/\",\"logo\":{\"@type\":\"ImageObject\",\"inLanguage\":\"es\",\"@id\":\"https:\\\/\\\/bodegaehd.com\\\/tienda\\\/#\\\/schema\\\/logo\\\/image\\\/\",\"url\":\"http:\\\/\\\/bodegaehd.com\\\/tienda\\\/wp-content\\\/uploads\\\/2020\\\/05\\\/EHD-Logo-EHD-color.png\",\"contentUrl\":\"http:\\\/\\\/bodegaehd.com\\\/tienda\\\/wp-content\\\/uploads\\\/2020\\\/05\\\/EHD-Logo-EHD-color.png\",\"width\":715,\"height\":530,\"caption\":\"Explotaciones Hermanos Delgado SL\"},\"image\":{\"@id\":\"https:\\\/\\\/bodegaehd.com\\\/tienda\\\/#\\\/schema\\\/logo\\\/image\\\/\"},\"sameAs\":[\"https:\\\/\\\/www.facebook.com\\\/EHDBioOrganic\",\"https:\\\/\\\/x.com\\\/EHDBioOrganic\"]}]}<\/script>\n<!-- \/ Yoast SEO plugin. -->","yoast_head_json":{"title":"Aviso legal y politica de privacidad - Vinos y subproductos org\u00e1nicos y ecol\u00f3gicos","robots":{"index":"index","follow":"follow","max-snippet":"max-snippet:-1","max-image-preview":"max-image-preview:large","max-video-preview":"max-video-preview:-1"},"canonical":"https:\/\/bodegaehd.com\/tienda\/aviso-legal-y-politica-de-privacidad\/","og_locale":"es_ES","og_type":"article","og_title":"Aviso legal y politica de privacidad - Vinos y subproductos org\u00e1nicos y ecol\u00f3gicos","og_description":"AVISO LEGAL Titular EXPLOTACIONES HERMANOS DELGADO S.L. (en adelante, EHD, titular del sitio Web) CIF: B13233192 es titular del dominio [&hellip;]","og_url":"https:\/\/bodegaehd.com\/tienda\/aviso-legal-y-politica-de-privacidad\/","og_site_name":"Vinos y subproductos org\u00e1nicos y ecol\u00f3gicos","article_publisher":"https:\/\/www.facebook.com\/EHDBioOrganic","article_modified_time":"2024-11-22T10:04:12+00:00","twitter_card":"summary_large_image","twitter_site":"@EHDBioOrganic","twitter_misc":{"Tiempo de lectura":"7 minutos"},"schema":{"@context":"https:\/\/schema.org","@graph":[{"@type":"WebPage","@id":"https:\/\/bodegaehd.com\/tienda\/aviso-legal-y-politica-de-privacidad\/","url":"https:\/\/bodegaehd.com\/tienda\/aviso-legal-y-politica-de-privacidad\/","name":"Aviso legal y politica de privacidad - Vinos y subproductos org\u00e1nicos y ecol\u00f3gicos","isPartOf":{"@id":"https:\/\/bodegaehd.com\/tienda\/#website"},"datePublished":"2020-02-24T18:16:17+00:00","dateModified":"2024-11-22T10:04:12+00:00","breadcrumb":{"@id":"https:\/\/bodegaehd.com\/tienda\/aviso-legal-y-politica-de-privacidad\/#breadcrumb"},"inLanguage":"es","potentialAction":[{"@type":"ReadAction","target":["https:\/\/bodegaehd.com\/tienda\/aviso-legal-y-politica-de-privacidad\/"]}]},{"@type":"BreadcrumbList","@id":"https:\/\/bodegaehd.com\/tienda\/aviso-legal-y-politica-de-privacidad\/#breadcrumb","itemListElement":[{"@type":"ListItem","position":1,"name":"Portada","item":"https:\/\/bodegaehd.com\/tienda\/"},{"@type":"ListItem","position":2,"name":"Aviso legal y politica de privacidad"}]},{"@type":"WebSite","@id":"https:\/\/bodegaehd.com\/tienda\/#website","url":"https:\/\/bodegaehd.com\/tienda\/","name":"Vinos y subproductos org\u00e1nicos y ecol\u00f3gicos","description":"Agricultura ecol\u00f3gica y sostenible","publisher":{"@id":"https:\/\/bodegaehd.com\/tienda\/#organization"},"potentialAction":[{"@type":"SearchAction","target":{"@type":"EntryPoint","urlTemplate":"https:\/\/bodegaehd.com\/tienda\/?s={search_term_string}"},"query-input":{"@type":"PropertyValueSpecification","valueRequired":true,"valueName":"search_term_string"}}],"inLanguage":"es"},{"@type":"Organization","@id":"https:\/\/bodegaehd.com\/tienda\/#organization","name":"Explotaciones Hermanos Delgado SL","url":"https:\/\/bodegaehd.com\/tienda\/","logo":{"@type":"ImageObject","inLanguage":"es","@id":"https:\/\/bodegaehd.com\/tienda\/#\/schema\/logo\/image\/","url":"http:\/\/bodegaehd.com\/tienda\/wp-content\/uploads\/2020\/05\/EHD-Logo-EHD-color.png","contentUrl":"http:\/\/bodegaehd.com\/tienda\/wp-content\/uploads\/2020\/05\/EHD-Logo-EHD-color.png","width":715,"height":530,"caption":"Explotaciones Hermanos Delgado SL"},"image":{"@id":"https:\/\/bodegaehd.com\/tienda\/#\/schema\/logo\/image\/"},"sameAs":["https:\/\/www.facebook.com\/EHDBioOrganic","https:\/\/x.com\/EHDBioOrganic"]}]}},"_links":{"self":[{"href":"https:\/\/bodegaehd.com\/tienda\/wp-json\/wp\/v2\/pages\/179","targetHints":{"allow":["GET"]}}],"collection":[{"href":"https:\/\/bodegaehd.com\/tienda\/wp-json\/wp\/v2\/pages"}],"about":[{"href":"https:\/\/bodegaehd.com\/tienda\/wp-json\/wp\/v2\/types\/page"}],"author":[{"embeddable":true,"href":"https:\/\/bodegaehd.com\/tienda\/wp-json\/wp\/v2\/users\/1"}],"replies":[{"embeddable":true,"href":"https:\/\/bodegaehd.com\/tienda\/wp-json\/wp\/v2\/comments?post=179"}],"version-history":[{"count":4,"href":"https:\/\/bodegaehd.com\/tienda\/wp-json\/wp\/v2\/pages\/179\/revisions"}],"predecessor-version":[{"id":5644,"href":"https:\/\/bodegaehd.com\/tienda\/wp-json\/wp\/v2\/pages\/179\/revisions\/5644"}],"wp:attachment":[{"href":"https:\/\/bodegaehd.com\/tienda\/wp-json\/wp\/v2\/media?parent=179"}],"curies":[{"name":"wp","href":"https:\/\/api.w.org\/{rel}","templated":true}]}}