{"id":1707,"date":"2020-04-10T18:03:08","date_gmt":"2020-04-10T17:03:08","guid":{"rendered":"http:\/\/bodegaehd.com\/tienda\/?page_id=1707"},"modified":"2024-11-22T11:06:19","modified_gmt":"2024-11-22T10:06:19","slug":"formas-de-pago","status":"publish","type":"page","link":"https:\/\/bodegaehd.com\/tienda\/formas-de-pago\/","title":{"rendered":"Formas de pago"},"content":{"rendered":"\n<p>Explotaciones Hermanos Delgado, s.l. le ofrece la m\u00e1xima seguridad para pagar sus compras en toda confianza y con el mejor servicio.<\/p>\n\n\n\n<div class=\"wp-block-columns alignwide is-layout-flex wp-container-core-columns-is-layout-28f84493 wp-block-columns-is-layout-flex\">\n<div class=\"wp-block-column is-layout-flow wp-block-column-is-layout-flow\">\n<p><strong>1. Tarjeta de credito<\/strong><\/p>\n\n\n\n<p>Gracias a nuestra pasarela de pago Redsys, podr\u00e1 utilizar sus tarjetas de cr\u00e9dito de forma segura y en tiempo real. La transaccion se realizar\u00e1 con las m\u00e1ximas medidas de seguridad.<\/p>\n<\/div>\n\n\n\n<div class=\"wp-block-column is-layout-flow wp-block-column-is-layout-flow\">\n<p><strong>2. Paypal<\/strong><\/p>\n\n\n\n<p>Todo cliente que disponga de una cuenta de tipo Paypal o no, puede realizar el pago de esta manera. Esta opci\u00f3n existe para una mayor comodidad delos compradores que disponen de una cuenta de este tipo.<\/p>\n<\/div>\n\n\n\n<div class=\"wp-block-column is-layout-flow wp-block-column-is-layout-flow\">\n<p><strong>3. Contrareembolso<\/strong><\/p>\n\n\n\n<p>El pago se realizar\u00e1 en el momento de la entrega del pedido a trav\u00e9s de la compa\u00f1ia de transporte al lugar de env\u00edo. Esta modalidad de pago conlleva un cargo de un 5% del total de su pedido.<\/p>\n<\/div>\n<\/div>\n\n\n\n<figure class=\"wp-block-image aligncenter size-large is-resized\"><img loading=\"lazy\" decoding=\"async\" width=\"1024\" height=\"535\" src=\"https:\/\/bodegaehd.com\/tienda\/wp-content\/uploads\/2020\/04\/EHD-Slide-Pago-Seguro-SSL-y-tarjetas-1024x535.png\" alt=\"EHD Vinos ecologicos y agricultura ecol\u00f3gica\" class=\"wp-image-1639\" style=\"width:300px\" srcset=\"https:\/\/bodegaehd.com\/tienda\/wp-content\/uploads\/2020\/04\/EHD-Slide-Pago-Seguro-SSL-y-tarjetas-1024x535.png 1024w, https:\/\/bodegaehd.com\/tienda\/wp-content\/uploads\/2020\/04\/EHD-Slide-Pago-Seguro-SSL-y-tarjetas-300x157.png 300w, https:\/\/bodegaehd.com\/tienda\/wp-content\/uploads\/2020\/04\/EHD-Slide-Pago-Seguro-SSL-y-tarjetas-768x401.png 768w, https:\/\/bodegaehd.com\/tienda\/wp-content\/uploads\/2020\/04\/EHD-Slide-Pago-Seguro-SSL-y-tarjetas-1080x564.png 1080w, https:\/\/bodegaehd.com\/tienda\/wp-content\/uploads\/2020\/04\/EHD-Slide-Pago-Seguro-SSL-y-tarjetas-1280x668.png 1280w, https:\/\/bodegaehd.com\/tienda\/wp-content\/uploads\/2020\/04\/EHD-Slide-Pago-Seguro-SSL-y-tarjetas-980x512.png 980w, https:\/\/bodegaehd.com\/tienda\/wp-content\/uploads\/2020\/04\/EHD-Slide-Pago-Seguro-SSL-y-tarjetas-480x251.png 480w, https:\/\/bodegaehd.com\/tienda\/wp-content\/uploads\/2020\/04\/EHD-Slide-Pago-Seguro-SSL-y-tarjetas-600x313.png 600w, https:\/\/bodegaehd.com\/tienda\/wp-content\/uploads\/2020\/04\/EHD-Slide-Pago-Seguro-SSL-y-tarjetas.png 1500w\" sizes=\"auto, (max-width: 1024px) 100vw, 1024px\" \/><\/figure>\n","protected":false},"excerpt":{"rendered":"<p>Explotaciones Hermanos Delgado, s.l. le ofrece la m\u00e1xima seguridad para pagar sus compras en toda confianza y con el mejor [&hellip;]<\/p>\n","protected":false},"author":1,"featured_media":0,"parent":0,"menu_order":0,"comment_status":"closed","ping_status":"closed","template":"","meta":{"inline_featured_image":false,"site-sidebar-layout":"default","site-content-layout":"","ast-site-content-layout":"default","site-content-style":"default","site-sidebar-style":"default","ast-global-header-display":"","ast-banner-title-visibility":"","ast-main-header-display":"","ast-hfb-above-header-display":"","ast-hfb-below-header-display":"","ast-hfb-mobile-header-display":"","site-post-title":"","ast-breadcrumbs-content":"","ast-featured-img":"","footer-sml-layout":"","ast-disable-related-posts":"","theme-transparent-header-meta":"","adv-header-id-meta":"","stick-header-meta":"","header-above-stick-meta":"","header-main-stick-meta":"","header-below-stick-meta":"","astra-migrate-meta-layouts":"default","ast-page-background-enabled":"default","ast-page-background-meta":{"desktop":{"background-color":"var(--ast-global-color-4)","background-image":"","background-repeat":"repeat","background-position":"center center","background-size":"auto","background-attachment":"scroll","background-type":"","background-media":"","overlay-type":"","overlay-color":"","overlay-opacity":"","overlay-gradient":""},"tablet":{"background-color":"","background-image":"","background-repeat":"repeat","background-position":"center center","background-size":"auto","background-attachment":"scroll","background-type":"","background-media":"","overlay-type":"","overlay-color":"","overlay-opacity":"","overlay-gradient":""},"mobile":{"background-color":"","background-image":"","background-repeat":"repeat","background-position":"center center","background-size":"auto","background-attachment":"scroll","background-type":"","background-media":"","overlay-type":"","overlay-color":"","overlay-opacity":"","overlay-gradient":""}},"ast-content-background-meta":{"desktop":{"background-color":"var(--ast-global-color-5)","background-image":"","background-repeat":"repeat","background-position":"center center","background-size":"auto","background-attachment":"scroll","background-type":"","background-media":"","overlay-type":"","overlay-color":"","overlay-opacity":"","overlay-gradient":""},"tablet":{"background-color":"var(--ast-global-color-5)","background-image":"","background-repeat":"repeat","background-position":"center center","background-size":"auto","background-attachment":"scroll","background-type":"","background-media":"","overlay-type":"","overlay-color":"","overlay-opacity":"","overlay-gradient":""},"mobile":{"background-color":"var(--ast-global-color-5)","background-image":"","background-repeat":"repeat","background-position":"center center","background-size":"auto","background-attachment":"scroll","background-type":"","background-media":"","overlay-type":"","overlay-color":"","overlay-opacity":"","overlay-gradient":""}},"footnotes":""},"class_list":["post-1707","page","type-page","status-publish","hentry"],"yoast_head":"<!-- This site is optimized with the Yoast SEO plugin v27.5 - https:\/\/yoast.com\/product\/yoast-seo-wordpress\/ -->\n<title>Formas de pago - Vinos y subproductos org\u00e1nicos y ecol\u00f3gicos<\/title>\n<meta name=\"robots\" content=\"index, follow, max-snippet:-1, max-image-preview:large, max-video-preview:-1\" \/>\n<link rel=\"canonical\" href=\"https:\/\/bodegaehd.com\/tienda\/formas-de-pago\/\" \/>\n<meta property=\"og:locale\" content=\"es_ES\" \/>\n<meta property=\"og:type\" content=\"article\" \/>\n<meta property=\"og:title\" content=\"Formas de pago - Vinos y subproductos org\u00e1nicos y ecol\u00f3gicos\" \/>\n<meta property=\"og:description\" content=\"Explotaciones Hermanos Delgado, s.l. le ofrece la m\u00e1xima seguridad para pagar sus compras en toda confianza y con el mejor [&hellip;]\" \/>\n<meta property=\"og:url\" content=\"https:\/\/bodegaehd.com\/tienda\/formas-de-pago\/\" \/>\n<meta property=\"og:site_name\" content=\"Vinos y subproductos org\u00e1nicos y ecol\u00f3gicos\" \/>\n<meta property=\"article:publisher\" content=\"https:\/\/www.facebook.com\/EHDBioOrganic\" \/>\n<meta property=\"article:modified_time\" content=\"2024-11-22T10:06:19+00:00\" \/>\n<meta property=\"og:image\" content=\"https:\/\/bodegaehd.com\/tienda\/wp-content\/uploads\/2020\/04\/EHD-Slide-Pago-Seguro-SSL-y-tarjetas.png\" \/>\n\t<meta property=\"og:image:width\" content=\"1500\" \/>\n\t<meta property=\"og:image:height\" content=\"783\" \/>\n\t<meta property=\"og:image:type\" content=\"image\/png\" \/>\n<meta name=\"twitter:card\" content=\"summary_large_image\" \/>\n<meta name=\"twitter:site\" content=\"@EHDBioOrganic\" \/>\n<meta name=\"twitter:label1\" content=\"Tiempo de lectura\" \/>\n\t<meta name=\"twitter:data1\" content=\"1 minuto\" \/>\n<script type=\"application\/ld+json\" class=\"yoast-schema-graph\">{\"@context\":\"https:\\\/\\\/schema.org\",\"@graph\":[{\"@type\":\"WebPage\",\"@id\":\"https:\\\/\\\/bodegaehd.com\\\/tienda\\\/formas-de-pago\\\/\",\"url\":\"https:\\\/\\\/bodegaehd.com\\\/tienda\\\/formas-de-pago\\\/\",\"name\":\"Formas de pago - Vinos y subproductos org\u00e1nicos y ecol\u00f3gicos\",\"isPartOf\":{\"@id\":\"https:\\\/\\\/bodegaehd.com\\\/tienda\\\/#website\"},\"primaryImageOfPage\":{\"@id\":\"https:\\\/\\\/bodegaehd.com\\\/tienda\\\/formas-de-pago\\\/#primaryimage\"},\"image\":{\"@id\":\"https:\\\/\\\/bodegaehd.com\\\/tienda\\\/formas-de-pago\\\/#primaryimage\"},\"thumbnailUrl\":\"https:\\\/\\\/bodegaehd.com\\\/tienda\\\/wp-content\\\/uploads\\\/2020\\\/04\\\/EHD-Slide-Pago-Seguro-SSL-y-tarjetas-1024x535.png\",\"datePublished\":\"2020-04-10T17:03:08+00:00\",\"dateModified\":\"2024-11-22T10:06:19+00:00\",\"breadcrumb\":{\"@id\":\"https:\\\/\\\/bodegaehd.com\\\/tienda\\\/formas-de-pago\\\/#breadcrumb\"},\"inLanguage\":\"es\",\"potentialAction\":[{\"@type\":\"ReadAction\",\"target\":[\"https:\\\/\\\/bodegaehd.com\\\/tienda\\\/formas-de-pago\\\/\"]}]},{\"@type\":\"ImageObject\",\"inLanguage\":\"es\",\"@id\":\"https:\\\/\\\/bodegaehd.com\\\/tienda\\\/formas-de-pago\\\/#primaryimage\",\"url\":\"https:\\\/\\\/bodegaehd.com\\\/tienda\\\/wp-content\\\/uploads\\\/2020\\\/04\\\/EHD-Slide-Pago-Seguro-SSL-y-tarjetas.png\",\"contentUrl\":\"https:\\\/\\\/bodegaehd.com\\\/tienda\\\/wp-content\\\/uploads\\\/2020\\\/04\\\/EHD-Slide-Pago-Seguro-SSL-y-tarjetas.png\",\"width\":1500,\"height\":783,\"caption\":\"EHD Vinos ecologicos y agricultura ecol\u00f3gica\"},{\"@type\":\"BreadcrumbList\",\"@id\":\"https:\\\/\\\/bodegaehd.com\\\/tienda\\\/formas-de-pago\\\/#breadcrumb\",\"itemListElement\":[{\"@type\":\"ListItem\",\"position\":1,\"name\":\"Portada\",\"item\":\"https:\\\/\\\/bodegaehd.com\\\/tienda\\\/\"},{\"@type\":\"ListItem\",\"position\":2,\"name\":\"Formas de pago\"}]},{\"@type\":\"WebSite\",\"@id\":\"https:\\\/\\\/bodegaehd.com\\\/tienda\\\/#website\",\"url\":\"https:\\\/\\\/bodegaehd.com\\\/tienda\\\/\",\"name\":\"Vinos y subproductos org\u00e1nicos y ecol\u00f3gicos\",\"description\":\"Agricultura ecol\u00f3gica y sostenible\",\"publisher\":{\"@id\":\"https:\\\/\\\/bodegaehd.com\\\/tienda\\\/#organization\"},\"potentialAction\":[{\"@type\":\"SearchAction\",\"target\":{\"@type\":\"EntryPoint\",\"urlTemplate\":\"https:\\\/\\\/bodegaehd.com\\\/tienda\\\/?s={search_term_string}\"},\"query-input\":{\"@type\":\"PropertyValueSpecification\",\"valueRequired\":true,\"valueName\":\"search_term_string\"}}],\"inLanguage\":\"es\"},{\"@type\":\"Organization\",\"@id\":\"https:\\\/\\\/bodegaehd.com\\\/tienda\\\/#organization\",\"name\":\"Explotaciones Hermanos Delgado SL\",\"url\":\"https:\\\/\\\/bodegaehd.com\\\/tienda\\\/\",\"logo\":{\"@type\":\"ImageObject\",\"inLanguage\":\"es\",\"@id\":\"https:\\\/\\\/bodegaehd.com\\\/tienda\\\/#\\\/schema\\\/logo\\\/image\\\/\",\"url\":\"http:\\\/\\\/bodegaehd.com\\\/tienda\\\/wp-content\\\/uploads\\\/2020\\\/05\\\/EHD-Logo-EHD-color.png\",\"contentUrl\":\"http:\\\/\\\/bodegaehd.com\\\/tienda\\\/wp-content\\\/uploads\\\/2020\\\/05\\\/EHD-Logo-EHD-color.png\",\"width\":715,\"height\":530,\"caption\":\"Explotaciones Hermanos Delgado SL\"},\"image\":{\"@id\":\"https:\\\/\\\/bodegaehd.com\\\/tienda\\\/#\\\/schema\\\/logo\\\/image\\\/\"},\"sameAs\":[\"https:\\\/\\\/www.facebook.com\\\/EHDBioOrganic\",\"https:\\\/\\\/x.com\\\/EHDBioOrganic\"]}]}<\/script>\n<!-- \/ Yoast SEO plugin. -->","yoast_head_json":{"title":"Formas de pago - Vinos y subproductos org\u00e1nicos y ecol\u00f3gicos","robots":{"index":"index","follow":"follow","max-snippet":"max-snippet:-1","max-image-preview":"max-image-preview:large","max-video-preview":"max-video-preview:-1"},"canonical":"https:\/\/bodegaehd.com\/tienda\/formas-de-pago\/","og_locale":"es_ES","og_type":"article","og_title":"Formas de pago - Vinos y subproductos org\u00e1nicos y ecol\u00f3gicos","og_description":"Explotaciones Hermanos Delgado, s.l. le ofrece la m\u00e1xima seguridad para pagar sus compras en toda confianza y con el mejor [&hellip;]","og_url":"https:\/\/bodegaehd.com\/tienda\/formas-de-pago\/","og_site_name":"Vinos y subproductos org\u00e1nicos y ecol\u00f3gicos","article_publisher":"https:\/\/www.facebook.com\/EHDBioOrganic","article_modified_time":"2024-11-22T10:06:19+00:00","og_image":[{"width":1500,"height":783,"url":"https:\/\/bodegaehd.com\/tienda\/wp-content\/uploads\/2020\/04\/EHD-Slide-Pago-Seguro-SSL-y-tarjetas.png","type":"image\/png"}],"twitter_card":"summary_large_image","twitter_site":"@EHDBioOrganic","twitter_misc":{"Tiempo de lectura":"1 minuto"},"schema":{"@context":"https:\/\/schema.org","@graph":[{"@type":"WebPage","@id":"https:\/\/bodegaehd.com\/tienda\/formas-de-pago\/","url":"https:\/\/bodegaehd.com\/tienda\/formas-de-pago\/","name":"Formas de pago - Vinos y subproductos org\u00e1nicos y ecol\u00f3gicos","isPartOf":{"@id":"https:\/\/bodegaehd.com\/tienda\/#website"},"primaryImageOfPage":{"@id":"https:\/\/bodegaehd.com\/tienda\/formas-de-pago\/#primaryimage"},"image":{"@id":"https:\/\/bodegaehd.com\/tienda\/formas-de-pago\/#primaryimage"},"thumbnailUrl":"https:\/\/bodegaehd.com\/tienda\/wp-content\/uploads\/2020\/04\/EHD-Slide-Pago-Seguro-SSL-y-tarjetas-1024x535.png","datePublished":"2020-04-10T17:03:08+00:00","dateModified":"2024-11-22T10:06:19+00:00","breadcrumb":{"@id":"https:\/\/bodegaehd.com\/tienda\/formas-de-pago\/#breadcrumb"},"inLanguage":"es","potentialAction":[{"@type":"ReadAction","target":["https:\/\/bodegaehd.com\/tienda\/formas-de-pago\/"]}]},{"@type":"ImageObject","inLanguage":"es","@id":"https:\/\/bodegaehd.com\/tienda\/formas-de-pago\/#primaryimage","url":"https:\/\/bodegaehd.com\/tienda\/wp-content\/uploads\/2020\/04\/EHD-Slide-Pago-Seguro-SSL-y-tarjetas.png","contentUrl":"https:\/\/bodegaehd.com\/tienda\/wp-content\/uploads\/2020\/04\/EHD-Slide-Pago-Seguro-SSL-y-tarjetas.png","width":1500,"height":783,"caption":"EHD Vinos ecologicos y agricultura ecol\u00f3gica"},{"@type":"BreadcrumbList","@id":"https:\/\/bodegaehd.com\/tienda\/formas-de-pago\/#breadcrumb","itemListElement":[{"@type":"ListItem","position":1,"name":"Portada","item":"https:\/\/bodegaehd.com\/tienda\/"},{"@type":"ListItem","position":2,"name":"Formas de pago"}]},{"@type":"WebSite","@id":"https:\/\/bodegaehd.com\/tienda\/#website","url":"https:\/\/bodegaehd.com\/tienda\/","name":"Vinos y subproductos org\u00e1nicos y ecol\u00f3gicos","description":"Agricultura ecol\u00f3gica y sostenible","publisher":{"@id":"https:\/\/bodegaehd.com\/tienda\/#organization"},"potentialAction":[{"@type":"SearchAction","target":{"@type":"EntryPoint","urlTemplate":"https:\/\/bodegaehd.com\/tienda\/?s={search_term_string}"},"query-input":{"@type":"PropertyValueSpecification","valueRequired":true,"valueName":"search_term_string"}}],"inLanguage":"es"},{"@type":"Organization","@id":"https:\/\/bodegaehd.com\/tienda\/#organization","name":"Explotaciones Hermanos Delgado SL","url":"https:\/\/bodegaehd.com\/tienda\/","logo":{"@type":"ImageObject","inLanguage":"es","@id":"https:\/\/bodegaehd.com\/tienda\/#\/schema\/logo\/image\/","url":"http:\/\/bodegaehd.com\/tienda\/wp-content\/uploads\/2020\/05\/EHD-Logo-EHD-color.png","contentUrl":"http:\/\/bodegaehd.com\/tienda\/wp-content\/uploads\/2020\/05\/EHD-Logo-EHD-color.png","width":715,"height":530,"caption":"Explotaciones Hermanos Delgado SL"},"image":{"@id":"https:\/\/bodegaehd.com\/tienda\/#\/schema\/logo\/image\/"},"sameAs":["https:\/\/www.facebook.com\/EHDBioOrganic","https:\/\/x.com\/EHDBioOrganic"]}]}},"_links":{"self":[{"href":"https:\/\/bodegaehd.com\/tienda\/wp-json\/wp\/v2\/pages\/1707","targetHints":{"allow":["GET"]}}],"collection":[{"href":"https:\/\/bodegaehd.com\/tienda\/wp-json\/wp\/v2\/pages"}],"about":[{"href":"https:\/\/bodegaehd.com\/tienda\/wp-json\/wp\/v2\/types\/page"}],"author":[{"embeddable":true,"href":"https:\/\/bodegaehd.com\/tienda\/wp-json\/wp\/v2\/users\/1"}],"replies":[{"embeddable":true,"href":"https:\/\/bodegaehd.com\/tienda\/wp-json\/wp\/v2\/comments?post=1707"}],"version-history":[{"count":3,"href":"https:\/\/bodegaehd.com\/tienda\/wp-json\/wp\/v2\/pages\/1707\/revisions"}],"predecessor-version":[{"id":5646,"href":"https:\/\/bodegaehd.com\/tienda\/wp-json\/wp\/v2\/pages\/1707\/revisions\/5646"}],"wp:attachment":[{"href":"https:\/\/bodegaehd.com\/tienda\/wp-json\/wp\/v2\/media?parent=1707"}],"curies":[{"name":"wp","href":"https:\/\/api.w.org\/{rel}","templated":true}]}}