{"id":1699,"date":"2020-04-10T17:57:09","date_gmt":"2020-04-10T16:57:09","guid":{"rendered":"http:\/\/bodegaehd.com\/tienda\/?page_id=1699"},"modified":"2024-11-22T11:09:41","modified_gmt":"2024-11-22T10:09:41","slug":"politica-de-venta-envios-y-devoluciones","status":"publish","type":"page","link":"https:\/\/bodegaehd.com\/tienda\/politica-de-venta-envios-y-devoluciones\/","title":{"rendered":"T\u00e9rminos y Condiciones Generales de Contrataci\u00f3n"},"content":{"rendered":"\n<p>Las presentes condiciones generales de contrataci\u00f3n se aplican a todas las transacciones comerciales realizadas en nuestra tienda virtual www.bodegaehd.com, dominio del que es titular EXPOTACIONES HERMANOS DELGADO SL provista de CIF B-13233192 y con domicilio en calle Villarrobledo, 37, c\u00f3digo postal 13630, Socu\u00e9llamos (Ciudad Real), Espa\u00f1a.<\/p>\n\n\n\n<p>Las compraventas de los productos incluidos en el sitio web se regir\u00e1n por las siguientes condiciones generales de contrataci\u00f3n que el comprador acepta al comprar alg\u00fan producto de la tienda online&nbsp;www.bodegaehd.com&nbsp;siguiendo el procedimiento de compra de \u00e9sta. Estas condiciones generales de contrataci\u00f3n est\u00e1n en vigor para todos los productos que se ofrecen en la web, pudi\u00e9ndose modificar sin previo aviso, no afectando los cambios a las compras ya realizadas.<\/p>\n\n\n\n<p>El prestador de servicios se reserva el derecho a modificar la oferta comercial presentada en el website (modificaciones sobre productos, precios, promociones, otras condiciones comerciales y de servicio) en cualquier momento y hace todos los esfuerzos dentro de sus posibilidades para ofrecer la informaci\u00f3n contenida en la tienda online de forma veraz y sin errores tipogr\u00e1ficos.<\/p>\n\n\n\n<p>En el caso de que en alg\u00fan momento se produjera alg\u00fan error de este tipo, ajeno en todo momento a la voluntad de&nbsp;www.bodegaehd.com&nbsp;se proceder\u00eda de forma inmediata a su correcci\u00f3n. De existir un error tipogr\u00e1fico en alguno de los precios mostrados y alg\u00fan cliente hubiera tomado una decisi\u00f3n de compra basada en dicho error,&nbsp;www.bodegaehd.com&nbsp;le comunicar\u00e1 al cliente su error y el cliente tendr\u00e1 derecho a rescindir su compra sin ning\u00fan coste por su parte.<\/p>\n\n\n\n<h3 class=\"wp-block-heading\">1. Tr\u00e1mites de Compra-venta<\/h3>\n\n\n\n<p>La compra de productos ofrecidos en&nbsp;www.bodegaehd.com&nbsp;se realiza mediante la selecci\u00f3n de los productos elegidos, los cuales se incluir\u00e1n en la cesta de la compra. Una vez concluida la selecci\u00f3n se continuar\u00e1 la compra, procedi\u00e9ndose a la cumplimentaci\u00f3n de los datos personales para la emisi\u00f3n del comprobante de compra o factura (en caso de requerirla), la forma de pago y los datos de env\u00edo de los productos.<\/p>\n\n\n\n<p>En los tr\u00e1mites de la compraventa, el comprador podr\u00e1 modificar tanto los productos seleccionados como el n\u00famero de \u00e9stos, los datos personales, la forma de pago y el lugar de env\u00edo pudiendo retroceder en el procedimiento de compra del sitio web antes de la aceptaci\u00f3n definitiva de la compraventa.<\/p>\n\n\n\n<p>Una vez realizada la compraventa, se confirmar\u00e1 \u00e9sta por medio de un correo electr\u00f3nico de manera inmediata, a la direcci\u00f3n de e-mail que haya indicado el comprador, detallando los productos comprados, los costes, impuestos, gastos de env\u00edo, la forma de pago, el lugar y plazo de entrega.<\/p>\n\n\n\n<h3 class=\"wp-block-heading\">2. Precio y pago<\/h3>\n\n\n\n<p>Los precios indicados en los productos de nuestra tienda online incluyen el IVA, pero excluyen los gastos de env\u00edo, que se a\u00f1adir\u00e1n al importe total en el resumen del pedido. Los precios pueden cambiar en cualquier momento, pero los posibles cambios no afectar\u00e1n a los pedidos con respecto a los que ya hayamos enviado una confirmaci\u00f3n de pedido.<\/p>\n\n\n\n<p>El pago de los productos contratados se podr\u00e1 realizar mediante:<\/p>\n\n\n\n<p><strong>Tarjeta de Cr\u00e9dito:&nbsp;<\/strong>a trav\u00e9s de una pasarela de pago segura. Para ello, ser\u00e1 necesario que tenga dada de alta su tarjeta para realizar operaciones por internet. Tus pagos se realizar\u00e1n en tiempo real a trav\u00e9s de la pasarela de pago de la entidad financiera correspondiente, una vez se ha comprobado que los datos comunicados son correctos. Para ello los datos confidenciales de la tarjeta utilizada para el pago son transmitidos directamente a dicha entidad, de manera&nbsp;encriptada (SLL).<\/p>\n\n\n\n<h3 class=\"wp-block-heading\">3. Impuesto sobre el valor a\u00f1adido y facturaci\u00f3n<\/h3>\n\n\n\n<p>De conformidad con lo dispuesto en el art\u00edculo 68 de la Ley 37\/1992, de 28 de diciembre, del Impuesto sobre el Valor A\u00f1adido, la entrega de los art\u00edculos se entender\u00e1 localizada en el territorio de aplicaci\u00f3n del IVA espa\u00f1ol si la direcci\u00f3n de entrega est\u00e1 en territorio espa\u00f1ol salvo Canarias, Ceuta y Melilla. El tipo de IVA aplicable ser\u00e1 el legalmente vigente en cada momento en funci\u00f3n del art\u00edculo concreto de que se trate.<\/p>\n\n\n\n<p>En los pedidos con destino a Canarias, Ceuta y Melilla, las entregas se encontrar\u00e1n exentas de IVA por aplicaci\u00f3n de lo dispuesto en el art\u00edculo 21 de Ley 37\/1992, sin perjuicio de la aplicaci\u00f3n de los impuestos y aranceles correspondientes conforme a la normativa vigente en cada uno de estos territorios.<\/p>\n\n\n\n<p>Usted nos autoriza expresamente a emitir la factura en soporte electr\u00f3nico, si bien podr\u00e1 indicarnos en cualquier momento su voluntad de recibir una factura en soporte papel, en cuyo caso, emitiremos y remitiremos la factura en dicho formato.<\/p>\n\n\n\n<h3 class=\"wp-block-heading\">4. Entrega<\/h3>\n\n\n\n<p>Salvo que existan circunstancias imprevistas o extraordinarias los productos ser\u00e1n enviados a la direcci\u00f3n que nos indique en el formulario mediante Agencia de transporte. El tiempo de entrega ser\u00e1 de 48 horas para pen\u00ednsula y de 7 d\u00edas h\u00e1biles para entregas a Islas Baleares, Islas Canarias, Ceuta y Melilla.<\/p>\n\n\n\n<p>El plazo de entrega para env\u00edos fuera del territorio espa\u00f1ol oscila entre 5 y 10 d\u00edas h\u00e1biles. El plazo de entrega empezar\u00e1 a contar a partir del siguiente d\u00eda h\u00e1bil de la compra. Asimismo, los pedidos tramitados en fin de semana o d\u00edas festivos ser\u00e1n preparados el d\u00eda siguiente laborable. Por lo que si realizas tu pedido el viernes a partir de la 13.00 h, \u00e9ste se preparar\u00e1 el lunes y lo recibir\u00e1s seg\u00fan la localizaci\u00f3n de tu domicilio.<\/p>\n\n\n\n<p>No es posible realizar el env\u00edo de pedidos a apartados de Correos, ni en Hoteles u otras direcciones no permanentes, ni organismos p\u00fablicos con c\u00f3digos de correos privados.<\/p>\n\n\n\n<p>Si por alg\u00fan motivo no pudi\u00e9semos cumplir con la fecha de entrega, le informaremos de esta circunstancia y le daremos la opci\u00f3n de seguir adelante con la compra estableciendo una nueva fecha de entrega<\/p>\n\n\n\n<h3 class=\"wp-block-heading\">5. Imposibilidad de entrega de los productos<\/h3>\n\n\n\n<p>Si nos resulta imposible efectuar la entrega de su pedido en la direcci\u00f3n de entrega indicada en el pedido, tras intentar ponernos en contacto telef\u00f3nico con usted y nos volveremos a personar en el domicilio para realizar la entrega. En el caso de imposibilidad de ponernos en contacto con usted, intentaremos buscar un lugar seguro para dejarlo. Si no podemos encontrar un lugar seguro, su pedido ser\u00e1 devuelto a nuestro almac\u00e9n. Asimismo, le dejaremos una nota explic\u00e1ndole d\u00f3nde se encuentra su pedido y c\u00f3mo hacer para que le sea enviado de nuevo.<\/p>\n\n\n\n<p>Si no va a estar en el lugar de entrega a la hora convenida, le rogamos que se ponga en contacto con nosotros para convenir la entrega en otro d\u00eda.<\/p>\n\n\n\n<h3 class=\"wp-block-heading\">6. Disponibilidad de los productos<\/h3>\n\n\n\n<p>Todos los pedidos est\u00e1n sujetos a la disponibilidad de los productos. Si se produjeran dificultades en cuanto al suministro de productos o si no quedan art\u00edculos en stock, le reembolsaremos cualquier cantidad que pudiera usted haber abonado.<\/p>\n\n\n\n<h3 class=\"wp-block-heading\">7. Compra como invitado<\/h3>\n\n\n\n<p>www.bodegaehd.com&nbsp;tambi\u00e9n permite la compra a trav\u00e9s de la funcionalidad de compra como invitado. En esta modalidad de compra, se le solicitar\u00e1n \u00fanicamente los datos imprescindibles para poder tramitar su pedido. Una vez finalizado el proceso de compra, se le ofrecer\u00e1 la posibilidad de registrarse como usuario o continuar como usuario no registrado.<\/p>\n\n\n\n<h3 class=\"wp-block-heading\">8. Derecho de desistimiento<\/h3>\n\n\n\n<p>Si usted est\u00e1 contratando como consumidor o usuario, tiene derecho a desistir del presente contrato en un plazo de 14 d\u00edas naturales sin necesidad de justificaci\u00f3n.<\/p>\n\n\n\n<p>El plazo de desistimiento expirar\u00e1 a los 14 d\u00edas naturales del d\u00eda que usted o un tercero indicado por usted adquiri\u00f3 la posesi\u00f3n de los bienes que componen su pedido. Para ejercer el derecho de desistimiento deber\u00e1 notificarnos a nuestras direcciones de correo electr\u00f3nico de contacto&nbsp;info@bodegaehd.com, su decisi\u00f3n de desistir del contrato a trav\u00e9s de una declaraci\u00f3n inequ\u00edvoca (carta por correo electr\u00f3nico o postal). Para ello puede utilizar el modelo de formulario que figura como anexo a las presentes condiciones, aunque su uso no es obligatorio. Para cumplir el plazo de desistimiento basta con que la comunicaci\u00f3n relativa al ejercicio por su parte de este derecho sea enviada antes de que venza el plazo detallado anteriormente.<\/p>\n\n\n\n<p>En caso de desistimiento por su parte, le devolveremos todos los pagos recibidos de usted, incluidos los gastos de entrega hasta la direcci\u00f3n de env\u00edo inicial sin ninguna demora indebida y, en todo caso, a m\u00e1s tardar 14 d\u00edas naturales a partir de la fecha en la que se nos informe de su decisi\u00f3n de desistir del presente contrato. Procederemos a efectuar dicho reembolso utilizando el mismo medio de pago empleado por usted para la transacci\u00f3n inicial, salvo que usted nos indique lo contrario, detallando expresamente el medio de pago a trav\u00e9s del cual desea que realicemos la devoluci\u00f3n. No incurrir\u00e1 en ning\u00fan gasto como consecuencia del reembolso. No obstante lo anterior, podremos retener el reembolso hasta haber recibido los bienes, o hasta que usted haya presentado una prueba de la devoluci\u00f3n de los mismos, seg\u00fan qu\u00e9 condici\u00f3n se cumpla primero.<\/p>\n\n\n\n<h3 class=\"wp-block-heading\">9. Responsabilidad y exoneraci\u00f3n de responsabilidad<\/h3>\n\n\n\n<p>Nuestra responsabilidad en relaci\u00f3n a cualquier producto adquirido en&nbsp;www.bodegaehd.com&nbsp;estar\u00e1 limitada estrictamente al precio de compra de dicho producto.<\/p>\n\n\n\n<p>Debido a la naturaleza abierta de&nbsp;www.bodegaehd.com&nbsp;y a la posibilidad de que se produzcan errores en el almacenaje y transmisi\u00f3n de informaci\u00f3n digital, no garantizamos la precisi\u00f3n y seguridad de la informaci\u00f3n transmitida u obtenida por medio de este sitio web a no ser que se establezca expresamente lo contrario en la misma.<\/p>\n\n\n\n<h3 class=\"wp-block-heading\">10. Propiedad industrial e intelectual<\/h3>\n\n\n\n<p>Usted reconoce y consiente que todo copyright, marca registrada y dem\u00e1s derechos de propiedad industrial e intelectual sobre los materiales o contenidos que se aportan como parte de la tienda online nos corresponden en todo momento a nosotros o a quienes nos otorgaron licencia para su uso. Usted podr\u00e1 hacer uso de dicho material \u00fanicamente en la forma en que se lo autoricemos expresamente nosotros o quienes nos otorgaron licencia para su uso. Esto no le impedir\u00e1 utilizar esta p\u00e1gina web en la medida necesaria para copiar la informaci\u00f3n sobre su pedido o datos de Contacto.<\/p>\n\n\n\n<h3 class=\"wp-block-heading\">11. Comunicaciones por escrito<\/h3>\n\n\n\n<p>La normativa aplicable exige que parte de la informaci\u00f3n o comunicaciones que le enviemos sean por escrito. Mediante el uso de esta tienda online, usted acepta que la mayor parte de dichas comunicaciones con nosotros sean electr\u00f3nicas. Nos pondremos en contacto con usted por correo electr\u00f3nico o le facilitaremos informaci\u00f3n colgando avisos en esta p\u00e1gina web.<\/p>\n\n\n\n<p>A efectos contractuales, usted consiente en usar este medio electr\u00f3nico de comunicaci\u00f3n y reconoce que todo contrato, notificaci\u00f3n, informaci\u00f3n y dem\u00e1s comunicaciones que le enviemos de forma electr\u00f3nica cumplen con los requisitos legales de ser por escrito. Esta condici\u00f3n no afectar\u00e1 a sus derechos reconocidos por ley.<\/p>\n\n\n\n<h3 class=\"wp-block-heading\">12. Legislaci\u00f3n aplicable y jurisdicci\u00f3n<\/h3>\n\n\n\n<p>El uso de nuestra tienda online y los contratos de compra de productos a trav\u00e9s&nbsp;www.bodegaehd.com&nbsp;se regir\u00e1n por la legislaci\u00f3n espa\u00f1ola. Cualquier controversia que surja o guarde relaci\u00f3n con el uso de la tienda online o con dichos contratos ser\u00e1 sometida a la jurisdicci\u00f3n no exclusiva de los juzgados y tribunales espa\u00f1oles. Si usted est\u00e1 contratando como consumidor, nada en la presente cl\u00e1usula afectar\u00e1 a los derechos que como tal le reconoce la legislaci\u00f3n vigente.<\/p>\n\n\n\n<h3 class=\"wp-block-heading\">13. Comentarios, sugerencias, quejas y reclamaciones<\/h3>\n\n\n\n<p>Sus comentarios y sugerencias ser\u00e1n bien recibidos. Le rogamos que nos env\u00ede tales comentarios y sugerencias, as\u00ed como cualquier consulta, queja o reclamaci\u00f3n, a trav\u00e9s de nuestras v\u00edas de contacto del servicio de atenci\u00f3n al cliente:<\/p>\n\n\n\n<ul class=\"wp-block-list\">\n<li>Correo electr\u00f3nico:&nbsp;<a href=\"mailto:info@bodegaehd.com\">info@bodegaehd.com<\/a><\/li>\n\n\n\n<li>Tel\u00e9fono de atenci\u00f3n al cliente:&nbsp;+34 926 699 107<\/li>\n<\/ul>\n\n\n\n<p>Sus quejas y reclamaciones ante nuestro servicio de atenci\u00f3n al cliente ser\u00e1n atendidas en el plazo m\u00e1s breve posible y, en todo caso, en el plazo legamente establecido. Asimismo, quedar\u00e1n registradas con una clave identificativa que pondremos en su conocimiento y le permitir\u00e1 hacer seguimiento de las mismas.<\/p>\n\n\n\n<p>\u00daltima actualizaci\u00f3n a 31,07.2020<\/p>\n\n\n\n<p class=\"has-text-align-center\"><strong>Anexo. Modelo de formulario de desistimiento Formulario de desistimiento<\/strong><\/p>\n\n\n\n<p class=\"has-text-align-center\"><strong>(S\u00f3lo debe cumplimentar y enviar el presente formulario si desea desistir del contrato)<\/strong><\/p>\n\n\n\n<p>A la atenci\u00f3n de actuando bajo la marca de productos y servicios , con domicilio en , Espa\u00f1a y correo electr\u00f3nico . .<\/p>\n\n\n\n<p>Por la presente le comunico que desisto de mi contrato de compraventa del siguiente producto \/s:<\/p>\n\n\n\n<p>Pedido realizado el de de 202 Pedido recibido el de de 202 Nombre del consumidor:<br>Direcci\u00f3n del consumidor:<\/p>\n\n\n\n<p>Fecha: de de 202<br>Firma del consumidor (solo si el presente formulario se presenta en papel)<\/p>\n","protected":false},"excerpt":{"rendered":"<p>Las presentes condiciones generales de contrataci\u00f3n se aplican a todas las transacciones comerciales realizadas en nuestra tienda virtual www.bodegaehd.com, dominio [&hellip;]<\/p>\n","protected":false},"author":1,"featured_media":0,"parent":0,"menu_order":0,"comment_status":"closed","ping_status":"closed","template":"","meta":{"inline_featured_image":false,"site-sidebar-layout":"default","site-content-layout":"","ast-site-content-layout":"default","site-content-style":"default","site-sidebar-style":"default","ast-global-header-display":"","ast-banner-title-visibility":"","ast-main-header-display":"","ast-hfb-above-header-display":"","ast-hfb-below-header-display":"","ast-hfb-mobile-header-display":"","site-post-title":"","ast-breadcrumbs-content":"","ast-featured-img":"","footer-sml-layout":"","ast-disable-related-posts":"","theme-transparent-header-meta":"","adv-header-id-meta":"","stick-header-meta":"","header-above-stick-meta":"","header-main-stick-meta":"","header-below-stick-meta":"","astra-migrate-meta-layouts":"default","ast-page-background-enabled":"default","ast-page-background-meta":{"desktop":{"background-color":"var(--ast-global-color-4)","background-image":"","background-repeat":"repeat","background-position":"center center","background-size":"auto","background-attachment":"scroll","background-type":"","background-media":"","overlay-type":"","overlay-color":"","overlay-opacity":"","overlay-gradient":""},"tablet":{"background-color":"","background-image":"","background-repeat":"repeat","background-position":"center center","background-size":"auto","background-attachment":"scroll","background-type":"","background-media":"","overlay-type":"","overlay-color":"","overlay-opacity":"","overlay-gradient":""},"mobile":{"background-color":"","background-image":"","background-repeat":"repeat","background-position":"center center","background-size":"auto","background-attachment":"scroll","background-type":"","background-media":"","overlay-type":"","overlay-color":"","overlay-opacity":"","overlay-gradient":""}},"ast-content-background-meta":{"desktop":{"background-color":"var(--ast-global-color-5)","background-image":"","background-repeat":"repeat","background-position":"center center","background-size":"auto","background-attachment":"scroll","background-type":"","background-media":"","overlay-type":"","overlay-color":"","overlay-opacity":"","overlay-gradient":""},"tablet":{"background-color":"var(--ast-global-color-5)","background-image":"","background-repeat":"repeat","background-position":"center center","background-size":"auto","background-attachment":"scroll","background-type":"","background-media":"","overlay-type":"","overlay-color":"","overlay-opacity":"","overlay-gradient":""},"mobile":{"background-color":"var(--ast-global-color-5)","background-image":"","background-repeat":"repeat","background-position":"center center","background-size":"auto","background-attachment":"scroll","background-type":"","background-media":"","overlay-type":"","overlay-color":"","overlay-opacity":"","overlay-gradient":""}},"footnotes":""},"class_list":["post-1699","page","type-page","status-publish","hentry"],"yoast_head":"<!-- This site is optimized with the Yoast SEO plugin v27.5 - https:\/\/yoast.com\/product\/yoast-seo-wordpress\/ -->\n<title>T\u00e9rminos y Condiciones Generales de Contrataci\u00f3n - Vinos y subproductos org\u00e1nicos y ecol\u00f3gicos<\/title>\n<meta name=\"robots\" content=\"index, follow, max-snippet:-1, max-image-preview:large, max-video-preview:-1\" \/>\n<link rel=\"canonical\" href=\"https:\/\/bodegaehd.com\/tienda\/politica-de-venta-envios-y-devoluciones\/\" \/>\n<meta property=\"og:locale\" content=\"es_ES\" \/>\n<meta property=\"og:type\" content=\"article\" \/>\n<meta property=\"og:title\" content=\"T\u00e9rminos y Condiciones Generales de Contrataci\u00f3n - Vinos y subproductos org\u00e1nicos y ecol\u00f3gicos\" \/>\n<meta property=\"og:description\" content=\"Las presentes condiciones generales de contrataci\u00f3n se aplican a todas las transacciones comerciales realizadas en nuestra tienda virtual www.bodegaehd.com, dominio [&hellip;]\" \/>\n<meta property=\"og:url\" content=\"https:\/\/bodegaehd.com\/tienda\/politica-de-venta-envios-y-devoluciones\/\" \/>\n<meta property=\"og:site_name\" content=\"Vinos y subproductos org\u00e1nicos y ecol\u00f3gicos\" \/>\n<meta property=\"article:publisher\" content=\"https:\/\/www.facebook.com\/EHDBioOrganic\" \/>\n<meta property=\"article:modified_time\" content=\"2024-11-22T10:09:41+00:00\" \/>\n<meta name=\"twitter:card\" content=\"summary_large_image\" \/>\n<meta name=\"twitter:site\" content=\"@EHDBioOrganic\" \/>\n<script type=\"application\/ld+json\" class=\"yoast-schema-graph\">{\"@context\":\"https:\\\/\\\/schema.org\",\"@graph\":[{\"@type\":\"WebPage\",\"@id\":\"https:\\\/\\\/bodegaehd.com\\\/tienda\\\/politica-de-venta-envios-y-devoluciones\\\/\",\"url\":\"https:\\\/\\\/bodegaehd.com\\\/tienda\\\/politica-de-venta-envios-y-devoluciones\\\/\",\"name\":\"T\u00e9rminos y Condiciones Generales de Contrataci\u00f3n - Vinos y subproductos org\u00e1nicos y ecol\u00f3gicos\",\"isPartOf\":{\"@id\":\"https:\\\/\\\/bodegaehd.com\\\/tienda\\\/#website\"},\"datePublished\":\"2020-04-10T16:57:09+00:00\",\"dateModified\":\"2024-11-22T10:09:41+00:00\",\"breadcrumb\":{\"@id\":\"https:\\\/\\\/bodegaehd.com\\\/tienda\\\/politica-de-venta-envios-y-devoluciones\\\/#breadcrumb\"},\"inLanguage\":\"es\",\"potentialAction\":[{\"@type\":\"ReadAction\",\"target\":[\"https:\\\/\\\/bodegaehd.com\\\/tienda\\\/politica-de-venta-envios-y-devoluciones\\\/\"]}]},{\"@type\":\"BreadcrumbList\",\"@id\":\"https:\\\/\\\/bodegaehd.com\\\/tienda\\\/politica-de-venta-envios-y-devoluciones\\\/#breadcrumb\",\"itemListElement\":[{\"@type\":\"ListItem\",\"position\":1,\"name\":\"Portada\",\"item\":\"https:\\\/\\\/bodegaehd.com\\\/tienda\\\/\"},{\"@type\":\"ListItem\",\"position\":2,\"name\":\"T\u00e9rminos y Condiciones Generales de Contrataci\u00f3n\"}]},{\"@type\":\"WebSite\",\"@id\":\"https:\\\/\\\/bodegaehd.com\\\/tienda\\\/#website\",\"url\":\"https:\\\/\\\/bodegaehd.com\\\/tienda\\\/\",\"name\":\"Vinos y subproductos org\u00e1nicos y ecol\u00f3gicos\",\"description\":\"Agricultura ecol\u00f3gica y sostenible\",\"publisher\":{\"@id\":\"https:\\\/\\\/bodegaehd.com\\\/tienda\\\/#organization\"},\"potentialAction\":[{\"@type\":\"SearchAction\",\"target\":{\"@type\":\"EntryPoint\",\"urlTemplate\":\"https:\\\/\\\/bodegaehd.com\\\/tienda\\\/?s={search_term_string}\"},\"query-input\":{\"@type\":\"PropertyValueSpecification\",\"valueRequired\":true,\"valueName\":\"search_term_string\"}}],\"inLanguage\":\"es\"},{\"@type\":\"Organization\",\"@id\":\"https:\\\/\\\/bodegaehd.com\\\/tienda\\\/#organization\",\"name\":\"Explotaciones Hermanos Delgado SL\",\"url\":\"https:\\\/\\\/bodegaehd.com\\\/tienda\\\/\",\"logo\":{\"@type\":\"ImageObject\",\"inLanguage\":\"es\",\"@id\":\"https:\\\/\\\/bodegaehd.com\\\/tienda\\\/#\\\/schema\\\/logo\\\/image\\\/\",\"url\":\"http:\\\/\\\/bodegaehd.com\\\/tienda\\\/wp-content\\\/uploads\\\/2020\\\/05\\\/EHD-Logo-EHD-color.png\",\"contentUrl\":\"http:\\\/\\\/bodegaehd.com\\\/tienda\\\/wp-content\\\/uploads\\\/2020\\\/05\\\/EHD-Logo-EHD-color.png\",\"width\":715,\"height\":530,\"caption\":\"Explotaciones Hermanos Delgado SL\"},\"image\":{\"@id\":\"https:\\\/\\\/bodegaehd.com\\\/tienda\\\/#\\\/schema\\\/logo\\\/image\\\/\"},\"sameAs\":[\"https:\\\/\\\/www.facebook.com\\\/EHDBioOrganic\",\"https:\\\/\\\/x.com\\\/EHDBioOrganic\"]}]}<\/script>\n<!-- \/ Yoast SEO plugin. -->","yoast_head_json":{"title":"T\u00e9rminos y Condiciones Generales de Contrataci\u00f3n - Vinos y subproductos org\u00e1nicos y ecol\u00f3gicos","robots":{"index":"index","follow":"follow","max-snippet":"max-snippet:-1","max-image-preview":"max-image-preview:large","max-video-preview":"max-video-preview:-1"},"canonical":"https:\/\/bodegaehd.com\/tienda\/politica-de-venta-envios-y-devoluciones\/","og_locale":"es_ES","og_type":"article","og_title":"T\u00e9rminos y Condiciones Generales de Contrataci\u00f3n - Vinos y subproductos org\u00e1nicos y ecol\u00f3gicos","og_description":"Las presentes condiciones generales de contrataci\u00f3n se aplican a todas las transacciones comerciales realizadas en nuestra tienda virtual www.bodegaehd.com, dominio [&hellip;]","og_url":"https:\/\/bodegaehd.com\/tienda\/politica-de-venta-envios-y-devoluciones\/","og_site_name":"Vinos y subproductos org\u00e1nicos y ecol\u00f3gicos","article_publisher":"https:\/\/www.facebook.com\/EHDBioOrganic","article_modified_time":"2024-11-22T10:09:41+00:00","twitter_card":"summary_large_image","twitter_site":"@EHDBioOrganic","schema":{"@context":"https:\/\/schema.org","@graph":[{"@type":"WebPage","@id":"https:\/\/bodegaehd.com\/tienda\/politica-de-venta-envios-y-devoluciones\/","url":"https:\/\/bodegaehd.com\/tienda\/politica-de-venta-envios-y-devoluciones\/","name":"T\u00e9rminos y Condiciones Generales de Contrataci\u00f3n - Vinos y subproductos org\u00e1nicos y ecol\u00f3gicos","isPartOf":{"@id":"https:\/\/bodegaehd.com\/tienda\/#website"},"datePublished":"2020-04-10T16:57:09+00:00","dateModified":"2024-11-22T10:09:41+00:00","breadcrumb":{"@id":"https:\/\/bodegaehd.com\/tienda\/politica-de-venta-envios-y-devoluciones\/#breadcrumb"},"inLanguage":"es","potentialAction":[{"@type":"ReadAction","target":["https:\/\/bodegaehd.com\/tienda\/politica-de-venta-envios-y-devoluciones\/"]}]},{"@type":"BreadcrumbList","@id":"https:\/\/bodegaehd.com\/tienda\/politica-de-venta-envios-y-devoluciones\/#breadcrumb","itemListElement":[{"@type":"ListItem","position":1,"name":"Portada","item":"https:\/\/bodegaehd.com\/tienda\/"},{"@type":"ListItem","position":2,"name":"T\u00e9rminos y Condiciones Generales de Contrataci\u00f3n"}]},{"@type":"WebSite","@id":"https:\/\/bodegaehd.com\/tienda\/#website","url":"https:\/\/bodegaehd.com\/tienda\/","name":"Vinos y subproductos org\u00e1nicos y ecol\u00f3gicos","description":"Agricultura ecol\u00f3gica y sostenible","publisher":{"@id":"https:\/\/bodegaehd.com\/tienda\/#organization"},"potentialAction":[{"@type":"SearchAction","target":{"@type":"EntryPoint","urlTemplate":"https:\/\/bodegaehd.com\/tienda\/?s={search_term_string}"},"query-input":{"@type":"PropertyValueSpecification","valueRequired":true,"valueName":"search_term_string"}}],"inLanguage":"es"},{"@type":"Organization","@id":"https:\/\/bodegaehd.com\/tienda\/#organization","name":"Explotaciones Hermanos Delgado SL","url":"https:\/\/bodegaehd.com\/tienda\/","logo":{"@type":"ImageObject","inLanguage":"es","@id":"https:\/\/bodegaehd.com\/tienda\/#\/schema\/logo\/image\/","url":"http:\/\/bodegaehd.com\/tienda\/wp-content\/uploads\/2020\/05\/EHD-Logo-EHD-color.png","contentUrl":"http:\/\/bodegaehd.com\/tienda\/wp-content\/uploads\/2020\/05\/EHD-Logo-EHD-color.png","width":715,"height":530,"caption":"Explotaciones Hermanos Delgado SL"},"image":{"@id":"https:\/\/bodegaehd.com\/tienda\/#\/schema\/logo\/image\/"},"sameAs":["https:\/\/www.facebook.com\/EHDBioOrganic","https:\/\/x.com\/EHDBioOrganic"]}]}},"_links":{"self":[{"href":"https:\/\/bodegaehd.com\/tienda\/wp-json\/wp\/v2\/pages\/1699","targetHints":{"allow":["GET"]}}],"collection":[{"href":"https:\/\/bodegaehd.com\/tienda\/wp-json\/wp\/v2\/pages"}],"about":[{"href":"https:\/\/bodegaehd.com\/tienda\/wp-json\/wp\/v2\/types\/page"}],"author":[{"embeddable":true,"href":"https:\/\/bodegaehd.com\/tienda\/wp-json\/wp\/v2\/users\/1"}],"replies":[{"embeddable":true,"href":"https:\/\/bodegaehd.com\/tienda\/wp-json\/wp\/v2\/comments?post=1699"}],"version-history":[{"count":9,"href":"https:\/\/bodegaehd.com\/tienda\/wp-json\/wp\/v2\/pages\/1699\/revisions"}],"predecessor-version":[{"id":5649,"href":"https:\/\/bodegaehd.com\/tienda\/wp-json\/wp\/v2\/pages\/1699\/revisions\/5649"}],"wp:attachment":[{"href":"https:\/\/bodegaehd.com\/tienda\/wp-json\/wp\/v2\/media?parent=1699"}],"curies":[{"name":"wp","href":"https:\/\/api.w.org\/{rel}","templated":true}]}}