{"id":1439,"date":"2020-04-06T15:17:07","date_gmt":"2020-04-06T14:17:07","guid":{"rendered":"http:\/\/bodegaehd.com\/tienda\/index.php\/mi-cuenta\/"},"modified":"2024-11-22T11:07:07","modified_gmt":"2024-11-22T10:07:07","slug":"mi-cuenta","status":"publish","type":"page","link":"https:\/\/bodegaehd.com\/tienda\/mi-cuenta\/","title":{"rendered":"Mi cuenta"},"content":{"rendered":"<div class=\"woocommerce\"><\/div>\n","protected":false},"excerpt":{"rendered":"","protected":false},"author":1,"featured_media":0,"parent":0,"menu_order":0,"comment_status":"closed","ping_status":"closed","template":"","meta":{"inline_featured_image":false,"site-sidebar-layout":"default","site-content-layout":"","ast-site-content-layout":"default","site-content-style":"default","site-sidebar-style":"default","ast-global-header-display":"","ast-banner-title-visibility":"","ast-main-header-display":"","ast-hfb-above-header-display":"","ast-hfb-below-header-display":"","ast-hfb-mobile-header-display":"","site-post-title":"","ast-breadcrumbs-content":"","ast-featured-img":"","footer-sml-layout":"","ast-disable-related-posts":"","theme-transparent-header-meta":"","adv-header-id-meta":"","stick-header-meta":"","header-above-stick-meta":"","header-main-stick-meta":"","header-below-stick-meta":"","astra-migrate-meta-layouts":"default","ast-page-background-enabled":"default","ast-page-background-meta":{"desktop":{"background-color":"var(--ast-global-color-4)","background-image":"","background-repeat":"repeat","background-position":"center center","background-size":"auto","background-attachment":"scroll","background-type":"","background-media":"","overlay-type":"","overlay-color":"","overlay-opacity":"","overlay-gradient":""},"tablet":{"background-color":"","background-image":"","background-repeat":"repeat","background-position":"center center","background-size":"auto","background-attachment":"scroll","background-type":"","background-media":"","overlay-type":"","overlay-color":"","overlay-opacity":"","overlay-gradient":""},"mobile":{"background-color":"","background-image":"","background-repeat":"repeat","background-position":"center center","background-size":"auto","background-attachment":"scroll","background-type":"","background-media":"","overlay-type":"","overlay-color":"","overlay-opacity":"","overlay-gradient":""}},"ast-content-background-meta":{"desktop":{"background-color":"var(--ast-global-color-5)","background-image":"","background-repeat":"repeat","background-position":"center center","background-size":"auto","background-attachment":"scroll","background-type":"","background-media":"","overlay-type":"","overlay-color":"","overlay-opacity":"","overlay-gradient":""},"tablet":{"background-color":"var(--ast-global-color-5)","background-image":"","background-repeat":"repeat","background-position":"center center","background-size":"auto","background-attachment":"scroll","background-type":"","background-media":"","overlay-type":"","overlay-color":"","overlay-opacity":"","overlay-gradient":""},"mobile":{"background-color":"var(--ast-global-color-5)","background-image":"","background-repeat":"repeat","background-position":"center center","background-size":"auto","background-attachment":"scroll","background-type":"","background-media":"","overlay-type":"","overlay-color":"","overlay-opacity":"","overlay-gradient":""}},"footnotes":""},"class_list":["post-1439","page","type-page","status-publish","hentry"],"yoast_head":"<!-- This site is optimized with the Yoast SEO plugin v27.5 - https:\/\/yoast.com\/product\/yoast-seo-wordpress\/ -->\n<title>Mi cuenta - Vinos y subproductos org\u00e1nicos y ecol\u00f3gicos<\/title>\n<meta name=\"robots\" content=\"index, follow, max-snippet:-1, max-image-preview:large, max-video-preview:-1\" \/>\n<link rel=\"canonical\" href=\"https:\/\/bodegaehd.com\/tienda\/mi-cuenta\/\" \/>\n<meta property=\"og:locale\" content=\"es_ES\" \/>\n<meta property=\"og:type\" content=\"article\" \/>\n<meta property=\"og:title\" content=\"Mi cuenta - Vinos y subproductos org\u00e1nicos y ecol\u00f3gicos\" \/>\n<meta property=\"og:url\" content=\"https:\/\/bodegaehd.com\/tienda\/mi-cuenta\/\" \/>\n<meta property=\"og:site_name\" content=\"Vinos y subproductos org\u00e1nicos y ecol\u00f3gicos\" \/>\n<meta property=\"article:publisher\" content=\"https:\/\/www.facebook.com\/EHDBioOrganic\" \/>\n<meta property=\"article:modified_time\" content=\"2024-11-22T10:07:07+00:00\" \/>\n<meta name=\"twitter:card\" content=\"summary_large_image\" \/>\n<meta name=\"twitter:site\" content=\"@EHDBioOrganic\" \/>\n<meta name=\"twitter:label1\" content=\"Tiempo de lectura\" \/>\n\t<meta name=\"twitter:data1\" content=\"1 minuto\" \/>\n<script type=\"application\/ld+json\" class=\"yoast-schema-graph\">{\"@context\":\"https:\\\/\\\/schema.org\",\"@graph\":[{\"@type\":\"WebPage\",\"@id\":\"https:\\\/\\\/bodegaehd.com\\\/tienda\\\/mi-cuenta\\\/\",\"url\":\"https:\\\/\\\/bodegaehd.com\\\/tienda\\\/mi-cuenta\\\/\",\"name\":\"Mi cuenta - Vinos y subproductos org\u00e1nicos y ecol\u00f3gicos\",\"isPartOf\":{\"@id\":\"https:\\\/\\\/bodegaehd.com\\\/tienda\\\/#website\"},\"datePublished\":\"2020-04-06T14:17:07+00:00\",\"dateModified\":\"2024-11-22T10:07:07+00:00\",\"breadcrumb\":{\"@id\":\"https:\\\/\\\/bodegaehd.com\\\/tienda\\\/mi-cuenta\\\/#breadcrumb\"},\"inLanguage\":\"es\",\"potentialAction\":[{\"@type\":\"ReadAction\",\"target\":[\"https:\\\/\\\/bodegaehd.com\\\/tienda\\\/mi-cuenta\\\/\"]}]},{\"@type\":\"BreadcrumbList\",\"@id\":\"https:\\\/\\\/bodegaehd.com\\\/tienda\\\/mi-cuenta\\\/#breadcrumb\",\"itemListElement\":[{\"@type\":\"ListItem\",\"position\":1,\"name\":\"Portada\",\"item\":\"https:\\\/\\\/bodegaehd.com\\\/tienda\\\/\"},{\"@type\":\"ListItem\",\"position\":2,\"name\":\"Mi cuenta\"}]},{\"@type\":\"WebSite\",\"@id\":\"https:\\\/\\\/bodegaehd.com\\\/tienda\\\/#website\",\"url\":\"https:\\\/\\\/bodegaehd.com\\\/tienda\\\/\",\"name\":\"Vinos y subproductos org\u00e1nicos y ecol\u00f3gicos\",\"description\":\"Agricultura ecol\u00f3gica y sostenible\",\"publisher\":{\"@id\":\"https:\\\/\\\/bodegaehd.com\\\/tienda\\\/#organization\"},\"potentialAction\":[{\"@type\":\"SearchAction\",\"target\":{\"@type\":\"EntryPoint\",\"urlTemplate\":\"https:\\\/\\\/bodegaehd.com\\\/tienda\\\/?s={search_term_string}\"},\"query-input\":{\"@type\":\"PropertyValueSpecification\",\"valueRequired\":true,\"valueName\":\"search_term_string\"}}],\"inLanguage\":\"es\"},{\"@type\":\"Organization\",\"@id\":\"https:\\\/\\\/bodegaehd.com\\\/tienda\\\/#organization\",\"name\":\"Explotaciones Hermanos Delgado SL\",\"url\":\"https:\\\/\\\/bodegaehd.com\\\/tienda\\\/\",\"logo\":{\"@type\":\"ImageObject\",\"inLanguage\":\"es\",\"@id\":\"https:\\\/\\\/bodegaehd.com\\\/tienda\\\/#\\\/schema\\\/logo\\\/image\\\/\",\"url\":\"http:\\\/\\\/bodegaehd.com\\\/tienda\\\/wp-content\\\/uploads\\\/2020\\\/05\\\/EHD-Logo-EHD-color.png\",\"contentUrl\":\"http:\\\/\\\/bodegaehd.com\\\/tienda\\\/wp-content\\\/uploads\\\/2020\\\/05\\\/EHD-Logo-EHD-color.png\",\"width\":715,\"height\":530,\"caption\":\"Explotaciones Hermanos Delgado SL\"},\"image\":{\"@id\":\"https:\\\/\\\/bodegaehd.com\\\/tienda\\\/#\\\/schema\\\/logo\\\/image\\\/\"},\"sameAs\":[\"https:\\\/\\\/www.facebook.com\\\/EHDBioOrganic\",\"https:\\\/\\\/x.com\\\/EHDBioOrganic\"]}]}<\/script>\n<!-- \/ Yoast SEO plugin. -->","yoast_head_json":{"title":"Mi cuenta - Vinos y subproductos org\u00e1nicos y ecol\u00f3gicos","robots":{"index":"index","follow":"follow","max-snippet":"max-snippet:-1","max-image-preview":"max-image-preview:large","max-video-preview":"max-video-preview:-1"},"canonical":"https:\/\/bodegaehd.com\/tienda\/mi-cuenta\/","og_locale":"es_ES","og_type":"article","og_title":"Mi cuenta - Vinos y subproductos org\u00e1nicos y ecol\u00f3gicos","og_url":"https:\/\/bodegaehd.com\/tienda\/mi-cuenta\/","og_site_name":"Vinos y subproductos org\u00e1nicos y ecol\u00f3gicos","article_publisher":"https:\/\/www.facebook.com\/EHDBioOrganic","article_modified_time":"2024-11-22T10:07:07+00:00","twitter_card":"summary_large_image","twitter_site":"@EHDBioOrganic","twitter_misc":{"Tiempo de lectura":"1 minuto"},"schema":{"@context":"https:\/\/schema.org","@graph":[{"@type":"WebPage","@id":"https:\/\/bodegaehd.com\/tienda\/mi-cuenta\/","url":"https:\/\/bodegaehd.com\/tienda\/mi-cuenta\/","name":"Mi cuenta - Vinos y subproductos org\u00e1nicos y ecol\u00f3gicos","isPartOf":{"@id":"https:\/\/bodegaehd.com\/tienda\/#website"},"datePublished":"2020-04-06T14:17:07+00:00","dateModified":"2024-11-22T10:07:07+00:00","breadcrumb":{"@id":"https:\/\/bodegaehd.com\/tienda\/mi-cuenta\/#breadcrumb"},"inLanguage":"es","potentialAction":[{"@type":"ReadAction","target":["https:\/\/bodegaehd.com\/tienda\/mi-cuenta\/"]}]},{"@type":"BreadcrumbList","@id":"https:\/\/bodegaehd.com\/tienda\/mi-cuenta\/#breadcrumb","itemListElement":[{"@type":"ListItem","position":1,"name":"Portada","item":"https:\/\/bodegaehd.com\/tienda\/"},{"@type":"ListItem","position":2,"name":"Mi cuenta"}]},{"@type":"WebSite","@id":"https:\/\/bodegaehd.com\/tienda\/#website","url":"https:\/\/bodegaehd.com\/tienda\/","name":"Vinos y subproductos org\u00e1nicos y ecol\u00f3gicos","description":"Agricultura ecol\u00f3gica y sostenible","publisher":{"@id":"https:\/\/bodegaehd.com\/tienda\/#organization"},"potentialAction":[{"@type":"SearchAction","target":{"@type":"EntryPoint","urlTemplate":"https:\/\/bodegaehd.com\/tienda\/?s={search_term_string}"},"query-input":{"@type":"PropertyValueSpecification","valueRequired":true,"valueName":"search_term_string"}}],"inLanguage":"es"},{"@type":"Organization","@id":"https:\/\/bodegaehd.com\/tienda\/#organization","name":"Explotaciones Hermanos Delgado SL","url":"https:\/\/bodegaehd.com\/tienda\/","logo":{"@type":"ImageObject","inLanguage":"es","@id":"https:\/\/bodegaehd.com\/tienda\/#\/schema\/logo\/image\/","url":"http:\/\/bodegaehd.com\/tienda\/wp-content\/uploads\/2020\/05\/EHD-Logo-EHD-color.png","contentUrl":"http:\/\/bodegaehd.com\/tienda\/wp-content\/uploads\/2020\/05\/EHD-Logo-EHD-color.png","width":715,"height":530,"caption":"Explotaciones Hermanos Delgado SL"},"image":{"@id":"https:\/\/bodegaehd.com\/tienda\/#\/schema\/logo\/image\/"},"sameAs":["https:\/\/www.facebook.com\/EHDBioOrganic","https:\/\/x.com\/EHDBioOrganic"]}]}},"_links":{"self":[{"href":"https:\/\/bodegaehd.com\/tienda\/wp-json\/wp\/v2\/pages\/1439","targetHints":{"allow":["GET"]}}],"collection":[{"href":"https:\/\/bodegaehd.com\/tienda\/wp-json\/wp\/v2\/pages"}],"about":[{"href":"https:\/\/bodegaehd.com\/tienda\/wp-json\/wp\/v2\/types\/page"}],"author":[{"embeddable":true,"href":"https:\/\/bodegaehd.com\/tienda\/wp-json\/wp\/v2\/users\/1"}],"replies":[{"embeddable":true,"href":"https:\/\/bodegaehd.com\/tienda\/wp-json\/wp\/v2\/comments?post=1439"}],"version-history":[{"count":2,"href":"https:\/\/bodegaehd.com\/tienda\/wp-json\/wp\/v2\/pages\/1439\/revisions"}],"predecessor-version":[{"id":5647,"href":"https:\/\/bodegaehd.com\/tienda\/wp-json\/wp\/v2\/pages\/1439\/revisions\/5647"}],"wp:attachment":[{"href":"https:\/\/bodegaehd.com\/tienda\/wp-json\/wp\/v2\/media?parent=1439"}],"curies":[{"name":"wp","href":"https:\/\/api.w.org\/{rel}","templated":true}]}}